{"id":639,"date":"2023-02-16T11:22:38","date_gmt":"2023-02-16T10:22:38","guid":{"rendered":"https:\/\/pistas365.com\/?page_id=639"},"modified":"2023-03-01T11:53:48","modified_gmt":"2023-03-01T10:53:48","slug":"torneo-americano","status":"publish","type":"page","link":"https:\/\/pistas365.com\/es\/padel\/information\/rules\/americano-tournament\/","title":{"rendered":"Torneo de Padel Americano"},"content":{"rendered":"<p><strong>El Padel Americano es una de las formas m\u00e1s f\u00e1ciles y apreciadas de organizar un torneo de padel. Es divertido, justo, social y apto para todos los niveles y edades.<\/strong><\/p>\n<h2>Reglas del p\u00e1del americano<\/h2>\n<p>Las reglas de un torneo de p\u00e1del americano son bastante sencillas:<\/p>\n<ol>\n<li>En el Americano se compite individualmente, pero se juega por parejas.<\/li>\n<li>Los equipos cambian cada partido y el torneo suele terminar cuando todos han jugado contra todos.<\/li>\n<li>Cada partido se juega por un n\u00famero determinado de puntos. Normalmente 16, 24 o 32.<\/li>\n<li>Cada equipo efect\u00faa 2-4 saques y, a continuaci\u00f3n, se pasa el saque al adversario.<\/li>\n<li>Cada bola ganada vale un punto. Una vez que se han jugado todas las bolas, se introduce la puntuaci\u00f3n y se transfiere a cada jugador.<\/li>\n<li>Si un partido termina 10-14 Los jugadores 1 y 2 reciben 10 puntos cada uno. Los jugadores 3 y 4 obtienen 14 puntos cada uno.<\/li>\n<li>Cuando se hayan jugado todos los partidos, el jugador que haya acumulado m\u00e1s puntos ganar\u00e1 el torneo.<\/li>\n<\/ol>\n<h3>Pareja americano<\/h3>\n<p>El americano tambi\u00e9n puede jugarse por parejas. Funciona exactamente igual que el americano individual, pero en lugar de jugar individualmente, se compite en parejas preestablecidos.<\/p>\n<h2>Organizaci\u00f3n b\u00e1sica de un torneo de americano<\/h2>\n<p>Para jugar un torneo de p\u00e1del americano se necesitan al menos 4 participantes o parejas. No hay un l\u00edmite m\u00e1ximo de participantes. Sin embargo, siempre es mejor que sea un n\u00famero divisible por cuatro.<\/p>\n<ul>\n<li>El n\u00famero de pistas de p\u00e1del necesarias depende del n\u00famero de participantes.<\/li>\n<li>Lo mejor es que el n\u00famero de pistas coincida con el n\u00famero de jugadores. 4 jugadores = 1 pista, 8 jugadores = 2 pistas y as\u00ed sucesivamente.<\/li>\n<li>Est\u00e1 bien mezclar <a href=\"https:\/\/pistas365.com\/es\/padel\/informacion\/niveles\/\">niveles<\/a> pero si las diferencias son demasiado grandes, puede considerar dividir su Americano en grupos separados o elegir el <a href=\"https:\/\/pistas365.com\/es\/padel\/informacion\/normas\/torneo-mexicano\/\">P\u00e1del mexicano<\/a> torneo en su lugar.<\/li>\n<li>El tiempo normal de juego de un americano es de unas 2 horas. Un partido de 24 puntos se juega en unos 10 minutos.<\/li>\n<li>Antes de empezar, prepare una plantilla en la que pueda introducir las puntuaciones y los resultados.<\/li>\n<\/ul>","protected":false},"excerpt":{"rendered":"<p>Padel Americano is one of the easiest and most appreciated ways to organize a padel tournament. It is fun, fair, social and suitable for all levels and ages. Rules of padel americano The rules of an americano padel tournament are quite simple: In Americano you compete individually but play in pairs. The teams change every [&hellip;]<\/p>\n","protected":false},"author":1,"featured_media":646,"parent":637,"menu_order":0,"comment_status":"closed","ping_status":"closed","template":"","meta":{"_acf_changed":false,"footnotes":""},"tags":[],"acf":[],"_links":{"self":[{"href":"https:\/\/pistas365.com\/es\/wp-json\/wp\/v2\/pages\/639"}],"collection":[{"href":"https:\/\/pistas365.com\/es\/wp-json\/wp\/v2\/pages"}],"about":[{"href":"https:\/\/pistas365.com\/es\/wp-json\/wp\/v2\/types\/page"}],"author":[{"embeddable":true,"href":"https:\/\/pistas365.com\/es\/wp-json\/wp\/v2\/users\/1"}],"replies":[{"embeddable":true,"href":"https:\/\/pistas365.com\/es\/wp-json\/wp\/v2\/comments?post=639"}],"version-history":[{"count":14,"href":"https:\/\/pistas365.com\/es\/wp-json\/wp\/v2\/pages\/639\/revisions"}],"predecessor-version":[{"id":747,"href":"https:\/\/pistas365.com\/es\/wp-json\/wp\/v2\/pages\/639\/revisions\/747"}],"up":[{"embeddable":true,"href":"https:\/\/pistas365.com\/es\/wp-json\/wp\/v2\/pages\/637"}],"wp:featuredmedia":[{"embeddable":true,"href":"https:\/\/pistas365.com\/es\/wp-json\/wp\/v2\/media\/646"}],"wp:attachment":[{"href":"https:\/\/pistas365.com\/es\/wp-json\/wp\/v2\/media?parent=639"}],"wp:term":[{"taxonomy":"post_tag","embeddable":true,"href":"https:\/\/pistas365.com\/es\/wp-json\/wp\/v2\/tags?post=639"}],"curies":[{"name":"wp","href":"https:\/\/api.w.org\/{rel}","templated":true}]}}