{"id":637,"date":"2023-02-16T11:08:54","date_gmt":"2023-02-16T10:08:54","guid":{"rendered":"https:\/\/pistas365.com\/?page_id=637"},"modified":"2025-02-25T09:53:11","modified_gmt":"2025-02-25T08:53:11","slug":"normas","status":"publish","type":"page","link":"https:\/\/pistas365.com\/es\/padel\/information\/rules\/","title":{"rendered":"Reglas y torneos de p\u00e1del"},"content":{"rendered":"<p>Las reglas del p\u00e1del son similares a las del tenis, pero se juega en una pista m\u00e1s peque\u00f1a rodeada de paredes. Se puede jugar en formato individual o dobles.<\/p>\n<h2>Reglas del p\u00e1del<\/h2>\n<h3>Sistema de puntuaci\u00f3n en el p\u00e1del<\/h3>\n<p>El p\u00e1del se juega normalmente a 3 sets, cada uno de los cuales consta de seis juegos. El ganador de un set es el primer equipo que llega a seis juegos, con una ventaja de dos juegos. Si el marcador llega a 6-6, se juega un desempate para determinar el ganador. El primer equipo que gane siete puntos gana el desempate.<\/p>\n<p>Se anotan puntos cuando el equipo contrario no devuelve la pelota, la golpea fuera de los l\u00edmites o la golpea contra la red. La puntuaci\u00f3n se cuenta normalmente como en el tenis (15, 30, 40, juego).<\/p>\n<h3>Reglas para el saque<\/h3>\n<p>El saque en p\u00e1del debe ejecutarse por debajo del hombro, y la pelota debe botar una vez antes de ser golpeada por el servidor.<\/p>\n<p>El saque debe efectuarse desde detr\u00e1s de la l\u00ednea de fondo y debe caer en el cuadro de servicio diagonalmente opuesto. El servidor tambi\u00e9n debe situarse fuera del cuadro de servicio, con al menos un pie por detr\u00e1s de la l\u00ednea de fondo.<\/p>\n<p>El saque se considera falta si golpea la red o cae fuera de los l\u00edmites de la pista o si rebota en la valla. Si rebota en el cristal, es legal. Si la pelota golpea la red durante un saque, se considera un let, y el servidor tiene otra oportunidad de servir sin penalizaci\u00f3n.<\/p>\n<h3>El bal\u00f3n s\u00f3lo puede botar una vez en el suelo<\/h3>\n<p>Tras el saque, el bal\u00f3n debe botar una vez en el suelo antes de que pueda ser devuelto por el equipo contrario. Una vez devuelto el bal\u00f3n, ambos equipos pueden jugar el bal\u00f3n fuera del rebote o fuera de las paredes. Sin embargo, la pelota siempre debe botar una vez en el suelo antes de que pueda ser golpeada de nuevo.<\/p>\n<h3>Reglas para utilizar las paredes en el p\u00e1del<\/h3>\n<p>Las paredes de una pista de p\u00e1del constan de dos partes. Cristal y metal. Las paredes de cristal que rodean la pista de p\u00e1del se consideran dentro de los l\u00edmites, y la pelota se puede jugar fuera de las paredes durante un peloteo.<\/p>\n<p>La valla met\u00e1lica es diferente de la de cristal. Las pelotas entrantes pueden jugarse despu\u00e9s de rebotar en la valla, pero \u00e9sta no puede utilizarse para devolver pelotas.<\/p>\n<p>Un jugador puede golpear la pelota contra las paredes de cristal en cualquier direcci\u00f3n, incluso por encima de la red.<\/p>\n<h3>Fallos<\/h3>\n<p>Se comete una falta cuando un jugador no devuelve el bal\u00f3n, golpea el bal\u00f3n fuera de los l\u00edmites, golpea el bal\u00f3n en la red o comete una falta con el pie. Se conceder\u00e1 un punto al equipo contrario cuando se cometa una falta.<\/p>\n<h3>Sea<\/h3>\n<p>Se anula el saque cuando se produce una interferencia en el juego, como una pelota que entra en la pista desde otra pista, o cuando un jugador no est\u00e1 preparado para recibir el saque. En estos casos, el punto se repite sin penalizaci\u00f3n.<\/p>\n<p>En general, el p\u00e1del es un deporte r\u00e1pido y emocionante del que pueden disfrutar jugadores de todos los niveles. Entender las reglas del juego es esencial para jugar y disfrutar del p\u00e1del.<\/p>","protected":false},"excerpt":{"rendered":"<p>The rules of padel is similar to tennis but padel is played on a smaller court surrounded by walls. The game can be played in singles or doubles format. Padel rules Scoring system in padel Padel tennis is typically played in 3 sets, with each set consisting of six games. The winner of a set [&hellip;]<\/p>\n","protected":false},"author":1,"featured_media":680,"parent":591,"menu_order":0,"comment_status":"closed","ping_status":"closed","template":"page-start3.php","meta":{"_acf_changed":false,"footnotes":""},"tags":[],"acf":[],"_links":{"self":[{"href":"https:\/\/pistas365.com\/es\/wp-json\/wp\/v2\/pages\/637"}],"collection":[{"href":"https:\/\/pistas365.com\/es\/wp-json\/wp\/v2\/pages"}],"about":[{"href":"https:\/\/pistas365.com\/es\/wp-json\/wp\/v2\/types\/page"}],"author":[{"embeddable":true,"href":"https:\/\/pistas365.com\/es\/wp-json\/wp\/v2\/users\/1"}],"replies":[{"embeddable":true,"href":"https:\/\/pistas365.com\/es\/wp-json\/wp\/v2\/comments?post=637"}],"version-history":[{"count":3,"href":"https:\/\/pistas365.com\/es\/wp-json\/wp\/v2\/pages\/637\/revisions"}],"predecessor-version":[{"id":919,"href":"https:\/\/pistas365.com\/es\/wp-json\/wp\/v2\/pages\/637\/revisions\/919"}],"up":[{"embeddable":true,"href":"https:\/\/pistas365.com\/es\/wp-json\/wp\/v2\/pages\/591"}],"wp:featuredmedia":[{"embeddable":true,"href":"https:\/\/pistas365.com\/es\/wp-json\/wp\/v2\/media\/680"}],"wp:attachment":[{"href":"https:\/\/pistas365.com\/es\/wp-json\/wp\/v2\/media?parent=637"}],"wp:term":[{"taxonomy":"post_tag","embeddable":true,"href":"https:\/\/pistas365.com\/es\/wp-json\/wp\/v2\/tags?post=637"}],"curies":[{"name":"wp","href":"https:\/\/api.w.org\/{rel}","templated":true}]}}