{"id":575,"date":"2022-11-17T12:45:00","date_gmt":"2022-11-17T11:45:00","guid":{"rendered":"https:\/\/pistas365.com\/?page_id=575"},"modified":"2023-03-02T11:03:55","modified_gmt":"2023-03-02T10:03:55","slug":"torrevieja","status":"publish","type":"page","link":"https:\/\/pistas365.com\/es\/padel\/information\/cities\/torrevieja\/","title":{"rendered":"P\u00e1del en Torrevieja"},"content":{"rendered":"<p><strong>\u00bfQuieres jugar al p\u00e1del en Torrevieja y alrededores? \u00a1Entonces has llegado al lugar adecuado!<\/strong><\/p>\n<p>Torrevieja tiene 320 d\u00edas de sol al a\u00f1o y una comunidad de padel muy activa.<\/p>\n<p>En Torrevieja y zonas lim\u00edtrofes Guardamar, Playa Flamenca, La Zenia, Campoamor y Mil Palmeras se encuentran:<\/p>\n<ul>\n<li><strong>7<\/strong> sedes de p\u00e1del<\/li>\n<li><strong>42<\/strong> pistas de p\u00e1del exteriores<\/li>\n<li><strong>9<\/strong> pistas de p\u00e1del cubiertas o techadas<\/li>\n<li><strong>3<\/strong> tiendas con material de p\u00e1del.<\/li>\n<li><strong>15+<\/strong> entrenadores de p\u00e1del.<\/li>\n<li><strong>1<\/strong> escuela de padel para ni\u00f1os<\/li>\n<li><strong>30+<\/strong> actividades de p\u00e1del organizadas por semana.<\/li>\n<\/ul>\n<p>Empecemos por lo que podemos encontrar dentro de los l\u00edmites de la ciudad de Torrevieja. Luego echaremos un vistazo a los alrededores.<\/p>\n<h2>Pistas de p\u00e1del en Torrevieja<\/h2>\n<p><strong>Dentro de los l\u00edmites de la ciudad de Torrevieja hay cuatro sedes de p\u00e1del.<\/strong><\/p>\n<ol>\n<li><a href=\"https:\/\/pistas365.com\/novapadel\/\" target=\"_blank\" rel=\"noopener\">Nova Padel<\/a> - Una de las dos pistas de padel cubiertas de Torrevieja. Nova tiene 3 pistas cubiertas y una al aire libre y aqu\u00ed es donde los padelistas serios locales van a jugar. El ambiente se centra en el juego, el nivel es alto y los partidos intensos.<\/li>\n<li><a href=\"https:\/\/pistas365.com\/losangelespadel\/\" target=\"_blank\" rel=\"noopener\">Los \u00c1ngeles Padel<\/a> - situado dentro de una zona de bar y ocio muy acogedora llamada Bar Los \u00c1ngeles. El ambiente es relajado y jugadores de todos los niveles, edades y nacionalidades se re\u00fanen para disfrutar del p\u00e1del, las bebidas, la m\u00fasica en directo y un chapuz\u00f3n en la piscina.<\/li>\n<li><a href=\"https:\/\/pistas365.com\/padel-in\/\" target=\"_blank\" rel=\"noopener\">Padel-In<\/a> - la segunda pista cubierta de p\u00e1del en Torrevieja. Tiene un ambiente agradable, muchas actividades de p\u00e1del y muchos jugadores de p\u00e1del suecos de todas las edades y niveles.<\/li>\n<li><strong>Marina Internacional Padel<\/strong> - Dos pistas de p\u00e1del al aire libre gestionadas por el Aparthotel Marina Internacional, situado en la zona del Puerto Deportivo Internacional de Torrevieja. Las pistas est\u00e1n en buen estado, pero el objetivo de este lugar no es principalmente el p\u00e1del.<\/li>\n<\/ol>\n<h3>Entrenadores de Padel en Torrevieja<\/h3>\n<p><strong>Casi todas las instalaciones de p\u00e1del de Torrevieja y alrededores colaboran con entrenadores de p\u00e1del que se pueden reservar a trav\u00e9s de la propia instalaci\u00f3n. El precio es de 30-50 \u20ac por sesi\u00f3n de entrenamiento.<\/strong><\/p>\n<p>Aqu\u00ed tienes algunas sugerencias de entrenadores privados de p\u00e1del que puedes reservar en l\u00ednea ahora mismo:<\/p>\n<ul>\n<li><a href=\"https:\/\/pistas365.com\/chelupadelcoach\/\" target=\"_blank\" rel=\"noopener\">Chelu Velasco<\/a> - entrenador de padel espa\u00f1ol que ofrece sus servicios en Los Angeles Padel en el centro de Torrevieja.<\/li>\n<li><a href=\"https:\/\/pistas365.com\/javierricotediaz\/\" target=\"_blank\" rel=\"noopener\">Javier Ricote D\u00edaz<\/a> - entrenador espa\u00f1ol de p\u00e1del en el CDM Orihuela Costa (cerca de Punta Prima).<\/li>\n<\/ul>\n<h3>Tiendas de p\u00e1del en Torrevieja<\/h3>\n<p><strong>En primer lugar no hay ninguna gran tienda de padel en Torrevieja ni en sus alrededores. Para encontrar este tipo de tiendas hay que ir a Alicante o Murcia.<\/strong><\/p>\n<p>Sin embargo, en Torrevieja hay algunas tiendas con material de p\u00e1del:<\/p>\n<ul>\n<li><strong>Dechatlon, Zenia Boulevard<\/strong> - esta es una enorme tienda de deportes situada en el centro comercial Zenia Boulevard a 10 km al sur de Torrevieja. Tiene la mejor oferta de raquetas, grips, pelotas y zapatillas de p\u00e1del de la zona.<\/li>\n<li><strong>Forum Sport, Habaneras<\/strong> - Se trata de una gran tienda de deportes situada en el centro comercial Habaneras de Torrevija. Tiene una buena oferta de material de p\u00e1del y es la mejor opci\u00f3n dentro del t\u00e9rmino municipal de Torrevieja.<\/li>\n<li><strong>Sprinter Torrevieja,<\/strong> - Se trata de una gran tienda de deportes situada cerca del centro comercial Habaneras. Tiene una buena oferta de material de p\u00e1del y es la segunda mejor opci\u00f3n dentro de los l\u00edmites de la ciudad de Torrevieja.<\/li>\n<li><strong>Centros de p\u00e1del con tiendas<\/strong> - algunos de los locales de p\u00e1del de la zona cuentan con peque\u00f1as tiendas de p\u00e1del. Estas son; Nova Padel (raquetas, pelotas, zapatillas) y El Capit\u00e1n (raquetas de p\u00e1del Legend),<\/li>\n<\/ul>\n<h3>Escuela de p\u00e1del en Torrevieja<\/h3>\n<p><strong>No hay ninguna escuela de p\u00e1del para ni\u00f1os en Torrevieja as\u00ed que para encontrar entrenamiento de p\u00e1del para tus hijos tienes dos opciones:<\/strong><\/p>\n<ol>\n<li><a href=\"https:\/\/pistas365.com\/javierricotediaz\/\" target=\"_blank\" rel=\"noopener\">Academia de P\u00e1del de Ricote<\/a> - La \u00fanica escuela de p\u00e1del para ni\u00f1os de la zona. Se encuentra cerca de Punta Prima (a unos 8 km de Torrevieja) y ofrece formaci\u00f3n para ni\u00f1os de 6 a 15 a\u00f1os.<\/li>\n<li><strong>Contratar a un entrenador privado de p\u00e1del<\/strong> - pagas por cada clase. La mayor\u00eda de los entrenadores ofrecen clases en grupo. Forma equipo con otros padres y crea tu propia escuela de p\u00e1del.<\/li>\n<\/ol>\n<h3>Torneos y actividades de p\u00e1del<\/h3>\n<p><strong>Las actividades conjuntas de p\u00e1del, como los torneos Pay and Play, Americano y Winner Court, son muy populares entre la comunidad de expatriados de Torrevieja y sus alrededores. <\/strong><\/p>\n<p>En Torrevieja hay un lugar que organiza actividades de p\u00e1del de forma regular. Se trata de Padel-In. Sin embargo, en la cercana Playa Flamenca, La Zenia, Campoamor y Mil Palmeras hay un mont\u00f3n de opciones que usted puede leer m\u00e1s sobre abajo.<\/p>\n<h2>P\u00e1del en Playa Flamenca<\/h2>\n<h2><\/h2>\n<p>&nbsp;<\/p>\n<p>&nbsp;<\/p>\n<p>&nbsp;<\/p>\n<p>&nbsp;<\/p>\n<p>&nbsp;<\/p>\n<p>&nbsp;<\/p>","protected":false},"excerpt":{"rendered":"<p>So you want to play padel in Torrevieja and surrounding areas? Then you have come to the right place! Torrevieja has 320 days of sunshine per year and a very active padel cummunity. In Torrevieja and neighbouring areas Guardamar, Playa Flamenca, La Zenia, Campoamor and Mil Palmeras you find: 7 padel venues 42 outdoor padel [&hellip;]<\/p>\n","protected":false},"author":1,"featured_media":590,"parent":706,"menu_order":0,"comment_status":"closed","ping_status":"closed","template":"","meta":{"_acf_changed":false,"footnotes":""},"tags":[],"acf":[],"_links":{"self":[{"href":"https:\/\/pistas365.com\/es\/wp-json\/wp\/v2\/pages\/575"}],"collection":[{"href":"https:\/\/pistas365.com\/es\/wp-json\/wp\/v2\/pages"}],"about":[{"href":"https:\/\/pistas365.com\/es\/wp-json\/wp\/v2\/types\/page"}],"author":[{"embeddable":true,"href":"https:\/\/pistas365.com\/es\/wp-json\/wp\/v2\/users\/1"}],"replies":[{"embeddable":true,"href":"https:\/\/pistas365.com\/es\/wp-json\/wp\/v2\/comments?post=575"}],"version-history":[{"count":4,"href":"https:\/\/pistas365.com\/es\/wp-json\/wp\/v2\/pages\/575\/revisions"}],"predecessor-version":[{"id":750,"href":"https:\/\/pistas365.com\/es\/wp-json\/wp\/v2\/pages\/575\/revisions\/750"}],"up":[{"embeddable":true,"href":"https:\/\/pistas365.com\/es\/wp-json\/wp\/v2\/pages\/706"}],"wp:featuredmedia":[{"embeddable":true,"href":"https:\/\/pistas365.com\/es\/wp-json\/wp\/v2\/media\/590"}],"wp:attachment":[{"href":"https:\/\/pistas365.com\/es\/wp-json\/wp\/v2\/media?parent=575"}],"wp:term":[{"taxonomy":"post_tag","embeddable":true,"href":"https:\/\/pistas365.com\/es\/wp-json\/wp\/v2\/tags?post=575"}],"curies":[{"name":"wp","href":"https:\/\/api.w.org\/{rel}","templated":true}]}}