{"id":413,"date":"2022-03-30T11:40:25","date_gmt":"2022-03-30T09:40:25","guid":{"rendered":"https:\/\/pistas365.com\/?page_id=413"},"modified":"2024-02-06T11:58:25","modified_gmt":"2024-02-06T10:58:25","slug":"terminos-condiciones","status":"publish","type":"page","link":"https:\/\/pistas365.com\/es\/terms-conditions\/","title":{"rendered":"T\u00e9rminos y condiciones"},"content":{"rendered":"<p><strong>Nuestros T\u00e9rminos y Condiciones fueron actualizados por \u00faltima vez el 2024-02-06. Por favor, lea atentamente estos t\u00e9rminos y condiciones antes de utilizar Nuestro Servicio.<\/strong><\/p>\n<h2>Interpretaci\u00f3n y definiciones<\/h2>\n<h3>Interpretaci\u00f3n<\/h3>\n<p>Las palabras cuya letra inicial va en may\u00fascula tienen el significado que se define a continuaci\u00f3n. Las siguientes definiciones tendr\u00e1n el mismo significado independientemente de que aparezcan en singular o en plural.<\/p>\n<h3>Definiciones<\/h3>\n<p>A los efectos de las presentes Condiciones Generales:<\/p>\n<ul>\n<li><strong>\"Afiliado\"<\/strong> significa una entidad que controla, es controlada por o est\u00e1 bajo control com\u00fan con una parte, donde \"control\" significa la propiedad de 50% o m\u00e1s de las acciones, participaciones u otros valores con derecho a voto para la elecci\u00f3n de directores u otra autoridad de gesti\u00f3n.<\/li>\n<li><strong>\"Cuenta\"<\/strong> significa una cuenta \u00fanica creada para que Usted pueda acceder a nuestro Servicio o a partes de nuestro Servicio.<\/li>\n<li><strong>\"Empresa\"<\/strong> (referido como \"la Compa\u00f1\u00eda\", \"Nosotros\", \"Nos\" o \"Nuestro\" en este Acuerdo) se refiere a Pistas365.com.<\/li>\n<li><strong>\"Pa\u00eds\"<\/strong> se refiere a Espa\u00f1a.<\/li>\n<li><strong>\"Contenido\"<\/strong> se refiere a contenidos tales como texto, im\u00e1genes u otra informaci\u00f3n que puede ser publicada, cargada, enlazada o puesta a disposici\u00f3n de otra manera por Usted, independientemente de la forma de ese contenido.<\/li>\n<li><strong>\"Dispositivo\"<\/strong> significa cualquier dispositivo que pueda acceder al Servicio, como un ordenador, un tel\u00e9fono m\u00f3vil o una tableta digital.<\/li>\n<li><strong>\"Feedback\"<\/strong> se refiere a los comentarios, innovaciones o sugerencias enviados por Usted en relaci\u00f3n con los atributos, el rendimiento o las caracter\u00edsticas de nuestro Servicio.<\/li>\n<li><strong>\"Servicio\"<\/strong> se refiere al sitio web.<\/li>\n<li><strong>\"T\u00e9rminos y condiciones\"<\/strong> (tambi\u00e9n denominadas \"Condiciones\" o \"Condiciones de Uso\") significan estos T\u00e9rminos y Condiciones que forman el acuerdo completo entre Usted y la Compa\u00f1\u00eda en relaci\u00f3n con el uso del Servicio.<\/li>\n<li><strong>\"Servicio de medios sociales de terceros\"<\/strong> se refiere a cualquier servicio o contenido (incluidos los datos, la informaci\u00f3n, los productos o los servicios) proporcionado por un tercero que pueda mostrarse, incluirse o ponerse a disposici\u00f3n mediante el Servicio.<\/li>\n<li><strong>\"Sitio web\"<\/strong> se refiere a Pistas365.com, accesible desde https:\/\/pistas365.com.<\/li>\n<li><strong>\"T\u00fa\"<\/strong> se refiere a la persona que accede o utiliza el Servicio, o a la empresa, u otra entidad legal en nombre de la cual dicha persona accede o utiliza el Servicio, seg\u00fan corresponda.<\/li>\n<\/ul>\n<h2>Acuse de recibo<\/h2>\n<p>Estos son los T\u00e9rminos y Condiciones que rigen el uso de este Servicio y el acuerdo que opera entre Usted y la Compa\u00f1\u00eda. Estos T\u00e9rminos y Condiciones establecen los derechos y obligaciones de todos los usuarios en relaci\u00f3n con el uso del Servicio.<\/p>\n<p>Su acceso y uso del Servicio est\u00e1 condicionado a su aceptaci\u00f3n y cumplimiento de estos T\u00e9rminos y Condiciones. Estos T\u00e9rminos y Condiciones se aplican a todos los visitantes, usuarios y otras personas que acceden o utilizan el Servicio.<\/p>\n<p>Al acceder o utilizar el Servicio, usted acepta someterse a estos T\u00e9rminos y Condiciones. Si no est\u00e1 de acuerdo con alguna parte de estas Condiciones, no podr\u00e1 acceder al Servicio.<\/p>\n<p>Usted declara que es mayor de 18 a\u00f1os. La Empresa no permite que los menores de 18 a\u00f1os utilicen el Servicio.<\/p>\n<p>Su acceso y uso del Servicio tambi\u00e9n est\u00e1 condicionado a su aceptaci\u00f3n y cumplimiento de la Pol\u00edtica de Privacidad de la Empresa. Nuestra Pol\u00edtica de Privacidad describe nuestras pol\u00edticas y procedimientos sobre la recopilaci\u00f3n, el uso y la divulgaci\u00f3n de su informaci\u00f3n personal cuando utiliza la Aplicaci\u00f3n o el Sitio Web y le informa sobre sus derechos de privacidad y c\u00f3mo le protege la ley. Lea atentamente nuestra Pol\u00edtica de Privacidad antes de utilizar nuestro Servicio.<\/p>\n<h3>Cuentas de usuario<\/h3>\n<p>Cuando usted crea una cuenta con nosotros, debe proporcionarnos informaci\u00f3n precisa, completa y actualizada en todo momento. No hacerlo constituye un incumplimiento de las Condiciones, que puede dar lugar a la cancelaci\u00f3n inmediata de su cuenta en nuestro Servicio.<\/p>\n<p>Usted es responsable de salvaguardar la contrase\u00f1a que utiliza para acceder al Servicio y de cualquier actividad o acci\u00f3n realizada con su contrase\u00f1a, ya sea con nuestro Servicio o con un Servicio de Medios Sociales de Terceros.<\/p>\n<p>Usted se compromete a no revelar su contrase\u00f1a a terceros. Debe notificarnos inmediatamente si tiene conocimiento de cualquier violaci\u00f3n de la seguridad o del uso no autorizado de su cuenta.<\/p>\n<p>Usted no puede utilizar como nombre de usuario el nombre de otra persona o entidad o que no est\u00e9 legalmente disponible para su uso, un nombre o marca comercial que est\u00e9 sujeto a cualquier derecho de otra persona o entidad que no sea Usted sin la debida autorizaci\u00f3n, o un nombre que sea ofensivo, vulgar u obsceno.<\/p>\n<h2>Contenido<\/h2>\n<h3>Su derecho a publicar contenidos<\/h3>\n<p>Nuestro Servicio le permite publicar Contenido. Usted es responsable del Contenido que publique en el Servicio, incluyendo su legalidad, fiabilidad y adecuaci\u00f3n.<\/p>\n<p>Al publicar Contenido en el Servicio, Usted nos otorga el derecho y la licencia para utilizar, modificar, ejecutar p\u00fablicamente, mostrar p\u00fablicamente, reproducir y distribuir dicho Contenido en y a trav\u00e9s del Servicio. Usted conserva todos sus derechos sobre cualquier Contenido que env\u00ede, publique o muestre en o a trav\u00e9s del Servicio y es responsable de proteger esos derechos. Usted acepta que esta licencia incluye el derecho a que nosotros pongamos su contenido a disposici\u00f3n de otros usuarios del Servicio, que tambi\u00e9n podr\u00e1n utilizar su contenido con arreglo a estas condiciones.<\/p>\n<p>Usted declara y garantiza que (i) el Contenido es Suyo (es de su propiedad) o tiene derecho a utilizarlo y concedernos los derechos y la licencia seg\u00fan lo dispuesto en estas Condiciones, y (ii) la publicaci\u00f3n de su Contenido en o a trav\u00e9s del Servicio no viola los derechos de privacidad, los derechos de publicidad, los derechos de autor, los derechos contractuales o cualquier otro derecho de cualquier persona.<\/p>\n<h3>Restricciones de contenido<\/h3>\n<p>La Compa\u00f1\u00eda no es responsable del contenido de los usuarios del Servicio. Usted entiende y acepta expresamente que es el \u00fanico responsable del Contenido y de toda la actividad que se produzca bajo su cuenta, ya sea realizada por Usted o por cualquier tercero que utilice su cuenta.<\/p>\n<p>Usted no puede transmitir ning\u00fan Contenido que sea ilegal, ofensivo, molesto, que tenga la intenci\u00f3n de disgustar, amenazante, calumnioso, difamatorio, obsceno o de cualquier otra manera objetable. Entre los ejemplos de este tipo de contenido censurable se incluyen, entre otros, los siguientes:<\/p>\n<ul>\n<li>Ilegalidad o promoci\u00f3n de actividades il\u00edcitas.<\/li>\n<li>Contenido difamatorio, discriminatorio o mezquino, incluyendo referencias o comentarios sobre religi\u00f3n, raza, orientaci\u00f3n sexual, g\u00e9nero, origen nacional\/\u00e9tnico u otros grupos espec\u00edficos.<\/li>\n<li>Spam, generado por m\u00e1quina o al azar, que constituya publicidad no autorizada o no solicitada, cartas en cadena, cualquier otra forma de solicitud no autorizada, o cualquier forma de loter\u00eda o juego.<\/li>\n<li>Que contenga o instale cualquier tipo de virus, gusanos, programas maliciosos, troyanos u otros contenidos que est\u00e9n dise\u00f1ados o destinados a interrumpir, da\u00f1ar o limitar el funcionamiento de cualquier software, hardware o equipo de telecomunicaciones o a da\u00f1ar u obtener acceso no autorizado a cualquier dato u otra informaci\u00f3n de una tercera persona.<\/li>\n<li>Infringir cualquier derecho de propiedad de cualquier parte, incluyendo patentes, marcas, secretos comerciales, derechos de autor, derecho de publicidad u otros derechos.<\/li>\n<li>Suplantar la identidad de cualquier persona o entidad, incluida la Empresa y sus empleados o representantes.<\/li>\n<li>Violaci\u00f3n de la intimidad de un tercero.<\/li>\n<li>Informaci\u00f3n y caracter\u00edsticas falsas.<\/li>\n<\/ul>\n<p>La Empresa se reserva el derecho, pero no la obligaci\u00f3n, de, a su sola discreci\u00f3n, determinar si cualquier Contenido es apropiado y cumple con estos T\u00e9rminos, rechazar o eliminar este Contenido. La Empresa se reserva adem\u00e1s el derecho a realizar cambios de formato y edici\u00f3n y a modificar la forma de cualquier Contenido. La Compa\u00f1\u00eda tambi\u00e9n puede limitar o revocar el uso del Servicio si Usted publica dicho Contenido objetable.<\/p>\n<p>Dado que la Empresa no puede controlar todo el contenido publicado por los usuarios y\/o terceros en el Servicio, usted acepta utilizar el Servicio bajo su propia responsabilidad. Usted entiende que al utilizar el Servicio puede estar expuesto a contenido que puede encontrar ofensivo, indecente, incorrecto o censurable, y acepta que bajo ninguna circunstancia la Compa\u00f1\u00eda ser\u00e1 responsable de ninguna manera por cualquier contenido, incluyendo cualquier error u omisi\u00f3n en cualquier contenido, o cualquier p\u00e9rdida o da\u00f1o de cualquier tipo incurrido como resultado de su uso de cualquier contenido.<\/p>\n<h3>Copias de seguridad de contenidos<\/h3>\n<p>Aunque se realizan copias de seguridad peri\u00f3dicas de los Contenidos, la Empresa no garantiza que no se produzca ninguna p\u00e9rdida o corrupci\u00f3n de datos.<\/p>\n<p>Los puntos de copia de seguridad corruptos o inv\u00e1lidos pueden ser causados, sin limitaci\u00f3n, por Contenido que se corrompe antes de ser respaldado o que cambia durante el tiempo que se realiza una copia de seguridad.<\/p>\n<p>La Empresa proporcionar\u00e1 apoyo e intentar\u00e1 solucionar cualquier problema conocido o descubierto que pueda afectar a las copias de seguridad de los Contenidos. Sin embargo, Usted reconoce que la Empresa no tiene ninguna responsabilidad relacionada con la integridad del Contenido o con la imposibilidad de restaurar con \u00e9xito el Contenido a un estado utilizable.<\/p>\n<p>Usted se compromete a mantener una copia completa y exacta de cualquier Contenido en una ubicaci\u00f3n independiente del Servicio.<\/p>\n<h2>Pol\u00edtica de derechos de autor<\/h2>\n<p>Infracci\u00f3n de la propiedad intelectual<\/p>\n<p>Respetamos los derechos de propiedad intelectual de otros. Nuestra pol\u00edtica es responder a cualquier reclamaci\u00f3n de que el Contenido publicado en el Servicio infringe un derecho de autor u otra infracci\u00f3n de la propiedad intelectual de cualquier persona.<\/p>\n<p>Si usted es un propietario de derechos de autor, o est\u00e1 autorizado en nombre de uno, y cree que el trabajo protegido por derechos de autor ha sido copiado de una manera que constituye una infracci\u00f3n de los derechos de autor que tiene lugar a trav\u00e9s del Servicio, debe enviar su notificaci\u00f3n por escrito a la atenci\u00f3n de nuestro agente de derechos de autor a trav\u00e9s del correo electr\u00f3nico (info@pistas365.com) e incluir en su notificaci\u00f3n una descripci\u00f3n detallada de la supuesta infracci\u00f3n.<\/p>\n<p>Usted puede ser considerado responsable de los da\u00f1os y perjuicios (incluidos los costes y los honorarios de los abogados) por haber declarado err\u00f3neamente que cualquier Contenido infringe sus derechos de autor.<\/p>\n<p>Aviso de la DMCA y procedimiento de la DMCA para las reclamaciones por infracci\u00f3n de derechos de autor<\/p>\n<p>Puede presentar una notificaci\u00f3n de conformidad con la Ley de Derechos de Autor del Milenio Digital (DMCA) proporcionando a nuestro Agente de Derechos de Autor la siguiente informaci\u00f3n por escrito (v\u00e9ase 17 U.S.C 512(c)(3) para m\u00e1s detalles):<\/p>\n<ul>\n<li>Una firma electr\u00f3nica o f\u00edsica de la persona autorizada a actuar en nombre del titular de los derechos de autor.<\/li>\n<li>Una descripci\u00f3n del trabajo protegido por derechos de autor que Usted afirma que ha sido infringido, incluyendo la URL (es decir, la direcci\u00f3n de la p\u00e1gina web) del lugar donde existe el trabajo protegido por derechos de autor o una copia del mismo.<\/li>\n<li>Identificaci\u00f3n de la URL u otra ubicaci\u00f3n espec\u00edfica en el Servicio donde se encuentra el material que usted afirma que est\u00e1 infringiendo.<\/li>\n<li>Su direcci\u00f3n, n\u00famero de tel\u00e9fono y direcci\u00f3n de correo electr\u00f3nico.<\/li>\n<li>Una declaraci\u00f3n en la que se afirme que se cree de buena fe que el uso controvertido no est\u00e1 autorizado por el propietario de los derechos de autor, su agente o la ley.<\/li>\n<li>Una declaraci\u00f3n suya, hecha bajo pena de perjurio, de que la informaci\u00f3n anterior en su notificaci\u00f3n es exacta y de que usted es el propietario de los derechos de autor o est\u00e1 autorizado a actuar en su nombre.<\/li>\n<\/ul>\n<p>Puede ponerse en contacto con nuestro agente de derechos de autor a trav\u00e9s del correo electr\u00f3nico (info@pistas365.com). Una vez recibida la notificaci\u00f3n, la empresa tomar\u00e1 las medidas que considere oportunas a su entera discreci\u00f3n, incluida la eliminaci\u00f3n del contenido impugnado del Servicio.<\/p>\n<h3>Propiedad Intelectual<\/h3>\n<p>El Servicio y su contenido original (excluyendo el Contenido proporcionado por Usted u otros usuarios), las caracter\u00edsticas y la funcionalidad son y seguir\u00e1n siendo propiedad exclusiva de la Compa\u00f1\u00eda y sus licenciantes.<\/p>\n<p>El Servicio est\u00e1 protegido por los derechos de autor, la marca registrada y otras leyes del pa\u00eds y de otros pa\u00edses.<\/p>\n<p>Nuestras marcas comerciales e imagen de marca no pueden utilizarse en relaci\u00f3n con ning\u00fan producto o servicio sin el consentimiento previo por escrito de la empresa.<\/p>\n<h3>Su opini\u00f3n sobre nosotros<\/h3>\n<p>Usted cede todos los derechos, t\u00edtulos e intereses de los Comentarios que proporcione a la Empresa. Si, por cualquier motivo, dicha cesi\u00f3n no es efectiva, usted acepta conceder a la Empresa un derecho y una licencia no exclusivos, perpetuos, irrevocables y libres de regal\u00edas en todo el mundo para utilizar, reproducir, divulgar, sublicenciar, distribuir, modificar y explotar dichos Comentarios sin restricciones.<\/p>\n<h3>Enlaces a otros sitios web<\/h3>\n<p>Nuestro Servicio puede contener enlaces a sitios web o servicios de terceros que no son propiedad ni est\u00e1n controlados por la Compa\u00f1\u00eda.<\/p>\n<p>La Empresa no tiene control alguno sobre el contenido, las pol\u00edticas de privacidad o las pr\u00e1cticas de los sitios web o servicios de terceros, y no asume ninguna responsabilidad al respecto. Adem\u00e1s, usted reconoce y acepta que la Compa\u00f1\u00eda no ser\u00e1 responsable, directa o indirectamente, de ning\u00fan da\u00f1o o p\u00e9rdida causada o supuestamente causada por o en conexi\u00f3n con el uso o la confianza en cualquier contenido, bienes o servicios disponibles en o a trav\u00e9s de cualquiera de dichos sitios web o servicios.<\/p>\n<p>Le aconsejamos encarecidamente que lea los t\u00e9rminos y condiciones y las pol\u00edticas de privacidad de los sitios web o servicios de terceros que visite.<\/p>\n<h3>Terminaci\u00f3n<\/h3>\n<p>Podemos cancelar o suspender su cuenta inmediatamente, sin previo aviso ni responsabilidad, por cualquier motivo, incluyendo, sin limitaci\u00f3n, si usted incumple estos T\u00e9rminos y Condiciones.<\/p>\n<p>En el momento de la rescisi\u00f3n, su derecho a utilizar el Servicio cesar\u00e1 inmediatamente. Si desea cancelar su cuenta, puede simplemente dejar de utilizar el Servicio.<\/p>\n<h3>Limitaci\u00f3n de la responsabilidad<\/h3>\n<p>Sin perjuicio de los da\u00f1os y perjuicios en los que Usted pueda incurrir, la responsabilidad total de la Empresa y de cualquiera de sus proveedores en virtud de cualquier disposici\u00f3n de estas Condiciones y su recurso exclusivo para todo lo anterior se limitar\u00e1 al importe efectivamente pagado por Usted a trav\u00e9s del Servicio o a 100 euros si no ha comprado nada a trav\u00e9s del Servicio.<\/p>\n<p>En la medida m\u00e1xima permitida por la ley aplicable, en ning\u00fan caso la Empresa o sus proveedores ser\u00e1n responsables de ning\u00fan da\u00f1o especial, incidental, indirecto o consecuente (incluyendo, pero sin limitarse a, da\u00f1os por p\u00e9rdida de beneficios, p\u00e9rdida de datos u otra informaci\u00f3n, por interrupci\u00f3n del negocio, por da\u00f1os personales p\u00e9rdida de privacidad que surjan o est\u00e9n relacionados de alguna manera con el uso o la imposibilidad de usar el Servicio, el software de terceros y\/o el hardware de terceros utilizado con el Servicio, o de cualquier otra manera en relaci\u00f3n con cualquier disposici\u00f3n de estos T\u00e9rminos), incluso si la Compa\u00f1\u00eda o cualquier proveedor ha sido advertido de la posibilidad de tales da\u00f1os e incluso si el remedio no cumple con su prop\u00f3sito esencial.<\/p>\n<p>Algunos estados no permiten la exclusi\u00f3n de las garant\u00edas impl\u00edcitas o la limitaci\u00f3n de la responsabilidad por da\u00f1os incidentales o consecuentes, lo que significa que algunas de las limitaciones anteriores pueden no ser aplicables. En estos estados, la responsabilidad de cada una de las partes se limitar\u00e1 en la mayor medida permitida por la ley.<\/p>\n<h3>Descargo de responsabilidad \"TAL CUAL\" y \"SEG\u00daN DISPONIBILIDAD\".<\/h3>\n<p>El Servicio se le proporciona \"TAL CUAL\" y \"SEG\u00daN DISPONIBILIDAD\" y con todos los fallos y defectos sin garant\u00eda de ning\u00fan tipo. En la medida m\u00e1xima permitida por la ley aplicable, la Compa\u00f1\u00eda, en su propio nombre y en el de sus Afiliados y sus respectivos licenciadores y proveedores de servicios, renuncia expresamente a todas las garant\u00edas, ya sean expresas, impl\u00edcitas, estatutarias o de otro tipo, con respecto al Servicio, incluyendo todas las garant\u00edas impl\u00edcitas de comerciabilidad, idoneidad para un prop\u00f3sito particular, t\u00edtulo y no infracci\u00f3n, y las garant\u00edas que puedan surgir del curso de las negociaciones, el curso del rendimiento, el uso o la pr\u00e1ctica comercial. Sin perjuicio de lo anterior, la Empresa no ofrece ninguna garant\u00eda ni compromiso, y no hace ninguna declaraci\u00f3n de ning\u00fan tipo de que el Servicio cumplir\u00e1 con sus requisitos, lograr\u00e1 los resultados previstos, ser\u00e1 compatible o funcionar\u00e1 con cualquier otro software, aplicaciones, sistemas o servicios, funcionar\u00e1 sin interrupci\u00f3n, cumplir\u00e1 con cualquier norma de rendimiento o fiabilidad o estar\u00e1 libre de errores o que cualquier error o defecto puede ser o ser\u00e1 corregido.<\/p>\n<p>Sin perjuicio de lo anterior, ni la Compa\u00f1\u00eda ni ning\u00fan proveedor de la misma hace ninguna representaci\u00f3n o garant\u00eda de ning\u00fan tipo, expresa o impl\u00edcita (i) en cuanto al funcionamiento o la disponibilidad del Servicio, o la informaci\u00f3n, el contenido y los materiales o productos incluidos en el mismo; (ii) que el Servicio ser\u00e1 ininterrumpido o estar\u00e1 libre de errores; (iii) en cuanto a la exactitud, la fiabilidad o la actualidad de cualquier informaci\u00f3n o contenido proporcionado a trav\u00e9s del Servicio; o (iv) que el Servicio, sus servidores, el contenido o los correos electr\u00f3nicos enviados desde o en nombre de la Compa\u00f1\u00eda est\u00e1n libres de virus, scripts, troyanos, gusanos, malware, bombas de tiempo u otros componentes da\u00f1inos.<\/p>\n<p>Algunas jurisdicciones no permiten la exclusi\u00f3n de ciertos tipos de garant\u00edas o limitaciones de los derechos legales aplicables a un consumidor, por lo que algunas o todas las exclusiones y limitaciones anteriores pueden no ser aplicables a Usted. Pero en tal caso, las exclusiones y limitaciones establecidas en esta secci\u00f3n se aplicar\u00e1n en la mayor medida posible seg\u00fan la legislaci\u00f3n aplicable.<\/p>\n<h3>Derecho aplicable<\/h3>\n<p>Las leyes del Pa\u00eds, excluyendo sus conflictos de normas legales, regir\u00e1n estos T\u00e9rminos y Su uso del Servicio. Su uso de la Aplicaci\u00f3n tambi\u00e9n puede estar sujeto a otras leyes locales, estatales, nacionales o internacionales.<\/p>\n<h3>Resoluci\u00f3n de litigios<\/h3>\n<p>Si tiene alguna duda o disputa sobre el Servicio, se compromete a intentar primero resolver la disputa de manera informal poni\u00e9ndose en contacto con la Empresa.<\/p>\n<p>Para los usuarios de la Uni\u00f3n Europea (UE)<\/p>\n<p>Si usted es un consumidor de la Uni\u00f3n Europea, se beneficiar\u00e1 de las disposiciones obligatorias de la legislaci\u00f3n del pa\u00eds en el que resida.<\/p>\n<p>Cumplimiento legal en Estados Unidos<\/p>\n<p>Usted declara y garantiza que (i) no se encuentra en un pa\u00eds sujeto al embargo del gobierno de los Estados Unidos, o que ha sido designado por el gobierno de los Estados Unidos como un pa\u00eds de \"apoyo al terrorismo\", y (ii) no est\u00e1 incluido en ninguna lista de partes prohibidas o restringidas del gobierno de los Estados Unidos.<\/p>\n<h2>Divisibilidad y renuncia<\/h2>\n<h3>Divisibilidad<\/h3>\n<p>Si alguna de las disposiciones de estas Condiciones se considera inaplicable o inv\u00e1lida, dicha disposici\u00f3n se modificar\u00e1 e interpretar\u00e1 para cumplir los objetivos de dicha disposici\u00f3n en la mayor medida posible seg\u00fan la legislaci\u00f3n aplicable, y el resto de las disposiciones continuar\u00e1n en pleno vigor y efecto.<\/p>\n<h3>Renuncia<\/h3>\n<p>Salvo lo dispuesto en el presente documento, el hecho de no ejercer un derecho o de no exigir el cumplimiento de una obligaci\u00f3n en virtud de estas Condiciones no afectar\u00e1 a la capacidad de una parte para ejercer dicho derecho o exigir dicho cumplimiento en cualquier momento posterior, ni la renuncia a un incumplimiento constituir\u00e1 una renuncia a cualquier incumplimiento posterior.<\/p>\n<h3>Traducci\u00f3n Interpretaci\u00f3n<\/h3>\n<p>Estos T\u00e9rminos y Condiciones pueden haber sido traducidos si los hemos puesto a su disposici\u00f3n en nuestro Servicio.<br \/>\nUsted acepta que el texto original en ingl\u00e9s prevalecer\u00e1 en caso de litigio.<\/p>\n<h3>Cambios en estas condiciones<\/h3>\n<p>Nos reservamos el derecho, a nuestra entera discreci\u00f3n, de modificar o sustituir estas Condiciones en cualquier momento. Si una revisi\u00f3n es material, haremos esfuerzos razonables para proporcionar al menos 30 d\u00edas de aviso antes de que los nuevos t\u00e9rminos entren en vigor. Lo que constituye un cambio material ser\u00e1 determinado a nuestra entera discreci\u00f3n.<\/p>\n<p>Al continuar accediendo o utilizando nuestro Servicio despu\u00e9s de que dichas revisiones entren en vigor, usted acepta quedar obligado por los t\u00e9rminos revisados. Si no est\u00e1 de acuerdo con los nuevos t\u00e9rminos, en su totalidad o en parte, por favor deje de usar el sitio web y el Servicio.<\/p>\n<h3>Contacto<\/h3>\n<p>Si tiene alguna pregunta sobre estas condiciones, puede ponerse en contacto con nosotros:<\/p>\n<ul>\n<li>Visitando esta p\u00e1gina de nuestro sitio web: https:\/\/pistas365.com\/about-us\/<\/li>\n<li>Envi\u00e1ndonos un correo electr\u00f3nico: info@pistas365.com<\/li>\n<\/ul>","protected":false},"excerpt":{"rendered":"<p>Our Terms and Conditions were last updated on 2024-02-06. Please read these terms and conditions carefully before using Our Service. Interpretation and Definitions Interpretation The words of which the initial letter is capitalized have meanings defined under the following conditions. The following definitions shall have the same meaning regardless of whether they appear in singular [&hellip;]<\/p>\n","protected":false},"author":1,"featured_media":372,"parent":0,"menu_order":0,"comment_status":"closed","ping_status":"closed","template":"","meta":{"_acf_changed":false,"footnotes":""},"tags":[],"acf":[],"_links":{"self":[{"href":"https:\/\/pistas365.com\/es\/wp-json\/wp\/v2\/pages\/413"}],"collection":[{"href":"https:\/\/pistas365.com\/es\/wp-json\/wp\/v2\/pages"}],"about":[{"href":"https:\/\/pistas365.com\/es\/wp-json\/wp\/v2\/types\/page"}],"author":[{"embeddable":true,"href":"https:\/\/pistas365.com\/es\/wp-json\/wp\/v2\/users\/1"}],"replies":[{"embeddable":true,"href":"https:\/\/pistas365.com\/es\/wp-json\/wp\/v2\/comments?post=413"}],"version-history":[{"count":2,"href":"https:\/\/pistas365.com\/es\/wp-json\/wp\/v2\/pages\/413\/revisions"}],"predecessor-version":[{"id":806,"href":"https:\/\/pistas365.com\/es\/wp-json\/wp\/v2\/pages\/413\/revisions\/806"}],"wp:featuredmedia":[{"embeddable":true,"href":"https:\/\/pistas365.com\/es\/wp-json\/wp\/v2\/media\/372"}],"wp:attachment":[{"href":"https:\/\/pistas365.com\/es\/wp-json\/wp\/v2\/media?parent=413"}],"wp:term":[{"taxonomy":"post_tag","embeddable":true,"href":"https:\/\/pistas365.com\/es\/wp-json\/wp\/v2\/tags?post=413"}],"curies":[{"name":"wp","href":"https:\/\/api.w.org\/{rel}","templated":true}]}}