{"id":308,"date":"2022-03-16T13:50:15","date_gmt":"2022-03-16T12:50:15","guid":{"rendered":"https:\/\/pistas365.com\/?page_id=308"},"modified":"2022-03-31T12:02:59","modified_gmt":"2022-03-31T10:02:59","slug":"politica-privacidad","status":"publish","type":"page","link":"https:\/\/pistas365.com\/es\/privacy-policy\/","title":{"rendered":"Pol\u00edtica de privacidad"},"content":{"rendered":"<p><strong>En Pistas365.com y nuestras p\u00e1ginas asociadas accesibles desde https:\/\/pistas365.com, una de nuestras principales prioridades es la privacidad de nuestros visitantes. <\/strong><\/p>\n<p>Este documento de Pol\u00edtica de Privacidad contiene los tipos de informaci\u00f3n que son recogidos y registrados por Pistas365.com y c\u00f3mo los utilizamos.<\/p>\n<p>Si tiene m\u00e1s preguntas o necesita m\u00e1s informaci\u00f3n sobre nuestra pol\u00edtica de privacidad, no dude en ponerse en contacto con nosotros.<\/p>\n<p>Esta pol\u00edtica de privacidad se aplica \u00fanicamente a nuestras actividades en l\u00ednea y es v\u00e1lida para los visitantes de nuestro sitio web con respecto a la informaci\u00f3n que compartieron y\/o recogieron en Pistas365.com. Esta pol\u00edtica no es aplicable a ninguna informaci\u00f3n recopilada fuera de l\u00ednea o a trav\u00e9s de canales distintos de este sitio web.<\/p>\n<h3>Consentimiento<\/h3>\n<p>Al utilizar nuestro sitio web, usted acepta nuestra Pol\u00edtica de Privacidad y est\u00e1 de acuerdo con sus t\u00e9rminos.<\/p>\n<h3>Informaci\u00f3n que recopilamos<\/h3>\n<p>La informaci\u00f3n personal que se le pide, y las razones por las que se le pide que la proporcione, se le explicar\u00e1n en el momento en que le pidamos que proporcione su informaci\u00f3n personal.<\/p>\n<p>Si se pone en contacto con nosotros directamente, podemos recibir informaci\u00f3n adicional sobre usted, como su nombre, direcci\u00f3n de correo electr\u00f3nico, n\u00famero de tel\u00e9fono, el contenido del mensaje y\/o los archivos adjuntos que nos env\u00ede, y cualquier otra informaci\u00f3n que decida proporcionar.<\/p>\n<p>Cuando se registre en una cuenta, es posible que le pidamos su informaci\u00f3n de contacto, incluyendo elementos como el nombre, el nombre de la empresa, la direcci\u00f3n, la direcci\u00f3n de correo electr\u00f3nico y el n\u00famero de tel\u00e9fono.<\/p>\n<h2>C\u00f3mo utilizamos su informaci\u00f3n<\/h2>\n<p>Utilizamos la informaci\u00f3n que recopilamos de varias maneras, entre ellas<\/p>\n<ul>\n<li>Proporcionar, operar y mantener nuestro sitio web<\/li>\n<li>Mejorar, personalizar y ampliar nuestro sitio web<\/li>\n<li>Comprender y analizar c\u00f3mo utiliza nuestro sitio web<\/li>\n<li>Desarrollar nuevos productos, servicios, caracter\u00edsticas y funcionalidades<\/li>\n<li>Comunicarnos con usted, ya sea directamente o a trav\u00e9s de uno de nuestros socios, incluso para el servicio de atenci\u00f3n al cliente, para proporcionarle actualizaciones y otra informaci\u00f3n relacionada con el sitio web, y para fines de marketing y promoci\u00f3n<\/li>\n<li>Enviarle correos electr\u00f3nicos<\/li>\n<li>Encontrar y prevenir el fraude<\/li>\n<\/ul>\n<h3>Archivos de registro<\/h3>\n<p>Pistas365.com sigue un procedimiento est\u00e1ndar de uso de archivos de registro. Estos archivos registran a los visitantes cuando visitan los sitios web. Todas las empresas de alojamiento lo hacen y forman parte de la anal\u00edtica de los servicios de alojamiento. La informaci\u00f3n recopilada por los archivos de registro incluye las direcciones del protocolo de Internet (IP), el tipo de navegador, el proveedor de servicios de Internet (ISP), la fecha y la hora, las p\u00e1ginas de referencia\/salida y, posiblemente, el n\u00famero de clics. Estos datos no est\u00e1n vinculados a ninguna informaci\u00f3n que permita la identificaci\u00f3n personal. El prop\u00f3sito de la informaci\u00f3n es analizar tendencias, administrar el sitio, rastrear el movimiento de los usuarios en el sitio web y recopilar informaci\u00f3n demogr\u00e1fica.<\/p>\n<h3>Cookies y balizas web<\/h3>\n<p>Como cualquier otro sitio web, Pistas365.com utiliza \"cookies\". Estas cookies se utilizan para almacenar informaci\u00f3n que incluye las preferencias de los visitantes y las p\u00e1ginas del sitio web a las que el visitante accedi\u00f3 o visit\u00f3. La informaci\u00f3n se utiliza para optimizar la experiencia de los usuarios mediante la personalizaci\u00f3n del contenido de nuestra p\u00e1gina web en funci\u00f3n del tipo de navegador de los visitantes y\/o de otra informaci\u00f3n.<\/p>\n<h3>Cookie DART de Google DoubleClick<\/h3>\n<p>Google es uno de los proveedores de terceros en nuestro sitio. Tambi\u00e9n utiliza cookies, conocidas como cookies de DART, para ofrecer anuncios a los visitantes de nuestro sitio en funci\u00f3n de su visita a www.website.com y a otros sitios de Internet. Sin embargo, los visitantes pueden optar por rechazar el uso de las cookies DART visitando la pol\u00edtica de privacidad de la red de anuncios y contenidos de Google en la siguiente URL <a href=\"https:\/\/policies.google.com\/technologies\/ads\">https:\/\/policies.google.com\/technologies\/ads<\/a><\/p>\n<h2>Nuestros socios publicitarios<\/h2>\n<p>Algunos de los anunciantes de nuestro sitio pueden utilizar cookies y balizas web. Nuestros socios publicitarios se enumeran a continuaci\u00f3n. Cada uno de nuestros socios publicitarios tiene su propia Pol\u00edtica de Privacidad para sus pol\u00edticas sobre los datos del usuario. Para facilitar el acceso, hemos puesto un hiperv\u00ednculo a sus pol\u00edticas de privacidad a continuaci\u00f3n.<\/p>\n<ul>\n<li>Google <a href=\"https:\/\/policies.google.com\/technologies\/ads\">https:\/\/policies.google.com\/technologies\/ads<\/a><\/li>\n<\/ul>\n<h3>Pol\u00edticas de privacidad de los socios publicitarios<\/h3>\n<p>Puede consultar esta lista para encontrar la pol\u00edtica de privacidad de cada uno de los socios publicitarios de Pistas365.com.<\/p>\n<p>Los servidores o redes publicitarias de terceros utilizan tecnolog\u00edas como cookies, JavaScript o Web Beacons que se utilizan en sus respectivos anuncios y enlaces que aparecen en Pistas365.com, que se env\u00edan directamente al navegador de los usuarios. Cuando esto ocurre, reciben autom\u00e1ticamente su direcci\u00f3n IP. Estas tecnolog\u00edas se utilizan para medir la eficacia de sus campa\u00f1as publicitarias y\/o para personalizar el contenido publicitario que usted ve en los sitios web que visita.<\/p>\n<p>Tenga en cuenta que Pistas365.com no tiene acceso ni control sobre estas cookies que son utilizadas por terceros anunciantes.<\/p>\n<h3>Pol\u00edticas de privacidad de terceros<\/h3>\n<p>La Pol\u00edtica de Privacidad de Pistas365.com no se aplica a otros anunciantes o sitios web. Por lo tanto, le aconsejamos que consulte las respectivas pol\u00edticas de privacidad de estos servidores de anuncios de terceros para obtener informaci\u00f3n m\u00e1s detallada. \u00c9sta puede incluir sus pr\u00e1cticas e instrucciones sobre c\u00f3mo optar por no participar en ciertas opciones.<\/p>\n<p>Puede elegir desactivar las cookies a trav\u00e9s de las opciones de su navegador individual. Para conocer informaci\u00f3n m\u00e1s detallada sobre la gesti\u00f3n de las cookies con navegadores web espec\u00edficos, se puede encontrar en los sitios web respectivos de los navegadores.<\/p>\n<h2>Derechos de protecci\u00f3n de datos del GDPR<\/h2>\n<p>Queremos asegurarnos de que conoce todos sus derechos en materia de protecci\u00f3n de datos. Todo usuario tiene derecho a lo siguiente:<\/p>\n<p>Derecho de acceso - Tiene derecho a solicitar copias de sus datos personales. Podemos cobrarle una peque\u00f1a cuota por este servicio.<\/p>\n<p>Derecho de rectificaci\u00f3n - Tiene derecho a solicitar que corrijamos cualquier informaci\u00f3n que considere inexacta. Tambi\u00e9n tiene derecho a solicitar que completemos la informaci\u00f3n que cree que est\u00e1 incompleta.<\/p>\n<p>Derecho de supresi\u00f3n - Tiene derecho a solicitar que borremos sus datos personales, bajo ciertas condiciones.<\/p>\n<p>Derecho a restringir el tratamiento - Usted tiene derecho a solicitar que se restrinja el tratamiento de sus datos personales, en determinadas condiciones.<\/p>\n<p>Derecho a oponerse al tratamiento - Usted tiene derecho a oponerse al tratamiento de sus datos personales, en determinadas condiciones.<\/p>\n<p>El derecho a la portabilidad de los datos - Usted tiene derecho a solicitar que transfiramos los datos que hemos recogido a otra organizaci\u00f3n, o directamente a usted, bajo ciertas condiciones.<\/p>\n<p>Si hace una solicitud, tenemos un mes para responderle. Si desea ejercer alguno de estos derechos, p\u00f3ngase en contacto con nosotros.<\/p>\n<h2>Informaci\u00f3n para ni\u00f1os<\/h2>\n<p>Otra parte de nuestra prioridad es a\u00f1adir protecci\u00f3n a los ni\u00f1os mientras usan Internet. Animamos a los padres y tutores a que observen, participen y\/o supervisen y gu\u00eden su actividad en l\u00ednea.<\/p>\n<p>Pistas365.com no recopila a sabiendas ninguna informaci\u00f3n personal identificable de ni\u00f1os menores de 13 a\u00f1os. Si cree que su hijo ha proporcionado este tipo de informaci\u00f3n en nuestro sitio web, le recomendamos encarecidamente que se ponga en contacto con nosotros inmediatamente y haremos todo lo posible para eliminar r\u00e1pidamente dicha informaci\u00f3n de nuestros registros.<\/p>","protected":false},"excerpt":{"rendered":"<p>At Pistas365.com and our related partner-pages accessible from https:\/\/pistas365.com, one of our main priorities is the privacy of our visitors. This Privacy Policy document contains the types of information that is collected and recorded by Pistas365.com and how we use it. If you have additional questions or require more information about our Privacy Policy, do [&hellip;]<\/p>\n","protected":false},"author":1,"featured_media":0,"parent":0,"menu_order":0,"comment_status":"closed","ping_status":"closed","template":"","meta":{"_acf_changed":false,"footnotes":""},"tags":[],"acf":[],"_links":{"self":[{"href":"https:\/\/pistas365.com\/es\/wp-json\/wp\/v2\/pages\/308"}],"collection":[{"href":"https:\/\/pistas365.com\/es\/wp-json\/wp\/v2\/pages"}],"about":[{"href":"https:\/\/pistas365.com\/es\/wp-json\/wp\/v2\/types\/page"}],"author":[{"embeddable":true,"href":"https:\/\/pistas365.com\/es\/wp-json\/wp\/v2\/users\/1"}],"replies":[{"embeddable":true,"href":"https:\/\/pistas365.com\/es\/wp-json\/wp\/v2\/comments?post=308"}],"version-history":[{"count":0,"href":"https:\/\/pistas365.com\/es\/wp-json\/wp\/v2\/pages\/308\/revisions"}],"wp:attachment":[{"href":"https:\/\/pistas365.com\/es\/wp-json\/wp\/v2\/media?parent=308"}],"wp:term":[{"taxonomy":"post_tag","embeddable":true,"href":"https:\/\/pistas365.com\/es\/wp-json\/wp\/v2\/tags?post=308"}],"curies":[{"name":"wp","href":"https:\/\/api.w.org\/{rel}","templated":true}]}}