{"id":28,"date":"2022-02-01T13:11:11","date_gmt":"2022-02-01T13:11:11","guid":{"rendered":"https:\/\/pistas365.com\/?page_id=28"},"modified":"2022-03-30T11:04:07","modified_gmt":"2022-03-30T09:04:07","slug":"tenis","status":"publish","type":"page","link":"https:\/\/pistas365.com\/es\/tennis\/","title":{"rendered":"Pistas de tenis y actividades cerca de ti"},"content":{"rendered":"<p style=\"text-align: center;\"><strong>Encuentre las instalaciones de tenis, las pistas y los entrenadores m\u00e1s cercanos a usted.<\/strong><\/p>\n<p style=\"text-align: center;\">\u00a1Queridos aficionados al tenis! La acogida de nuestra p\u00e1gina ha sido abrumadora y actualmente estamos dando de alta a muchos clientes en nuestra secci\u00f3n de p\u00e1del. Por esa raz\u00f3n ha habido un ligero retraso con nuestra p\u00e1gina de tenis. Pedimos disculpas por este inconveniente, pero prometemos hacer todo lo posible por ponerla en marcha en breve.<\/p>","protected":false},"excerpt":{"rendered":"<p>Find the tennis venues, courts, and trainers near you! Dear tennis fans! The reception of our site has been overwhelming and we are currently signing up a lot of clients in our padel section. For that reason there has been a slight delay with our tennis page. We apologize for this inconvenience but promise to [&hellip;]<\/p>\n","protected":false},"author":1,"featured_media":30,"parent":0,"menu_order":1,"comment_status":"closed","ping_status":"closed","template":"page-start.php","meta":{"_acf_changed":false,"footnotes":""},"tags":[],"acf":[],"_links":{"self":[{"href":"https:\/\/pistas365.com\/es\/wp-json\/wp\/v2\/pages\/28"}],"collection":[{"href":"https:\/\/pistas365.com\/es\/wp-json\/wp\/v2\/pages"}],"about":[{"href":"https:\/\/pistas365.com\/es\/wp-json\/wp\/v2\/types\/page"}],"author":[{"embeddable":true,"href":"https:\/\/pistas365.com\/es\/wp-json\/wp\/v2\/users\/1"}],"replies":[{"embeddable":true,"href":"https:\/\/pistas365.com\/es\/wp-json\/wp\/v2\/comments?post=28"}],"version-history":[{"count":0,"href":"https:\/\/pistas365.com\/es\/wp-json\/wp\/v2\/pages\/28\/revisions"}],"wp:featuredmedia":[{"embeddable":true,"href":"https:\/\/pistas365.com\/es\/wp-json\/wp\/v2\/media\/30"}],"wp:attachment":[{"href":"https:\/\/pistas365.com\/es\/wp-json\/wp\/v2\/media?parent=28"}],"wp:term":[{"taxonomy":"post_tag","embeddable":true,"href":"https:\/\/pistas365.com\/es\/wp-json\/wp\/v2\/tags?post=28"}],"curies":[{"name":"wp","href":"https:\/\/api.w.org\/{rel}","templated":true}]}}