{"id":24,"date":"2022-02-01T12:37:46","date_gmt":"2022-02-01T12:37:46","guid":{"rendered":"https:\/\/pistas365.com\/?page_id=24"},"modified":"2023-02-27T14:51:06","modified_gmt":"2023-02-27T13:51:06","slug":"padel","status":"publish","type":"page","link":"https:\/\/pistas365.com\/es\/padel\/","title":{"rendered":"\u00a1Acci\u00f3n de p\u00e1del cerca de ti!"},"content":{"rendered":"<p style=\"text-align: center;\">\u00a1Participa en la acci\u00f3n del p\u00e1del cerca de ti! Encuentre grandes lugares para jugar al p\u00e1del, reserve horas de juego y participe en incre\u00edbles eventos.<\/p>","protected":false},"excerpt":{"rendered":"<p>\u00a1Participa en la acci\u00f3n del p\u00e1del cerca de ti! Encuentre grandes lugares para jugar al p\u00e1del, reserve horas de juego y participe en incre\u00edbles eventos.<\/p>","protected":false},"author":1,"featured_media":27,"parent":0,"menu_order":0,"comment_status":"closed","ping_status":"closed","template":"page-start.php","meta":{"_acf_changed":false,"footnotes":""},"tags":[],"acf":[],"_links":{"self":[{"href":"https:\/\/pistas365.com\/es\/wp-json\/wp\/v2\/pages\/24"}],"collection":[{"href":"https:\/\/pistas365.com\/es\/wp-json\/wp\/v2\/pages"}],"about":[{"href":"https:\/\/pistas365.com\/es\/wp-json\/wp\/v2\/types\/page"}],"author":[{"embeddable":true,"href":"https:\/\/pistas365.com\/es\/wp-json\/wp\/v2\/users\/1"}],"replies":[{"embeddable":true,"href":"https:\/\/pistas365.com\/es\/wp-json\/wp\/v2\/comments?post=24"}],"version-history":[{"count":3,"href":"https:\/\/pistas365.com\/es\/wp-json\/wp\/v2\/pages\/24\/revisions"}],"predecessor-version":[{"id":691,"href":"https:\/\/pistas365.com\/es\/wp-json\/wp\/v2\/pages\/24\/revisions\/691"}],"wp:featuredmedia":[{"embeddable":true,"href":"https:\/\/pistas365.com\/es\/wp-json\/wp\/v2\/media\/27"}],"wp:attachment":[{"href":"https:\/\/pistas365.com\/es\/wp-json\/wp\/v2\/media?parent=24"}],"wp:term":[{"taxonomy":"post_tag","embeddable":true,"href":"https:\/\/pistas365.com\/es\/wp-json\/wp\/v2\/tags?post=24"}],"curies":[{"name":"wp","href":"https:\/\/api.w.org\/{rel}","templated":true}]}}