{"id":12,"date":"2022-03-10T13:00:46","date_gmt":"2022-03-10T12:00:46","guid":{"rendered":"https:\/\/pistas365.com\/elcapitan\/?page_id=12"},"modified":"2024-04-05T14:43:03","modified_gmt":"2024-04-05T12:43:03","slug":"el-capitan","status":"publish","type":"page","link":"https:\/\/pistas365.com\/elcapitan\/sv\/","title":{"rendered":"El Capitan i Punta Prima"},"content":{"rendered":"<p><strong>El Capitan Sport Center \u00e4r en familje\u00e4gd anl\u00e4ggning f\u00f6r padel, pickleball och minigolf som ligger i Punta Prima strax utanf\u00f6r Torrevieja.<\/strong><\/p>\n<h2>Padel p\u00e5 El Capitan<\/h2>\n<p>El Capitan erbjuder en m\u00e4ngd olika aktiviteter, men padel \u00e4r huvudfokus h\u00e4r. Den genomsnittliga spelaren \u00e4r p\u00e5 nyb\u00f6rjar- eller medelniv\u00e5 och st\u00e4mningen kring matcherna \u00e4r avslappnad och v\u00e4nlig.<\/p>\n<p>Detta \u00e4r vad El Capitan erbjuder n\u00e4r det g\u00e4ller padel:<\/p>\n<ul>\n<li><strong>Padelbanor<\/strong> - 4 padelbanor utomhus kan hyras.<\/li>\n<li><strong>Padelevenemang<\/strong> - veckovisa padel-t\u00e4vlingar och pay and play-padel.<\/li>\n<li><strong>Padel-butik<\/strong> - El Capitan har en liten padelbutik med padelracketar och padelbollar till salu.<\/li>\n<li><strong>Padeltr\u00e4ning<\/strong> - Det finns padeltr\u00e4nare som kan bokas.<\/li>\n<li><strong>Hyra f\u00f6r padelracket<\/strong> - Padelracketar kan hyras.<\/li>\n<\/ul>\n<h2>Bokning av padel<\/h2>\n<p>El Capitan Sport Center \u00e4r inte bokningsbart online h\u00e4r p\u00e5 pistas365.com. Ditt n\u00e4rmaste alternativ f\u00f6r onlinebokning av padel hos oss \u00e4r:<\/p>\n<ul>\n<li><a href=\"https:\/\/pistas365.com\/losangelespadel\/\" target=\"_blank\" rel=\"noopener\">Los Angeles Padel<\/a> i Torrevieja<\/li>\n<li><a href=\"https:\/\/pistas365.com\/novapadel\/\" target=\"_blank\" rel=\"noopener\">Nova Padel<\/a> i Torrevieja<\/li>\n<\/ul>\n<p>\u00c4r du \u00e4gare till El Capitan Sports Center? Bes\u00f6k v\u00e5r <a href=\"https:\/\/pistas365.com\/add-your-business\/\" target=\"_blank\" rel=\"noopener\">partner sida<\/a> f\u00f6r att ta reda p\u00e5 hur vi kan hj\u00e4lpa dig att \u00f6ka antalet bokningar.<\/p>\n<h3>Andra tj\u00e4nster<\/h3>\n<p>F\u00f6rutom padel erbjuder El Capitan f\u00f6ljande:<\/p>\n<ul>\n<li><strong>Minigolf<\/strong> - Det finns en minigolfbana p\u00e5 t\u00e4vlingsniv\u00e5 och klubbor kan hyras.<\/li>\n<li><strong>Pickleball<\/strong> - Det finns tv\u00e5 pickleballbanor och pickleballracketar att hyra.<\/li>\n<li><strong>Bar och restaurang<\/strong> - Det finns en bar och en restaurang.<\/li>\n<\/ul>\n<h3>Plats f\u00f6r El Capitan<\/h3>\n<p><iframe loading=\"lazy\" style=\"border: 0;\" src=\"https:\/\/www.google.com\/maps\/embed?pb=!1m18!1m12!1m3!1d3146.414603417104!2d-0.718554884677477!3d37.94410417972897!2m3!1f0!2f0!3f0!3m2!1i1024!2i768!4f13.1!3m3!1m2!1s0xd6307a872de861d%3A0x600064106faa5f07!2sEl%20Capitan%20Sport%20Center!5e0!3m2!1ssv!2ses!4v1658920205725!5m2!1ssv!2ses\" width=\"100%\" height=\"350\" allowfullscreen=\"allowfullscreen\"><\/iframe><\/p>\n<h3>Kontaktuppgifter och \u00f6ppettider<\/h3>\n<p><strong>El Capitan Sport Center<\/strong><br \/>\nC. Fragata P Pr, 1 (Punta Prima)<br \/>\n03189 Dehesa de Campoamor, Alicante<br \/>\nTelefon: +34 621 24 73 79<\/p>\n<p>De normala \u00f6ppettiderna p\u00e5 El Capitan \u00e4r m\u00e5ndag till s\u00f6ndag 08:00-24:00.<\/p>","protected":false},"excerpt":{"rendered":"<p>El Capitan Sport Center is a family owned padel, pickleball and minigolf facility located in Punta Prima just outside of Torrevieja. Padel at El Capitan El Capitan offers a variety of activities but padel is the main focus here. The average player is at a beginner to intermediate level and the atmosphere around the matches [&hellip;]<\/p>\n","protected":false},"author":1,"featured_media":389,"parent":0,"menu_order":0,"comment_status":"closed","ping_status":"closed","template":"","meta":{"_acf_changed":false,"footnotes":""},"tags":[],"acf":[],"yoast_head":"<!-- This site is optimized with the Yoast SEO plugin v19.13 - https:\/\/yoast.com\/wordpress\/plugins\/seo\/ -->\n<title>El Capitan - Punta Prima | Padel pickleball, minigolf.<\/title>\n<meta name=\"description\" content=\"El Capitan Sport Center is a family owned padel, pickleball and minigolf facility located in Punta Prima just outside of Torrevieja.\" \/>\n<meta name=\"robots\" content=\"index, follow, max-snippet:-1, max-image-preview:large, max-video-preview:-1\" \/>\n<link rel=\"canonical\" href=\"https:\/\/pistas365.com\/elcapitan\/sv\/\" \/>\n<meta property=\"og:locale\" content=\"sv_SE\" \/>\n<meta property=\"og:type\" content=\"article\" \/>\n<meta property=\"og:title\" content=\"El Capitan - Punta Prima | Padel pickleball, minigolf.\" \/>\n<meta property=\"og:description\" content=\"El Capitan Sport Center is a family owned padel, pickleball and minigolf facility located in Punta Prima just outside of Torrevieja.\" \/>\n<meta property=\"og:url\" content=\"https:\/\/pistas365.com\/elcapitan\/sv\/\" \/>\n<meta property=\"og:site_name\" content=\"El Capitan\" \/>\n<meta property=\"article:publisher\" content=\"https:\/\/www.facebook.com\/elcapitan.sportcenter\/\" \/>\n<meta property=\"article:modified_time\" content=\"2024-04-05T12:43:03+00:00\" \/>\n<meta property=\"og:image\" content=\"https:\/\/pistas365.com\/elcapitan\/wp-content\/uploads\/sites\/5\/elcapitan-pistas.jpg\" \/>\n\t<meta property=\"og:image:width\" content=\"785\" \/>\n\t<meta property=\"og:image:height\" content=\"501\" \/>\n\t<meta property=\"og:image:type\" content=\"image\/jpeg\" \/>\n<meta name=\"twitter:card\" content=\"summary_large_image\" \/>\n<meta name=\"twitter:label1\" content=\"Ber\u00e4knad l\u00e4stid\" \/>\n\t<meta name=\"twitter:data1\" content=\"2 minuter\" \/>\n<script type=\"application\/ld+json\" class=\"yoast-schema-graph\">{\"@context\":\"https:\/\/schema.org\",\"@graph\":[{\"@type\":\"WebPage\",\"@id\":\"https:\/\/pistas365.com\/elcapitan\/\",\"url\":\"https:\/\/pistas365.com\/elcapitan\/\",\"name\":\"El Capitan - Punta Prima | Padel pickleball, minigolf.\",\"isPartOf\":{\"@id\":\"https:\/\/pistas365.com\/elcapitan\/#website\"},\"datePublished\":\"2022-03-10T12:00:46+00:00\",\"dateModified\":\"2024-04-05T12:43:03+00:00\",\"description\":\"El Capitan Sport Center is a family owned padel, pickleball and minigolf facility located in Punta Prima just outside of Torrevieja.\",\"breadcrumb\":{\"@id\":\"https:\/\/pistas365.com\/elcapitan\/#breadcrumb\"},\"inLanguage\":\"sv-SE\",\"potentialAction\":[{\"@type\":\"ReadAction\",\"target\":[\"https:\/\/pistas365.com\/elcapitan\/\"]}]},{\"@type\":\"BreadcrumbList\",\"@id\":\"https:\/\/pistas365.com\/elcapitan\/#breadcrumb\",\"itemListElement\":[{\"@type\":\"ListItem\",\"position\":1,\"name\":\"Home\",\"item\":\"https:\/\/pistas365.com\/elcapitan\/\"},{\"@type\":\"ListItem\",\"position\":2,\"name\":\"El Capitan in Punta Prima\"}]},{\"@type\":\"WebSite\",\"@id\":\"https:\/\/pistas365.com\/elcapitan\/#website\",\"url\":\"https:\/\/pistas365.com\/elcapitan\/\",\"name\":\"El Capitan\",\"description\":\"Sport Center\",\"publisher\":{\"@id\":\"https:\/\/pistas365.com\/elcapitan\/#organization\"},\"potentialAction\":[{\"@type\":\"SearchAction\",\"target\":{\"@type\":\"EntryPoint\",\"urlTemplate\":\"https:\/\/pistas365.com\/elcapitan\/?s={search_term_string}\"},\"query-input\":\"required name=search_term_string\"}],\"inLanguage\":\"sv-SE\"},{\"@type\":\"Organization\",\"@id\":\"https:\/\/pistas365.com\/elcapitan\/#organization\",\"name\":\"El Capitan Sport Center\",\"url\":\"https:\/\/pistas365.com\/elcapitan\/\",\"logo\":{\"@type\":\"ImageObject\",\"inLanguage\":\"sv-SE\",\"@id\":\"https:\/\/pistas365.com\/elcapitan\/#\/schema\/logo\/image\/\",\"url\":\"https:\/\/pistas365.com\/elcapitan\/wp-content\/uploads\/sites\/5\/el-capitan-logo.jpg\",\"contentUrl\":\"https:\/\/pistas365.com\/elcapitan\/wp-content\/uploads\/sites\/5\/el-capitan-logo.jpg\",\"width\":300,\"height\":300,\"caption\":\"El Capitan Sport Center\"},\"image\":{\"@id\":\"https:\/\/pistas365.com\/elcapitan\/#\/schema\/logo\/image\/\"},\"sameAs\":[\"https:\/\/www.instagram.com\/elcapitansport\/\",\"https:\/\/www.facebook.com\/elcapitan.sportcenter\/\"]}]}<\/script>\n<!-- \/ Yoast SEO plugin. -->","yoast_head_json":{"title":"El Capitan - Punta Prima | Padel pickleball, minigolf.","description":"El Capitan Sport Center \u00e4r en familje\u00e4gd anl\u00e4ggning f\u00f6r padel, pickleball och minigolf som ligger i Punta Prima strax utanf\u00f6r Torrevieja.","robots":{"index":"index","follow":"follow","max-snippet":"max-snippet:-1","max-image-preview":"max-image-preview:large","max-video-preview":"max-video-preview:-1"},"canonical":"https:\/\/pistas365.com\/elcapitan\/sv\/","og_locale":"sv_SE","og_type":"article","og_title":"El Capitan - Punta Prima | Padel pickleball, minigolf.","og_description":"El Capitan Sport Center is a family owned padel, pickleball and minigolf facility located in Punta Prima just outside of Torrevieja.","og_url":"https:\/\/pistas365.com\/elcapitan\/sv\/","og_site_name":"El Capitan","article_publisher":"https:\/\/www.facebook.com\/elcapitan.sportcenter\/","article_modified_time":"2024-04-05T12:43:03+00:00","og_image":[{"width":785,"height":501,"url":"https:\/\/pistas365.com\/elcapitan\/wp-content\/uploads\/sites\/5\/elcapitan-pistas.jpg","type":"image\/jpeg"}],"twitter_card":"summary_large_image","twitter_misc":{"Ber\u00e4knad l\u00e4stid":"2 minuter"},"schema":{"@context":"https:\/\/schema.org","@graph":[{"@type":"WebPage","@id":"https:\/\/pistas365.com\/elcapitan\/","url":"https:\/\/pistas365.com\/elcapitan\/","name":"El Capitan - Punta Prima | Padel pickleball, minigolf.","isPartOf":{"@id":"https:\/\/pistas365.com\/elcapitan\/#website"},"datePublished":"2022-03-10T12:00:46+00:00","dateModified":"2024-04-05T12:43:03+00:00","description":"El Capitan Sport Center \u00e4r en familje\u00e4gd anl\u00e4ggning f\u00f6r padel, pickleball och minigolf som ligger i Punta Prima strax utanf\u00f6r Torrevieja.","breadcrumb":{"@id":"https:\/\/pistas365.com\/elcapitan\/#breadcrumb"},"inLanguage":"sv-SE","potentialAction":[{"@type":"ReadAction","target":["https:\/\/pistas365.com\/elcapitan\/"]}]},{"@type":"BreadcrumbList","@id":"https:\/\/pistas365.com\/elcapitan\/#breadcrumb","itemListElement":[{"@type":"ListItem","position":1,"name":"Home","item":"https:\/\/pistas365.com\/elcapitan\/"},{"@type":"ListItem","position":2,"name":"El Capitan in Punta Prima"}]},{"@type":"WebSite","@id":"https:\/\/pistas365.com\/elcapitan\/#website","url":"https:\/\/pistas365.com\/elcapitan\/","name":"El Capitan","description":"Sportcenter","publisher":{"@id":"https:\/\/pistas365.com\/elcapitan\/#organization"},"potentialAction":[{"@type":"SearchAction","target":{"@type":"EntryPoint","urlTemplate":"https:\/\/pistas365.com\/elcapitan\/?s={search_term_string}"},"query-input":"required name=search_term_string"}],"inLanguage":"sv-SE"},{"@type":"Organization","@id":"https:\/\/pistas365.com\/elcapitan\/#organization","name":"El Capitan Sport Center","url":"https:\/\/pistas365.com\/elcapitan\/","logo":{"@type":"ImageObject","inLanguage":"sv-SE","@id":"https:\/\/pistas365.com\/elcapitan\/#\/schema\/logo\/image\/","url":"https:\/\/pistas365.com\/elcapitan\/wp-content\/uploads\/sites\/5\/el-capitan-logo.jpg","contentUrl":"https:\/\/pistas365.com\/elcapitan\/wp-content\/uploads\/sites\/5\/el-capitan-logo.jpg","width":300,"height":300,"caption":"El Capitan Sport Center"},"image":{"@id":"https:\/\/pistas365.com\/elcapitan\/#\/schema\/logo\/image\/"},"sameAs":["https:\/\/www.instagram.com\/elcapitansport\/","https:\/\/www.facebook.com\/elcapitan.sportcenter\/"]}]}},"_links":{"self":[{"href":"https:\/\/pistas365.com\/elcapitan\/sv\/wp-json\/wp\/v2\/pages\/12"}],"collection":[{"href":"https:\/\/pistas365.com\/elcapitan\/sv\/wp-json\/wp\/v2\/pages"}],"about":[{"href":"https:\/\/pistas365.com\/elcapitan\/sv\/wp-json\/wp\/v2\/types\/page"}],"author":[{"embeddable":true,"href":"https:\/\/pistas365.com\/elcapitan\/sv\/wp-json\/wp\/v2\/users\/1"}],"replies":[{"embeddable":true,"href":"https:\/\/pistas365.com\/elcapitan\/sv\/wp-json\/wp\/v2\/comments?post=12"}],"version-history":[{"count":31,"href":"https:\/\/pistas365.com\/elcapitan\/sv\/wp-json\/wp\/v2\/pages\/12\/revisions"}],"predecessor-version":[{"id":403,"href":"https:\/\/pistas365.com\/elcapitan\/sv\/wp-json\/wp\/v2\/pages\/12\/revisions\/403"}],"wp:featuredmedia":[{"embeddable":true,"href":"https:\/\/pistas365.com\/elcapitan\/sv\/wp-json\/wp\/v2\/media\/389"}],"wp:attachment":[{"href":"https:\/\/pistas365.com\/elcapitan\/sv\/wp-json\/wp\/v2\/media?parent=12"}],"wp:term":[{"taxonomy":"post_tag","embeddable":true,"href":"https:\/\/pistas365.com\/elcapitan\/sv\/wp-json\/wp\/v2\/tags?post=12"}],"curies":[{"name":"wp","href":"https:\/\/api.w.org\/{rel}","templated":true}]}}