{"id":12,"date":"2022-03-10T13:00:46","date_gmt":"2022-03-10T12:00:46","guid":{"rendered":"https:\/\/pistas365.com\/elcapitan\/?page_id=12"},"modified":"2024-04-05T14:43:03","modified_gmt":"2024-04-05T12:43:03","slug":"el-capitan","status":"publish","type":"page","link":"https:\/\/pistas365.com\/elcapitan\/fr\/","title":{"rendered":"El Capitan \u00e0 Punta Prima"},"content":{"rendered":"<p><strong>El Capitan Sport Center est un centre familial de padel, de pickleball et de minigolf situ\u00e9 \u00e0 Punta Prima, juste \u00e0 l'ext\u00e9rieur de Torrevieja.<\/strong><\/p>\n<h2>Padel \u00e0 El Capitan<\/h2>\n<p>El Capitan offre une vari\u00e9t\u00e9 d'activit\u00e9s mais le padel est le principal centre d'int\u00e9r\u00eat ici. Le joueur moyen est d'un niveau d\u00e9butant \u00e0 interm\u00e9diaire et l'atmosph\u00e8re autour des matchs est d\u00e9tendue et amicale.<\/p>\n<p>C'est ce que propose El Capitan en mati\u00e8re de padel :<\/p>\n<ul>\n<li><strong>Cours de padel<\/strong> - 4 terrains de padel ext\u00e9rieurs disponibles \u00e0 la location.<\/li>\n<li><strong>\u00c9v\u00e9nements de padel<\/strong> - des comp\u00e9titions hebdomadaires de padel et du padel \"pay and play \".<\/li>\n<li><strong>Boutique de padel<\/strong> - El Capitan dispose d'un petit magasin de padel avec des raquettes de padel et des balles de padel \u00e0 vendre.<\/li>\n<li><strong>Entra\u00eenement au padel<\/strong> - des entra\u00eeneurs de padel sont disponibles \u00e0 la r\u00e9servation.<\/li>\n<li><strong>Loyer de la raquette de padel<\/strong> - Des raquettes de padel sont disponibles \u00e0 la location.<\/li>\n<\/ul>\n<h2>R\u00e9servation de padel<\/h2>\n<p>El Capitan Sport Center n'est pas r\u00e9servable en ligne ici \u00e0 pistas365.com. Les options les plus proches pour la r\u00e9servation en ligne de padel avec nous sont :<\/p>\n<ul>\n<li><a href=\"https:\/\/pistas365.com\/losangelespadel\/\" target=\"_blank\" rel=\"noopener\">Los Angeles Padel<\/a> \u00e0 Torrevieja<\/li>\n<li><a href=\"https:\/\/pistas365.com\/novapadel\/\" target=\"_blank\" rel=\"noopener\">Nova Padel<\/a> \u00e0 Torrevieja<\/li>\n<\/ul>\n<p>Vous \u00eates le propri\u00e9taire du centre sportif El Capitan ? Veuillez visiter notre <a href=\"https:\/\/pistas365.com\/add-your-business\/\" target=\"_blank\" rel=\"noopener\">page des partenaires<\/a> pour d\u00e9couvrir comment nous pouvons vous aider \u00e0 augmenter vos r\u00e9servations.<\/p>\n<h3>Autres services<\/h3>\n<p>En plus du padel, El Capitan offre les services suivants :<\/p>\n<ul>\n<li><strong>Minigolf<\/strong> - Il y a un parcours de minigolf de niveau comp\u00e9tition et des clubs disponibles \u00e0 la location.<\/li>\n<li><strong>Pickleball<\/strong> - il y a deux terrains de pickleball et des raquettes de pickleball \u00e0 louer.<\/li>\n<li><strong>Bar et restaurant<\/strong> - Il y a un bar et un restaurant.<\/li>\n<\/ul>\n<h3>Emplacement d'El Capitan<\/h3>\n<p><iframe loading=\"lazy\" style=\"border: 0;\" src=\"https:\/\/www.google.com\/maps\/embed?pb=!1m18!1m12!1m3!1d3146.414603417104!2d-0.718554884677477!3d37.94410417972897!2m3!1f0!2f0!3f0!3m2!1i1024!2i768!4f13.1!3m3!1m2!1s0xd6307a872de861d%3A0x600064106faa5f07!2sEl%20Capitan%20Sport%20Center!5e0!3m2!1ssv!2ses!4v1658920205725!5m2!1ssv!2ses\" width=\"100%\" height=\"350\" allowfullscreen=\"allowfullscreen\"><\/iframe><\/p>\n<h3>Informations de contact et heures d'ouverture<\/h3>\n<p><strong>Centre sportif El Capitan<\/strong><br \/>\nC. Fragata P Pr, 1 (Punta Prima)<br \/>\n03189 Dehesa de Campoamor, Alicante<br \/>\nT\u00e9l\u00e9phone : +34 621 24 73 79<\/p>\n<p>Les heures d'ouverture normales d'El Capitan sont du lundi au dimanche de 08h00 \u00e0 24h00.<\/p>","protected":false},"excerpt":{"rendered":"<p>El Capitan Sport Center is a family owned padel, pickleball and minigolf facility located in Punta Prima just outside of Torrevieja. Padel at El Capitan El Capitan offers a variety of activities but padel is the main focus here. The average player is at a beginner to intermediate level and the atmosphere around the matches [&hellip;]<\/p>\n","protected":false},"author":1,"featured_media":389,"parent":0,"menu_order":0,"comment_status":"closed","ping_status":"closed","template":"","meta":{"_acf_changed":false,"footnotes":""},"tags":[],"acf":[],"yoast_head":"<!-- This site is optimized with the Yoast SEO plugin v19.13 - https:\/\/yoast.com\/wordpress\/plugins\/seo\/ -->\n<title>El Capitan - Punta Prima | Padel pickleball, minigolf.<\/title>\n<meta name=\"description\" content=\"El Capitan Sport Center is a family owned padel, pickleball and minigolf facility located in Punta Prima just outside of Torrevieja.\" \/>\n<meta name=\"robots\" content=\"index, follow, max-snippet:-1, max-image-preview:large, max-video-preview:-1\" \/>\n<link rel=\"canonical\" href=\"https:\/\/pistas365.com\/elcapitan\/fr\/\" \/>\n<meta property=\"og:locale\" content=\"fr_FR\" \/>\n<meta property=\"og:type\" content=\"article\" \/>\n<meta property=\"og:title\" content=\"El Capitan - Punta Prima | Padel pickleball, minigolf.\" \/>\n<meta property=\"og:description\" content=\"El Capitan Sport Center is a family owned padel, pickleball and minigolf facility located in Punta Prima just outside of Torrevieja.\" \/>\n<meta property=\"og:url\" content=\"https:\/\/pistas365.com\/elcapitan\/fr\/\" \/>\n<meta property=\"og:site_name\" content=\"El Capitan\" \/>\n<meta property=\"article:publisher\" content=\"https:\/\/www.facebook.com\/elcapitan.sportcenter\/\" \/>\n<meta property=\"article:modified_time\" content=\"2024-04-05T12:43:03+00:00\" \/>\n<meta property=\"og:image\" content=\"https:\/\/pistas365.com\/elcapitan\/wp-content\/uploads\/sites\/5\/elcapitan-pistas.jpg\" \/>\n\t<meta property=\"og:image:width\" content=\"785\" \/>\n\t<meta property=\"og:image:height\" content=\"501\" \/>\n\t<meta property=\"og:image:type\" content=\"image\/jpeg\" \/>\n<meta name=\"twitter:card\" content=\"summary_large_image\" \/>\n<meta name=\"twitter:label1\" content=\"Dur\u00e9e de lecture estim\u00e9e\" \/>\n\t<meta name=\"twitter:data1\" content=\"2 minutes\" \/>\n<script type=\"application\/ld+json\" class=\"yoast-schema-graph\">{\"@context\":\"https:\/\/schema.org\",\"@graph\":[{\"@type\":\"WebPage\",\"@id\":\"https:\/\/pistas365.com\/elcapitan\/\",\"url\":\"https:\/\/pistas365.com\/elcapitan\/\",\"name\":\"El Capitan - Punta Prima | Padel pickleball, minigolf.\",\"isPartOf\":{\"@id\":\"https:\/\/pistas365.com\/elcapitan\/#website\"},\"datePublished\":\"2022-03-10T12:00:46+00:00\",\"dateModified\":\"2024-04-05T12:43:03+00:00\",\"description\":\"El Capitan Sport Center is a family owned padel, pickleball and minigolf facility located in Punta Prima just outside of Torrevieja.\",\"breadcrumb\":{\"@id\":\"https:\/\/pistas365.com\/elcapitan\/#breadcrumb\"},\"inLanguage\":\"fr-FR\",\"potentialAction\":[{\"@type\":\"ReadAction\",\"target\":[\"https:\/\/pistas365.com\/elcapitan\/\"]}]},{\"@type\":\"BreadcrumbList\",\"@id\":\"https:\/\/pistas365.com\/elcapitan\/#breadcrumb\",\"itemListElement\":[{\"@type\":\"ListItem\",\"position\":1,\"name\":\"Home\",\"item\":\"https:\/\/pistas365.com\/elcapitan\/\"},{\"@type\":\"ListItem\",\"position\":2,\"name\":\"El Capitan in Punta Prima\"}]},{\"@type\":\"WebSite\",\"@id\":\"https:\/\/pistas365.com\/elcapitan\/#website\",\"url\":\"https:\/\/pistas365.com\/elcapitan\/\",\"name\":\"El Capitan\",\"description\":\"Sport Center\",\"publisher\":{\"@id\":\"https:\/\/pistas365.com\/elcapitan\/#organization\"},\"potentialAction\":[{\"@type\":\"SearchAction\",\"target\":{\"@type\":\"EntryPoint\",\"urlTemplate\":\"https:\/\/pistas365.com\/elcapitan\/?s={search_term_string}\"},\"query-input\":\"required name=search_term_string\"}],\"inLanguage\":\"fr-FR\"},{\"@type\":\"Organization\",\"@id\":\"https:\/\/pistas365.com\/elcapitan\/#organization\",\"name\":\"El Capitan Sport Center\",\"url\":\"https:\/\/pistas365.com\/elcapitan\/\",\"logo\":{\"@type\":\"ImageObject\",\"inLanguage\":\"fr-FR\",\"@id\":\"https:\/\/pistas365.com\/elcapitan\/#\/schema\/logo\/image\/\",\"url\":\"https:\/\/pistas365.com\/elcapitan\/wp-content\/uploads\/sites\/5\/el-capitan-logo.jpg\",\"contentUrl\":\"https:\/\/pistas365.com\/elcapitan\/wp-content\/uploads\/sites\/5\/el-capitan-logo.jpg\",\"width\":300,\"height\":300,\"caption\":\"El Capitan Sport Center\"},\"image\":{\"@id\":\"https:\/\/pistas365.com\/elcapitan\/#\/schema\/logo\/image\/\"},\"sameAs\":[\"https:\/\/www.instagram.com\/elcapitansport\/\",\"https:\/\/www.facebook.com\/elcapitan.sportcenter\/\"]}]}<\/script>\n<!-- \/ Yoast SEO plugin. -->","yoast_head_json":{"title":"El Capitan - Punta Prima | Padel pickleball, minigolf.","description":"El Capitan Sport Center est un centre familial de padel, de pickleball et de minigolf situ\u00e9 \u00e0 Punta Prima, juste \u00e0 l'ext\u00e9rieur de Torrevieja.","robots":{"index":"index","follow":"follow","max-snippet":"max-snippet:-1","max-image-preview":"max-image-preview:large","max-video-preview":"max-video-preview:-1"},"canonical":"https:\/\/pistas365.com\/elcapitan\/fr\/","og_locale":"fr_FR","og_type":"article","og_title":"El Capitan - Punta Prima | Padel pickleball, minigolf.","og_description":"El Capitan Sport Center is a family owned padel, pickleball and minigolf facility located in Punta Prima just outside of Torrevieja.","og_url":"https:\/\/pistas365.com\/elcapitan\/fr\/","og_site_name":"El Capitan","article_publisher":"https:\/\/www.facebook.com\/elcapitan.sportcenter\/","article_modified_time":"2024-04-05T12:43:03+00:00","og_image":[{"width":785,"height":501,"url":"https:\/\/pistas365.com\/elcapitan\/wp-content\/uploads\/sites\/5\/elcapitan-pistas.jpg","type":"image\/jpeg"}],"twitter_card":"summary_large_image","twitter_misc":{"Dur\u00e9e de lecture estim\u00e9e":"2 minutes"},"schema":{"@context":"https:\/\/schema.org","@graph":[{"@type":"WebPage","@id":"https:\/\/pistas365.com\/elcapitan\/","url":"https:\/\/pistas365.com\/elcapitan\/","name":"El Capitan - Punta Prima | Padel pickleball, minigolf.","isPartOf":{"@id":"https:\/\/pistas365.com\/elcapitan\/#website"},"datePublished":"2022-03-10T12:00:46+00:00","dateModified":"2024-04-05T12:43:03+00:00","description":"El Capitan Sport Center est un centre familial de padel, de pickleball et de minigolf situ\u00e9 \u00e0 Punta Prima, juste \u00e0 l'ext\u00e9rieur de Torrevieja.","breadcrumb":{"@id":"https:\/\/pistas365.com\/elcapitan\/#breadcrumb"},"inLanguage":"fr-FR","potentialAction":[{"@type":"ReadAction","target":["https:\/\/pistas365.com\/elcapitan\/"]}]},{"@type":"BreadcrumbList","@id":"https:\/\/pistas365.com\/elcapitan\/#breadcrumb","itemListElement":[{"@type":"ListItem","position":1,"name":"Home","item":"https:\/\/pistas365.com\/elcapitan\/"},{"@type":"ListItem","position":2,"name":"El Capitan in Punta Prima"}]},{"@type":"WebSite","@id":"https:\/\/pistas365.com\/elcapitan\/#website","url":"https:\/\/pistas365.com\/elcapitan\/","name":"El Capitan","description":"Centre sportif","publisher":{"@id":"https:\/\/pistas365.com\/elcapitan\/#organization"},"potentialAction":[{"@type":"SearchAction","target":{"@type":"EntryPoint","urlTemplate":"https:\/\/pistas365.com\/elcapitan\/?s={search_term_string}"},"query-input":"required name=search_term_string"}],"inLanguage":"fr-FR"},{"@type":"Organization","@id":"https:\/\/pistas365.com\/elcapitan\/#organization","name":"Centre sportif El Capitan","url":"https:\/\/pistas365.com\/elcapitan\/","logo":{"@type":"ImageObject","inLanguage":"fr-FR","@id":"https:\/\/pistas365.com\/elcapitan\/#\/schema\/logo\/image\/","url":"https:\/\/pistas365.com\/elcapitan\/wp-content\/uploads\/sites\/5\/el-capitan-logo.jpg","contentUrl":"https:\/\/pistas365.com\/elcapitan\/wp-content\/uploads\/sites\/5\/el-capitan-logo.jpg","width":300,"height":300,"caption":"El Capitan Sport Center"},"image":{"@id":"https:\/\/pistas365.com\/elcapitan\/#\/schema\/logo\/image\/"},"sameAs":["https:\/\/www.instagram.com\/elcapitansport\/","https:\/\/www.facebook.com\/elcapitan.sportcenter\/"]}]}},"_links":{"self":[{"href":"https:\/\/pistas365.com\/elcapitan\/fr\/wp-json\/wp\/v2\/pages\/12"}],"collection":[{"href":"https:\/\/pistas365.com\/elcapitan\/fr\/wp-json\/wp\/v2\/pages"}],"about":[{"href":"https:\/\/pistas365.com\/elcapitan\/fr\/wp-json\/wp\/v2\/types\/page"}],"author":[{"embeddable":true,"href":"https:\/\/pistas365.com\/elcapitan\/fr\/wp-json\/wp\/v2\/users\/1"}],"replies":[{"embeddable":true,"href":"https:\/\/pistas365.com\/elcapitan\/fr\/wp-json\/wp\/v2\/comments?post=12"}],"version-history":[{"count":31,"href":"https:\/\/pistas365.com\/elcapitan\/fr\/wp-json\/wp\/v2\/pages\/12\/revisions"}],"predecessor-version":[{"id":403,"href":"https:\/\/pistas365.com\/elcapitan\/fr\/wp-json\/wp\/v2\/pages\/12\/revisions\/403"}],"wp:featuredmedia":[{"embeddable":true,"href":"https:\/\/pistas365.com\/elcapitan\/fr\/wp-json\/wp\/v2\/media\/389"}],"wp:attachment":[{"href":"https:\/\/pistas365.com\/elcapitan\/fr\/wp-json\/wp\/v2\/media?parent=12"}],"wp:term":[{"taxonomy":"post_tag","embeddable":true,"href":"https:\/\/pistas365.com\/elcapitan\/fr\/wp-json\/wp\/v2\/tags?post=12"}],"curies":[{"name":"wp","href":"https:\/\/api.w.org\/{rel}","templated":true}]}}