{"id":12,"date":"2022-03-10T13:00:46","date_gmt":"2022-03-10T12:00:46","guid":{"rendered":"https:\/\/pistas365.com\/elcapitan\/?page_id=12"},"modified":"2024-04-05T14:43:03","modified_gmt":"2024-04-05T12:43:03","slug":"el-capitan","status":"publish","type":"page","link":"https:\/\/pistas365.com\/elcapitan\/es\/","title":{"rendered":"El Capit\u00e1n en Punta Prima"},"content":{"rendered":"<p><strong>El Capitan Sport Center es un centro familiar de padel, pickleball y minigolf situado en Punta Prima, a las afueras de Torrevieja.<\/strong><\/p>\n<h2>P\u00e1del en El Capit\u00e1n<\/h2>\n<p>El Capit\u00e1n ofrece una gran variedad de actividades, pero el p\u00e1del es el foco principal aqu\u00ed. El jugador medio tiene un nivel de principiante a intermedio y el ambiente en torno a los partidos es relajado y amistoso.<\/p>\n<p>Esto es lo que ofrece El Capit\u00e1n con respecto al p\u00e1del:<\/p>\n<ul>\n<li><strong>Pistas de p\u00e1del<\/strong> - 4 pistas de p\u00e1del exteriores disponibles para alquilar.<\/li>\n<li><strong>Eventos de p\u00e1del<\/strong> - competiciones semanales de p\u00e1del y p\u00e1del de pay and play.<\/li>\n<li><strong>Tienda de p\u00e1del<\/strong> - El Capit\u00e1n tiene una peque\u00f1a tienda de p\u00e1del con raquetas y pelotas de p\u00e1del a la venta.<\/li>\n<li><strong>Entrenamiento de p\u00e1del<\/strong> - hay entrenadores de p\u00e1del disponibles para reservar.<\/li>\n<li><strong>Alquiler de raquetas de p\u00e1del<\/strong> - se pueden alquilar raquetas de p\u00e1del.<\/li>\n<\/ul>\n<h2>Reserva de p\u00e1del<\/h2>\n<p>El Capit\u00e1n Sport Center no se puede reservar online aqu\u00ed en pistas365.com. Las opciones m\u00e1s cercanas para reservar p\u00e1del online con nosotros son:<\/p>\n<ul>\n<li><a href=\"https:\/\/pistas365.com\/losangelespadel\/\" target=\"_blank\" rel=\"noopener\">Los \u00c1ngeles Padel<\/a> en Torrevieja<\/li>\n<li><a href=\"https:\/\/pistas365.com\/novapadel\/\" target=\"_blank\" rel=\"noopener\">Nova Padel<\/a> en Torrevieja<\/li>\n<\/ul>\n<p>\u00bfEs usted el propietario de El Capit\u00e1n Sports Center? Por favor, visite nuestro <a href=\"https:\/\/pistas365.com\/add-your-business\/\" target=\"_blank\" rel=\"noopener\">p\u00e1gina de socios<\/a> para saber c\u00f3mo podemos ayudarle a aumentar sus reservas.<\/p>\n<h3>Otros servicios<\/h3>\n<p>Adem\u00e1s del p\u00e1del, El Capit\u00e1n ofrece lo siguiente:<\/p>\n<ul>\n<li><strong>Minigolf<\/strong> - hay un campo de minigolf de nivel de competici\u00f3n y palos disponibles para alquilar.<\/li>\n<li><strong>Pickleball<\/strong> - hay dos pistas de pickleball y raquetas de pickleball disponibles para alquilar.<\/li>\n<li><strong>Bar y restaurante<\/strong> - hay un bar y un restaurante.<\/li>\n<\/ul>\n<h3>Ubicaci\u00f3n de El Capit\u00e1n<\/h3>\n<p><iframe loading=\"lazy\" style=\"border: 0;\" src=\"https:\/\/www.google.com\/maps\/embed?pb=!1m18!1m12!1m3!1d3146.414603417104!2d-0.718554884677477!3d37.94410417972897!2m3!1f0!2f0!3f0!3m2!1i1024!2i768!4f13.1!3m3!1m2!1s0xd6307a872de861d%3A0x600064106faa5f07!2sEl%20Capitan%20Sport%20Center!5e0!3m2!1ssv!2ses!4v1658920205725!5m2!1ssv!2ses\" width=\"100%\" height=\"350\" allowfullscreen=\"allowfullscreen\"><\/iframe><\/p>\n<h3>Informaci\u00f3n de contacto y horarios de apertura<\/h3>\n<p><strong>Centro Deportivo El Capit\u00e1n<\/strong><br \/>\nC. Fragata P Pr, 1 (Punta Prima)<br \/>\n03189 Dehesa de Campoamor, Alicante<br \/>\nTel\u00e9fono: +34 621 24 73 79<\/p>\n<p>El horario normal de apertura de El Capit\u00e1n es de lunes a domingo de 8:00 a 24:00<\/p>","protected":false},"excerpt":{"rendered":"<p>El Capitan Sport Center is a family owned padel, pickleball and minigolf facility located in Punta Prima just outside of Torrevieja. Padel at El Capitan El Capitan offers a variety of activities but padel is the main focus here. The average player is at a beginner to intermediate level and the atmosphere around the matches [&hellip;]<\/p>\n","protected":false},"author":1,"featured_media":389,"parent":0,"menu_order":0,"comment_status":"closed","ping_status":"closed","template":"","meta":{"_acf_changed":false,"footnotes":""},"tags":[],"acf":[],"yoast_head":"<!-- This site is optimized with the Yoast SEO plugin v19.13 - https:\/\/yoast.com\/wordpress\/plugins\/seo\/ -->\n<title>El Capitan - Punta Prima | Padel pickleball, minigolf.<\/title>\n<meta name=\"description\" content=\"El Capitan Sport Center is a family owned padel, pickleball and minigolf facility located in Punta Prima just outside of Torrevieja.\" \/>\n<meta name=\"robots\" content=\"index, follow, max-snippet:-1, max-image-preview:large, max-video-preview:-1\" \/>\n<link rel=\"canonical\" href=\"https:\/\/pistas365.com\/elcapitan\/es\/\" \/>\n<meta property=\"og:locale\" content=\"es_ES\" \/>\n<meta property=\"og:type\" content=\"article\" \/>\n<meta property=\"og:title\" content=\"El Capitan - Punta Prima | Padel pickleball, minigolf.\" \/>\n<meta property=\"og:description\" content=\"El Capitan Sport Center is a family owned padel, pickleball and minigolf facility located in Punta Prima just outside of Torrevieja.\" \/>\n<meta property=\"og:url\" content=\"https:\/\/pistas365.com\/elcapitan\/es\/\" \/>\n<meta property=\"og:site_name\" content=\"El Capitan\" \/>\n<meta property=\"article:publisher\" content=\"https:\/\/www.facebook.com\/elcapitan.sportcenter\/\" \/>\n<meta property=\"article:modified_time\" content=\"2024-04-05T12:43:03+00:00\" \/>\n<meta property=\"og:image\" content=\"https:\/\/pistas365.com\/elcapitan\/wp-content\/uploads\/sites\/5\/elcapitan-pistas.jpg\" \/>\n\t<meta property=\"og:image:width\" content=\"785\" \/>\n\t<meta property=\"og:image:height\" content=\"501\" \/>\n\t<meta property=\"og:image:type\" content=\"image\/jpeg\" \/>\n<meta name=\"twitter:card\" content=\"summary_large_image\" \/>\n<meta name=\"twitter:label1\" content=\"Tiempo de lectura\" \/>\n\t<meta name=\"twitter:data1\" content=\"2 minutos\" \/>\n<script type=\"application\/ld+json\" class=\"yoast-schema-graph\">{\"@context\":\"https:\/\/schema.org\",\"@graph\":[{\"@type\":\"WebPage\",\"@id\":\"https:\/\/pistas365.com\/elcapitan\/\",\"url\":\"https:\/\/pistas365.com\/elcapitan\/\",\"name\":\"El Capitan - Punta Prima | Padel pickleball, minigolf.\",\"isPartOf\":{\"@id\":\"https:\/\/pistas365.com\/elcapitan\/#website\"},\"datePublished\":\"2022-03-10T12:00:46+00:00\",\"dateModified\":\"2024-04-05T12:43:03+00:00\",\"description\":\"El Capitan Sport Center is a family owned padel, pickleball and minigolf facility located in Punta Prima just outside of Torrevieja.\",\"breadcrumb\":{\"@id\":\"https:\/\/pistas365.com\/elcapitan\/#breadcrumb\"},\"inLanguage\":\"es\",\"potentialAction\":[{\"@type\":\"ReadAction\",\"target\":[\"https:\/\/pistas365.com\/elcapitan\/\"]}]},{\"@type\":\"BreadcrumbList\",\"@id\":\"https:\/\/pistas365.com\/elcapitan\/#breadcrumb\",\"itemListElement\":[{\"@type\":\"ListItem\",\"position\":1,\"name\":\"Home\",\"item\":\"https:\/\/pistas365.com\/elcapitan\/\"},{\"@type\":\"ListItem\",\"position\":2,\"name\":\"El Capitan in Punta Prima\"}]},{\"@type\":\"WebSite\",\"@id\":\"https:\/\/pistas365.com\/elcapitan\/#website\",\"url\":\"https:\/\/pistas365.com\/elcapitan\/\",\"name\":\"El Capitan\",\"description\":\"Sport Center\",\"publisher\":{\"@id\":\"https:\/\/pistas365.com\/elcapitan\/#organization\"},\"potentialAction\":[{\"@type\":\"SearchAction\",\"target\":{\"@type\":\"EntryPoint\",\"urlTemplate\":\"https:\/\/pistas365.com\/elcapitan\/?s={search_term_string}\"},\"query-input\":\"required name=search_term_string\"}],\"inLanguage\":\"es\"},{\"@type\":\"Organization\",\"@id\":\"https:\/\/pistas365.com\/elcapitan\/#organization\",\"name\":\"El Capitan Sport Center\",\"url\":\"https:\/\/pistas365.com\/elcapitan\/\",\"logo\":{\"@type\":\"ImageObject\",\"inLanguage\":\"es\",\"@id\":\"https:\/\/pistas365.com\/elcapitan\/#\/schema\/logo\/image\/\",\"url\":\"https:\/\/pistas365.com\/elcapitan\/wp-content\/uploads\/sites\/5\/el-capitan-logo.jpg\",\"contentUrl\":\"https:\/\/pistas365.com\/elcapitan\/wp-content\/uploads\/sites\/5\/el-capitan-logo.jpg\",\"width\":300,\"height\":300,\"caption\":\"El Capitan Sport Center\"},\"image\":{\"@id\":\"https:\/\/pistas365.com\/elcapitan\/#\/schema\/logo\/image\/\"},\"sameAs\":[\"https:\/\/www.instagram.com\/elcapitansport\/\",\"https:\/\/www.facebook.com\/elcapitan.sportcenter\/\"]}]}<\/script>\n<!-- \/ Yoast SEO plugin. -->","yoast_head_json":{"title":"El Capitan - Punta Prima | Padel pickleball, minigolf.","description":"El Capitan Sport Center es un centro familiar de padel, pickleball y minigolf situado en Punta Prima, a las afueras de Torrevieja.","robots":{"index":"index","follow":"follow","max-snippet":"max-snippet:-1","max-image-preview":"max-image-preview:large","max-video-preview":"max-video-preview:-1"},"canonical":"https:\/\/pistas365.com\/elcapitan\/es\/","og_locale":"es_ES","og_type":"article","og_title":"El Capitan - Punta Prima | Padel pickleball, minigolf.","og_description":"El Capitan Sport Center is a family owned padel, pickleball and minigolf facility located in Punta Prima just outside of Torrevieja.","og_url":"https:\/\/pistas365.com\/elcapitan\/es\/","og_site_name":"El Capitan","article_publisher":"https:\/\/www.facebook.com\/elcapitan.sportcenter\/","article_modified_time":"2024-04-05T12:43:03+00:00","og_image":[{"width":785,"height":501,"url":"https:\/\/pistas365.com\/elcapitan\/wp-content\/uploads\/sites\/5\/elcapitan-pistas.jpg","type":"image\/jpeg"}],"twitter_card":"summary_large_image","twitter_misc":{"Tiempo de lectura":"2 minutos"},"schema":{"@context":"https:\/\/schema.org","@graph":[{"@type":"WebPage","@id":"https:\/\/pistas365.com\/elcapitan\/","url":"https:\/\/pistas365.com\/elcapitan\/","name":"El Capitan - Punta Prima | Padel pickleball, minigolf.","isPartOf":{"@id":"https:\/\/pistas365.com\/elcapitan\/#website"},"datePublished":"2022-03-10T12:00:46+00:00","dateModified":"2024-04-05T12:43:03+00:00","description":"El Capitan Sport Center es un centro familiar de padel, pickleball y minigolf situado en Punta Prima, a las afueras de Torrevieja.","breadcrumb":{"@id":"https:\/\/pistas365.com\/elcapitan\/#breadcrumb"},"inLanguage":"es","potentialAction":[{"@type":"ReadAction","target":["https:\/\/pistas365.com\/elcapitan\/"]}]},{"@type":"BreadcrumbList","@id":"https:\/\/pistas365.com\/elcapitan\/#breadcrumb","itemListElement":[{"@type":"ListItem","position":1,"name":"Home","item":"https:\/\/pistas365.com\/elcapitan\/"},{"@type":"ListItem","position":2,"name":"El Capitan in Punta Prima"}]},{"@type":"WebSite","@id":"https:\/\/pistas365.com\/elcapitan\/#website","url":"https:\/\/pistas365.com\/elcapitan\/","name":"El Capit\u00e1n","description":"Centro deportivo","publisher":{"@id":"https:\/\/pistas365.com\/elcapitan\/#organization"},"potentialAction":[{"@type":"SearchAction","target":{"@type":"EntryPoint","urlTemplate":"https:\/\/pistas365.com\/elcapitan\/?s={search_term_string}"},"query-input":"required name=search_term_string"}],"inLanguage":"es"},{"@type":"Organization","@id":"https:\/\/pistas365.com\/elcapitan\/#organization","name":"Centro Deportivo El Capit\u00e1n","url":"https:\/\/pistas365.com\/elcapitan\/","logo":{"@type":"ImageObject","inLanguage":"es","@id":"https:\/\/pistas365.com\/elcapitan\/#\/schema\/logo\/image\/","url":"https:\/\/pistas365.com\/elcapitan\/wp-content\/uploads\/sites\/5\/el-capitan-logo.jpg","contentUrl":"https:\/\/pistas365.com\/elcapitan\/wp-content\/uploads\/sites\/5\/el-capitan-logo.jpg","width":300,"height":300,"caption":"El Capitan Sport Center"},"image":{"@id":"https:\/\/pistas365.com\/elcapitan\/#\/schema\/logo\/image\/"},"sameAs":["https:\/\/www.instagram.com\/elcapitansport\/","https:\/\/www.facebook.com\/elcapitan.sportcenter\/"]}]}},"_links":{"self":[{"href":"https:\/\/pistas365.com\/elcapitan\/es\/wp-json\/wp\/v2\/pages\/12"}],"collection":[{"href":"https:\/\/pistas365.com\/elcapitan\/es\/wp-json\/wp\/v2\/pages"}],"about":[{"href":"https:\/\/pistas365.com\/elcapitan\/es\/wp-json\/wp\/v2\/types\/page"}],"author":[{"embeddable":true,"href":"https:\/\/pistas365.com\/elcapitan\/es\/wp-json\/wp\/v2\/users\/1"}],"replies":[{"embeddable":true,"href":"https:\/\/pistas365.com\/elcapitan\/es\/wp-json\/wp\/v2\/comments?post=12"}],"version-history":[{"count":31,"href":"https:\/\/pistas365.com\/elcapitan\/es\/wp-json\/wp\/v2\/pages\/12\/revisions"}],"predecessor-version":[{"id":403,"href":"https:\/\/pistas365.com\/elcapitan\/es\/wp-json\/wp\/v2\/pages\/12\/revisions\/403"}],"wp:featuredmedia":[{"embeddable":true,"href":"https:\/\/pistas365.com\/elcapitan\/es\/wp-json\/wp\/v2\/media\/389"}],"wp:attachment":[{"href":"https:\/\/pistas365.com\/elcapitan\/es\/wp-json\/wp\/v2\/media?parent=12"}],"wp:term":[{"taxonomy":"post_tag","embeddable":true,"href":"https:\/\/pistas365.com\/elcapitan\/es\/wp-json\/wp\/v2\/tags?post=12"}],"curies":[{"name":"wp","href":"https:\/\/api.w.org\/{rel}","templated":true}]}}