{"id":12,"date":"2022-03-10T13:00:46","date_gmt":"2022-03-10T12:00:46","guid":{"rendered":"https:\/\/pistas365.com\/elcapitan\/?page_id=12"},"modified":"2024-04-05T14:43:03","modified_gmt":"2024-04-05T12:43:03","slug":"el-capitan","status":"publish","type":"page","link":"https:\/\/pistas365.com\/elcapitan\/de\/","title":{"rendered":"El Capitan in Punta Prima"},"content":{"rendered":"<p><strong>Das El Capitan Sport Center ist eine familiengef\u00fchrte Padel-, Pickleball- und Minigolfanlage in Punta Prima, etwas au\u00dferhalb von Torrevieja.<\/strong><\/p>\n<h2>Padel im El Capitan<\/h2>\n<p>El Capitan bietet eine Vielzahl von Aktivit\u00e4ten, aber der Schwerpunkt liegt hier auf Padel. Das durchschnittliche Spielerniveau liegt bei Anf\u00e4ngern bis Fortgeschrittenen und die Atmosph\u00e4re rund um die Spiele ist entspannt und freundlich.<\/p>\n<p>Das bietet El Capitan in Bezug auf Padel:<\/p>\n<ul>\n<li><strong>Padel-Pl\u00e4tze<\/strong> - 4 Padelpl\u00e4tze im Freien k\u00f6nnen gemietet werden.<\/li>\n<li><strong>Padel-Veranstaltungen<\/strong> - w\u00f6chentliche Padel-Wettbewerbe und Pay-and-Play-Padel.<\/li>\n<li><strong>Padel Laden<\/strong> - El Capitan hat einen kleinen Padel-Laden, in dem Padel-Schl\u00e4ger und Padel-B\u00e4lle verkauft werden.<\/li>\n<li><strong>Padel-Ausbildung<\/strong> - Es gibt Padel-Trainer, die gebucht werden k\u00f6nnen.<\/li>\n<li><strong>Padel-Schl\u00e4ger mieten<\/strong> - Padelschl\u00e4ger k\u00f6nnen gemietet werden.<\/li>\n<\/ul>\n<h2>Padel buchen<\/h2>\n<p>El Capitan Sport Center ist nicht online buchbar hier auf pistas365.com. Ihre n\u00e4chsten Optionen f\u00fcr Online-Padel-Buchung mit uns ist:<\/p>\n<ul>\n<li><a href=\"https:\/\/pistas365.com\/losangelespadel\/\" target=\"_blank\" rel=\"noopener\">Los Angeles Padel<\/a> in Torrevieja<\/li>\n<li><a href=\"https:\/\/pistas365.com\/novapadel\/\" target=\"_blank\" rel=\"noopener\">Nova Padel<\/a> in Torrevieja<\/li>\n<\/ul>\n<p>Sind Sie der Eigent\u00fcmer von El Capitan Sports Center? Bitte besuchen Sie unser <a href=\"https:\/\/pistas365.com\/add-your-business\/\" target=\"_blank\" rel=\"noopener\">Partnerseite<\/a> um herauszufinden, wie wir Ihnen helfen k\u00f6nnen, Ihre Buchungen zu steigern.<\/p>\n<h3>Sonstige Dienstleistungen<\/h3>\n<p>Neben dem Padel bietet El Capitan folgendes an:<\/p>\n<ul>\n<li><strong>Minigolf<\/strong> - Es gibt einen Minigolfplatz auf Wettkampfniveau und Schl\u00e4ger k\u00f6nnen gemietet werden.<\/li>\n<li><strong>Pickleball<\/strong> - Es gibt zwei Pickleball-Pl\u00e4tze und Pickleball-Schl\u00e4ger, die man mieten kann.<\/li>\n<li><strong>Bar und Gastst\u00e4tte<\/strong> - Es gibt eine Bar und ein Restaurant.<\/li>\n<\/ul>\n<h3>Standort El Capitan<\/h3>\n<p><iframe loading=\"lazy\" style=\"border: 0;\" src=\"https:\/\/www.google.com\/maps\/embed?pb=!1m18!1m12!1m3!1d3146.414603417104!2d-0.718554884677477!3d37.94410417972897!2m3!1f0!2f0!3f0!3m2!1i1024!2i768!4f13.1!3m3!1m2!1s0xd6307a872de861d%3A0x600064106faa5f07!2sEl%20Capitan%20Sport%20Center!5e0!3m2!1ssv!2ses!4v1658920205725!5m2!1ssv!2ses\" width=\"100%\" height=\"350\" allowfullscreen=\"allowfullscreen\"><\/iframe><\/p>\n<h3>Kontaktinformationen und \u00d6ffnungszeiten<\/h3>\n<p><strong>El Capitan Sportzentrum<\/strong><br \/>\nC. Fragata P Pr, 1 (Punta Prima)<br \/>\n03189 Dehesa de Campoamor, Alicante<br \/>\nTelefon: +34 621 24 73 79<\/p>\n<p>Die normalen \u00d6ffnungszeiten von El Capitan sind Montag bis Sonntag von 08:00-24:00 Uhr.<\/p>","protected":false},"excerpt":{"rendered":"<p>El Capitan Sport Center is a family owned padel, pickleball and minigolf facility located in Punta Prima just outside of Torrevieja. Padel at El Capitan El Capitan offers a variety of activities but padel is the main focus here. The average player is at a beginner to intermediate level and the atmosphere around the matches [&hellip;]<\/p>\n","protected":false},"author":1,"featured_media":389,"parent":0,"menu_order":0,"comment_status":"closed","ping_status":"closed","template":"","meta":{"_acf_changed":false,"footnotes":""},"tags":[],"acf":[],"yoast_head":"<!-- This site is optimized with the Yoast SEO plugin v19.13 - https:\/\/yoast.com\/wordpress\/plugins\/seo\/ -->\n<title>El Capitan - Punta Prima | Padel pickleball, minigolf.<\/title>\n<meta name=\"description\" content=\"El Capitan Sport Center is a family owned padel, pickleball and minigolf facility located in Punta Prima just outside of Torrevieja.\" \/>\n<meta name=\"robots\" content=\"index, follow, max-snippet:-1, max-image-preview:large, max-video-preview:-1\" \/>\n<link rel=\"canonical\" href=\"https:\/\/pistas365.com\/elcapitan\/de\/\" \/>\n<meta property=\"og:locale\" content=\"de_DE\" \/>\n<meta property=\"og:type\" content=\"article\" \/>\n<meta property=\"og:title\" content=\"El Capitan - Punta Prima | Padel pickleball, minigolf.\" \/>\n<meta property=\"og:description\" content=\"El Capitan Sport Center is a family owned padel, pickleball and minigolf facility located in Punta Prima just outside of Torrevieja.\" \/>\n<meta property=\"og:url\" content=\"https:\/\/pistas365.com\/elcapitan\/de\/\" \/>\n<meta property=\"og:site_name\" content=\"El Capitan\" \/>\n<meta property=\"article:publisher\" content=\"https:\/\/www.facebook.com\/elcapitan.sportcenter\/\" \/>\n<meta property=\"article:modified_time\" content=\"2024-04-05T12:43:03+00:00\" \/>\n<meta property=\"og:image\" content=\"https:\/\/pistas365.com\/elcapitan\/wp-content\/uploads\/sites\/5\/elcapitan-pistas.jpg\" \/>\n\t<meta property=\"og:image:width\" content=\"785\" \/>\n\t<meta property=\"og:image:height\" content=\"501\" \/>\n\t<meta property=\"og:image:type\" content=\"image\/jpeg\" \/>\n<meta name=\"twitter:card\" content=\"summary_large_image\" \/>\n<meta name=\"twitter:label1\" content=\"Gesch\u00e4tzte Lesezeit\" \/>\n\t<meta name=\"twitter:data1\" content=\"2\u00a0Minuten\" \/>\n<script type=\"application\/ld+json\" class=\"yoast-schema-graph\">{\"@context\":\"https:\/\/schema.org\",\"@graph\":[{\"@type\":\"WebPage\",\"@id\":\"https:\/\/pistas365.com\/elcapitan\/\",\"url\":\"https:\/\/pistas365.com\/elcapitan\/\",\"name\":\"El Capitan - Punta Prima | Padel pickleball, minigolf.\",\"isPartOf\":{\"@id\":\"https:\/\/pistas365.com\/elcapitan\/#website\"},\"datePublished\":\"2022-03-10T12:00:46+00:00\",\"dateModified\":\"2024-04-05T12:43:03+00:00\",\"description\":\"El Capitan Sport Center is a family owned padel, pickleball and minigolf facility located in Punta Prima just outside of Torrevieja.\",\"breadcrumb\":{\"@id\":\"https:\/\/pistas365.com\/elcapitan\/#breadcrumb\"},\"inLanguage\":\"de\",\"potentialAction\":[{\"@type\":\"ReadAction\",\"target\":[\"https:\/\/pistas365.com\/elcapitan\/\"]}]},{\"@type\":\"BreadcrumbList\",\"@id\":\"https:\/\/pistas365.com\/elcapitan\/#breadcrumb\",\"itemListElement\":[{\"@type\":\"ListItem\",\"position\":1,\"name\":\"Home\",\"item\":\"https:\/\/pistas365.com\/elcapitan\/\"},{\"@type\":\"ListItem\",\"position\":2,\"name\":\"El Capitan in Punta Prima\"}]},{\"@type\":\"WebSite\",\"@id\":\"https:\/\/pistas365.com\/elcapitan\/#website\",\"url\":\"https:\/\/pistas365.com\/elcapitan\/\",\"name\":\"El Capitan\",\"description\":\"Sport Center\",\"publisher\":{\"@id\":\"https:\/\/pistas365.com\/elcapitan\/#organization\"},\"potentialAction\":[{\"@type\":\"SearchAction\",\"target\":{\"@type\":\"EntryPoint\",\"urlTemplate\":\"https:\/\/pistas365.com\/elcapitan\/?s={search_term_string}\"},\"query-input\":\"required name=search_term_string\"}],\"inLanguage\":\"de\"},{\"@type\":\"Organization\",\"@id\":\"https:\/\/pistas365.com\/elcapitan\/#organization\",\"name\":\"El Capitan Sport Center\",\"url\":\"https:\/\/pistas365.com\/elcapitan\/\",\"logo\":{\"@type\":\"ImageObject\",\"inLanguage\":\"de\",\"@id\":\"https:\/\/pistas365.com\/elcapitan\/#\/schema\/logo\/image\/\",\"url\":\"https:\/\/pistas365.com\/elcapitan\/wp-content\/uploads\/sites\/5\/el-capitan-logo.jpg\",\"contentUrl\":\"https:\/\/pistas365.com\/elcapitan\/wp-content\/uploads\/sites\/5\/el-capitan-logo.jpg\",\"width\":300,\"height\":300,\"caption\":\"El Capitan Sport Center\"},\"image\":{\"@id\":\"https:\/\/pistas365.com\/elcapitan\/#\/schema\/logo\/image\/\"},\"sameAs\":[\"https:\/\/www.instagram.com\/elcapitansport\/\",\"https:\/\/www.facebook.com\/elcapitan.sportcenter\/\"]}]}<\/script>\n<!-- \/ Yoast SEO plugin. -->","yoast_head_json":{"title":"El Capitan - Punta Prima | Padel Pickleball, Minigolf.","description":"Das El Capitan Sport Center ist eine familiengef\u00fchrte Padel-, Pickleball- und Minigolfanlage in Punta Prima, etwas au\u00dferhalb von Torrevieja.","robots":{"index":"index","follow":"follow","max-snippet":"max-snippet:-1","max-image-preview":"max-image-preview:large","max-video-preview":"max-video-preview:-1"},"canonical":"https:\/\/pistas365.com\/elcapitan\/de\/","og_locale":"de_DE","og_type":"article","og_title":"El Capitan - Punta Prima | Padel pickleball, minigolf.","og_description":"El Capitan Sport Center is a family owned padel, pickleball and minigolf facility located in Punta Prima just outside of Torrevieja.","og_url":"https:\/\/pistas365.com\/elcapitan\/de\/","og_site_name":"El Capitan","article_publisher":"https:\/\/www.facebook.com\/elcapitan.sportcenter\/","article_modified_time":"2024-04-05T12:43:03+00:00","og_image":[{"width":785,"height":501,"url":"https:\/\/pistas365.com\/elcapitan\/wp-content\/uploads\/sites\/5\/elcapitan-pistas.jpg","type":"image\/jpeg"}],"twitter_card":"summary_large_image","twitter_misc":{"Gesch\u00e4tzte Lesezeit":"2\u00a0Minuten"},"schema":{"@context":"https:\/\/schema.org","@graph":[{"@type":"WebPage","@id":"https:\/\/pistas365.com\/elcapitan\/","url":"https:\/\/pistas365.com\/elcapitan\/","name":"El Capitan - Punta Prima | Padel Pickleball, Minigolf.","isPartOf":{"@id":"https:\/\/pistas365.com\/elcapitan\/#website"},"datePublished":"2022-03-10T12:00:46+00:00","dateModified":"2024-04-05T12:43:03+00:00","description":"Das El Capitan Sport Center ist eine familiengef\u00fchrte Padel-, Pickleball- und Minigolfanlage in Punta Prima, etwas au\u00dferhalb von Torrevieja.","breadcrumb":{"@id":"https:\/\/pistas365.com\/elcapitan\/#breadcrumb"},"inLanguage":"de","potentialAction":[{"@type":"ReadAction","target":["https:\/\/pistas365.com\/elcapitan\/"]}]},{"@type":"BreadcrumbList","@id":"https:\/\/pistas365.com\/elcapitan\/#breadcrumb","itemListElement":[{"@type":"ListItem","position":1,"name":"Home","item":"https:\/\/pistas365.com\/elcapitan\/"},{"@type":"ListItem","position":2,"name":"El Capitan in Punta Prima"}]},{"@type":"WebSite","@id":"https:\/\/pistas365.com\/elcapitan\/#website","url":"https:\/\/pistas365.com\/elcapitan\/","name":"El Capitan","description":"Sportzentrum","publisher":{"@id":"https:\/\/pistas365.com\/elcapitan\/#organization"},"potentialAction":[{"@type":"SearchAction","target":{"@type":"EntryPoint","urlTemplate":"https:\/\/pistas365.com\/elcapitan\/?s={search_term_string}"},"query-input":"required name=search_term_string"}],"inLanguage":"de"},{"@type":"Organization","@id":"https:\/\/pistas365.com\/elcapitan\/#organization","name":"El Capitan Sportzentrum","url":"https:\/\/pistas365.com\/elcapitan\/","logo":{"@type":"ImageObject","inLanguage":"de","@id":"https:\/\/pistas365.com\/elcapitan\/#\/schema\/logo\/image\/","url":"https:\/\/pistas365.com\/elcapitan\/wp-content\/uploads\/sites\/5\/el-capitan-logo.jpg","contentUrl":"https:\/\/pistas365.com\/elcapitan\/wp-content\/uploads\/sites\/5\/el-capitan-logo.jpg","width":300,"height":300,"caption":"El Capitan Sport Center"},"image":{"@id":"https:\/\/pistas365.com\/elcapitan\/#\/schema\/logo\/image\/"},"sameAs":["https:\/\/www.instagram.com\/elcapitansport\/","https:\/\/www.facebook.com\/elcapitan.sportcenter\/"]}]}},"_links":{"self":[{"href":"https:\/\/pistas365.com\/elcapitan\/de\/wp-json\/wp\/v2\/pages\/12"}],"collection":[{"href":"https:\/\/pistas365.com\/elcapitan\/de\/wp-json\/wp\/v2\/pages"}],"about":[{"href":"https:\/\/pistas365.com\/elcapitan\/de\/wp-json\/wp\/v2\/types\/page"}],"author":[{"embeddable":true,"href":"https:\/\/pistas365.com\/elcapitan\/de\/wp-json\/wp\/v2\/users\/1"}],"replies":[{"embeddable":true,"href":"https:\/\/pistas365.com\/elcapitan\/de\/wp-json\/wp\/v2\/comments?post=12"}],"version-history":[{"count":31,"href":"https:\/\/pistas365.com\/elcapitan\/de\/wp-json\/wp\/v2\/pages\/12\/revisions"}],"predecessor-version":[{"id":403,"href":"https:\/\/pistas365.com\/elcapitan\/de\/wp-json\/wp\/v2\/pages\/12\/revisions\/403"}],"wp:featuredmedia":[{"embeddable":true,"href":"https:\/\/pistas365.com\/elcapitan\/de\/wp-json\/wp\/v2\/media\/389"}],"wp:attachment":[{"href":"https:\/\/pistas365.com\/elcapitan\/de\/wp-json\/wp\/v2\/media?parent=12"}],"wp:term":[{"taxonomy":"post_tag","embeddable":true,"href":"https:\/\/pistas365.com\/elcapitan\/de\/wp-json\/wp\/v2\/tags?post=12"}],"curies":[{"name":"wp","href":"https:\/\/api.w.org\/{rel}","templated":true}]}}