{"id":898,"date":"2025-02-21T12:58:46","date_gmt":"2025-02-21T11:58:46","guid":{"rendered":"https:\/\/pistas365.com\/?page_id=898"},"modified":"2026-02-24T09:56:47","modified_gmt":"2026-02-24T08:56:47","slug":"erfolgreiche-padel-anlage","status":"publish","type":"page","link":"https:\/\/pistas365.com\/de\/padel\/information\/successful-padel-facility\/","title":{"rendered":"Wie man eine erfolgreiche Padel-Anlage schafft"},"content":{"rendered":"<p><strong>Bei der Schaffung einer erfolgreichen Padel-Anlage geht es in erster Linie darum, ein Umfeld zu schaffen, das den Besuchern tolle Erlebnisse bietet.<\/strong><\/p>\n<p>Es ist wichtig zu bedenken, dass ein Padelerlebnis aus mehreren Teilen besteht. Zusammen bilden diese Teile das Gesamterlebnis, das den Besucher dazu bewegt, wiederzukommen.<\/p>\n<p>Schauen wir uns einige der praktischen Komponenten eines fantastischen Padelerlebnisses genauer an!<\/p>\n<div class=\"accordion-section\">\r\n<h3 class=\"accordion-section-title\" data-item=\"accordion-1-provide-online-booking\">1. Online-Reservierung bereitstellen<\/h3>\r\n<div class=\"accordion-section-content\" data-item=\"accordion-1-provide-online-booking\"><\/p>\n<p><strong>Die erste H\u00fcrde, die ein neuer Besucher nehmen muss, ist die Buchung eines Platzes. Dies muss sich einfach und sicher anf\u00fchlen.<\/strong><\/p>\n<ol>\n<li><strong>Sie ben\u00f6tigen<\/strong> eine repr\u00e4sentative und benutzerfreundliche Website. Dies ist das Gesch\u00e4ft, das Ihr Besucher betritt und das seinen ersten Eindruck vermittelt.<\/li>\n<li><strong>\u00a0Wenn Ihr<\/strong> Wenn Ihr Zielpublikum aus Besuchern aus verschiedenen L\u00e4ndern besteht, sollten Sie in der Lage sein, sie in ihrer eigenen Sprache zu empfangen.<\/li>\n<li><strong>Einfache Online-Buchung<\/strong> - Padelspieler erwarten, dass sie mit ihrem Telefon freie Termine finden und buchen k\u00f6nnen. Eine an das Handy angepasste Website mit einfacher Buchung ist ein Muss.<\/li>\n<li><strong>Eine mobile App<\/strong> f\u00fcr die Buchung kann gut sein, aber bedenken Sie, dass vor\u00fcbergehende Besucher m\u00f6glicherweise nicht bereit sind, ein Konto herunterzuladen, zu verstehen, zu erstellen und Kreditkarteninformationen anzugeben, um eine Buchung bei Ihnen vorzunehmen.<\/li>\n<\/ol>\n<p><\/div>\r\n<\/div>\r\n\n<div class=\"accordion-section\">\r\n<h3 class=\"accordion-section-title\" data-item=\"accordion-2-make-a-strong-first-impression\">2. Einen starken ersten Eindruck hinterlassen<\/h3>\r\n<div class=\"accordion-section-content\" data-item=\"accordion-2-make-a-strong-first-impression\"><\/p>\n<p><strong>Der erste Eindruck ist entscheidend. Sie k\u00f6nnen ihn beeinflussen, indem Sie die praktischen Bed\u00fcrfnisse und \u00e4sthetischen Erwartungen Ihrer Besucher erf\u00fcllen. Sie wollen eine Umgebung bieten, die ansprechend und leicht zu navigieren ist.<\/strong><\/p>\n<ol>\n<li><strong>Zugang<\/strong> - Wenn ein Spieler an einer Padel-Anlage ankommt, m\u00f6chte er problemlos parken und den richtigen Platz finden k\u00f6nnen.<\/li>\n<li><strong>Rezeption<\/strong> - Wenn es in der Einrichtung Personal gibt, muss dieses den Besucher korrekt empfangen und f\u00fchren. Wenn die Einrichtung nicht besetzt ist, muss der Besucher vor und w\u00e4hrend seines Besuchs klare Anweisungen erhalten. Dies bedeutet, dass klare Informationen in der Buchungsbest\u00e4tigung enthalten sein m\u00fcssen und die Einrichtung gut ausgeschildert sein muss.<\/li>\n<li><strong>Umwelt<\/strong> - Es ist wichtig zu bedenken, dass ein Padelerlebnis stark von der Umgebung beeinflusst wird, in der es stattfindet. Ein intaktes und sauberes Umfeld ist ein Minimum f\u00fcr ein Drei-Sterne-Erlebnis.<\/li>\n<li><strong>F\u00fcr diese<\/strong> die ihren Besuchern ein Vier- oder F\u00fcnf-Sterne-Erlebnis bieten wollen, geht es darum, eine \u00e4sthetisch ansprechende und komfortable Umgebung ohne sichtbare M\u00e4ngel zu schaffen. In einer Einrichtung ohne Personal kann die Konzentration auf die Umgebung den Serviceverlust aufgrund des fehlenden pers\u00f6nlichen Empfangs kompensieren.<\/li>\n<li><strong>Serviceeinrichtungen<\/strong> - Padel-Spieler erwarten Zugang zu Toiletten sowie den Verkauf von Wasser, B\u00e4llen, Griffen und den Verleih von Padel-Schl\u00e4gern vor ihrem Spiel.<\/li>\n<\/ol>\n<p><\/div>\r\n<\/div>\r\n\n<div class=\"accordion-section\">\r\n<h3 class=\"accordion-section-title\" data-item=\"accordion-3-deliver-a-great-game-experience\">3. Ein gro\u00dfartiges Spielerlebnis bieten<\/h3>\r\n<div class=\"accordion-section-content\" data-item=\"accordion-3-deliver-a-great-game-experience\"><\/p>\n<p><strong>Das Spielerlebnis auf einem Padelplatz h\u00e4ngt von der Qualit\u00e4t und dem Zustand des Platzes ab.<\/strong><\/p>\n<ol>\n<li><strong>Eine gute<\/strong> Der Qualit\u00e4tsplatz hat ein gleichm\u00e4\u00dfiges Sprungverhalten \u00fcber die gesamte Oberfl\u00e4che mit nur wenigen unebenen Bereichen, in denen der Ball unvorhersehbar abprallt.<\/li>\n<li><strong>Der Platz<\/strong> sollte eine gleichm\u00e4\u00dfige, gut verteilte Sandschicht aufweisen. Bereiche mit viel Sand auf der Oberfl\u00e4che beeintr\u00e4chtigen die Sprungkraft des Balls und erh\u00f6hen das Risiko von Ausrutschern und Verletzungen.<\/li>\n<li><strong>Die Netze<\/strong> sollte intakt und gut gespannt sein. Ein breiteres Band an der Oberseite des Netzes hat keine praktischen Auswirkungen, tr\u00e4gt aber zu einem hochwertigen Eindruck bei.<\/li>\n<li><strong>Die Entscheidung des pl\u00e4tze<\/strong> Das Glas sollte gut poliert sein, und das Spielfeld sollte frei von Verunreinigungen sein.<\/li>\n<li><strong>Die Pl\u00e4tzen<\/strong> d\u00fcrfen keine M\u00e4ngel an Beschl\u00e4gen, Z\u00e4unen, Netzinstallationen oder anderen Dingen aufweisen, die das Verletzungsrisiko w\u00e4hrend des Spiels erh\u00f6hen k\u00f6nnten.<\/li>\n<li><strong>Die Pl\u00e4tzen<\/strong>\u00a0sollten mit Nummern und etwaigen Benutzungsregeln gut beschriftet sein. Auf jedem Platz sollten auch Informationen \u00fcber Buchungen und andere Dienstleistungen verf\u00fcgbar sein.<\/li>\n<li><strong>A-Schutz<\/strong> Ein Netz, das die Anzahl der aus dem Spielfeld geschlagenen B\u00e4lle reduziert, sollte an der kurzen Seite des Spielfelds, aber auch an der langen Seite installiert werden, falls erforderlich. Vor allem, wenn die Gefahr von Ballverlusten besteht. Dadurch werden Spielunterbrechungen sowohl auf dem eigenen als auch auf den benachbarten Pl\u00e4tzen reduziert.<\/li>\n<li><strong>Au\u00dferhalb der<\/strong> Am Eingang des Platzes sollten vier Sitzpl\u00e4tze zur Verf\u00fcgung stehen. Ein Bonus ist, wenn es auch Zugang zu Schatten und einem Tisch gibt.<\/li>\n<li><strong>Je besser<\/strong> je besser der optische Zustand eines Platzes, desto besser das Spielerlebnis. Versuchen Sie, alle sichtbaren Sch\u00e4den wie Rostflecken, unebene Z\u00e4une, Netzreparaturen, lose Kabel und andere Dinge, die das Auge st\u00f6ren k\u00f6nnen, zu beseitigen.<\/li>\n<\/ol>\n<p><\/div>\r\n<\/div>\r\n\n<div class=\"accordion-section\">\r\n<h3 class=\"accordion-section-title\" data-item=\"accordion-4-don-t-forget-the-after-padel\">4. Vergessen Sie nicht die After-Padel<\/h3>\r\n<div class=\"accordion-section-content\" data-item=\"accordion-4-don-t-forget-the-after-padel\"><\/p>\n<p><strong>Padel ist ein geselliger Sport, und die meisten Padelspieler legen gro\u00dfen Wert auf das, was au\u00dferhalb des Platzes passiert. <\/strong><\/p>\n<p>Die Schaffung eines Umfelds und einer Atmosph\u00e4re, die zu einem gro\u00dfartigen Erlebnis nach der Verleihung beitr\u00e4gt, st\u00e4rkt das Gemeinschaftsgef\u00fchl und tr\u00e4gt zum Gesamterlebnis bei.<\/p>\n<ol>\n<li><strong>Eine sch\u00f6ne Bar<\/strong> und Restaurant mit Blick auf die Pl\u00e4tze ist ein Traum f\u00fcr jeden durstigen und geselligen Padelspieler.<\/li>\n<li><strong>In Abwesenheit<\/strong> einer Bar und eines Restaurants sollte es einen weiteren netten Treffpunkt mit Tischen, St\u00fchlen und einem schattigen Platz geben. Je ansprechender diese Umgebung ist, desto mehr werden sich Ihre Besucher angesprochen f\u00fchlen.<\/li>\n<\/ol>\n<p><\/div>\r\n<\/div>\r\n\n<hr \/>\n<p>Dieser Text fasst einige der physischen Faktoren zusammen, die nach unserer Erfahrung bei unseren eigenen Kunden und in Padel-Einrichtungen auf der ganzen Welt zum Erfolg f\u00fchren. Wir hoffen, dass einige dieser Faktoren Ihnen helfen k\u00f6nnen, weiterhin erfolgreich zu sein!<\/p>\n<p>In unserem n\u00e4chsten Artikel (der in K\u00fcrze erscheint) werden wir uns n\u00e4her mit dem Betrieb und der Verwaltung befassen.<\/p>","protected":false},"excerpt":{"rendered":"<p>Creating a successful padel facility fundamentally revolves around creating an environment that delivers great experiences to its visitors. It is important to remember that a padel experience consists of several parts. Together, these parts form the overall experience that makes the visitor choose to return. Let&#8217;s take a closer look at the some of the [&hellip;]<\/p>\n","protected":false},"author":1,"featured_media":900,"parent":591,"menu_order":5,"comment_status":"closed","ping_status":"closed","template":"","meta":{"_acf_changed":false,"footnotes":""},"tags":[],"acf":[],"_links":{"self":[{"href":"https:\/\/pistas365.com\/de\/wp-json\/wp\/v2\/pages\/898"}],"collection":[{"href":"https:\/\/pistas365.com\/de\/wp-json\/wp\/v2\/pages"}],"about":[{"href":"https:\/\/pistas365.com\/de\/wp-json\/wp\/v2\/types\/page"}],"author":[{"embeddable":true,"href":"https:\/\/pistas365.com\/de\/wp-json\/wp\/v2\/users\/1"}],"replies":[{"embeddable":true,"href":"https:\/\/pistas365.com\/de\/wp-json\/wp\/v2\/comments?post=898"}],"version-history":[{"count":4,"href":"https:\/\/pistas365.com\/de\/wp-json\/wp\/v2\/pages\/898\/revisions"}],"predecessor-version":[{"id":960,"href":"https:\/\/pistas365.com\/de\/wp-json\/wp\/v2\/pages\/898\/revisions\/960"}],"up":[{"embeddable":true,"href":"https:\/\/pistas365.com\/de\/wp-json\/wp\/v2\/pages\/591"}],"wp:featuredmedia":[{"embeddable":true,"href":"https:\/\/pistas365.com\/de\/wp-json\/wp\/v2\/media\/900"}],"wp:attachment":[{"href":"https:\/\/pistas365.com\/de\/wp-json\/wp\/v2\/media?parent=898"}],"wp:term":[{"taxonomy":"post_tag","embeddable":true,"href":"https:\/\/pistas365.com\/de\/wp-json\/wp\/v2\/tags?post=898"}],"curies":[{"name":"wp","href":"https:\/\/api.w.org\/{rel}","templated":true}]}}