{"id":730,"date":"2023-02-28T14:23:47","date_gmt":"2023-02-28T13:23:47","guid":{"rendered":"https:\/\/pistas365.com\/?page_id=730"},"modified":"2023-03-30T14:15:31","modified_gmt":"2023-03-30T12:15:31","slug":"siegergericht","status":"publish","type":"page","link":"https:\/\/pistas365.com\/de\/padel\/information\/rules\/winners-court\/","title":{"rendered":"Gewinnerplatz Padel-Turnier"},"content":{"rendered":"<p><strong>Der Gewinnerplatz Turnier basiert auf dem klassischen Spiel \"K\u00f6nig des H\u00fcgels\". Es ist einfach zu arrangieren und eignet sich gut f\u00fcr Spieler verschiedener Niveaus.\u00a0<\/strong><\/p>\n<p>Das Ziel dieses Turniers ist ganz einfach. Ihr m\u00fcsst euch bis auf Der platz der Gewinner vork\u00e4mpfen und euren Platz dort bis zum Ende verteidigen.<\/p>\n<h2>Regeln f\u00fcr einen Gewinnerplatz<\/h2>\n<p>Das Gewinnerplatz Turnier wird in Teams gespielt. Die Teams k\u00f6nnen f\u00fcr die Dauer des Turniers feststehen oder nach jeder Runde neu zusammengestellt werden.<\/p>\n<ol>\n<li>Vor der ersten Spielrunde werden die Gegner und die Startpl\u00e4tze der einzelnen Mannschaften ausgelost.<\/li>\n<li>Sobald das Spiel begonnen hat, sind die Regeln einfach. Die siegreiche Mannschaft r\u00fcckt eine Ebene (Spielplatz) auf, die unterlegene Mannschaft r\u00fcckt ab.<\/li>\n<li>Ein Sieg auf Der platz der Gewinner bedeutet, dass der Spieler seinen Platz beh\u00e4lt.<\/li>\n<li>Ziel ist es, das letzte Spiel auf Der platz der Gewinner zu gewinnen.<\/li>\n<li>Die Spiele k\u00f6nnen nach einem beliebigen Z\u00e4hlsystem ausgetragen werden. Wichtig ist, dass kein Spiel unentschieden enden darf.<\/li>\n<li>Sie k\u00f6nnen um eine vorgegebene Anzahl von Punkten oder Spielen spielen oder einen Timer verwenden, um alle Spiele gleich lang zu halten.<\/li>\n<li>Die letzten M\u00e4nner oder Frauen, die nach dem letzten Spiel als Sieger auf Der platz der Gewinner stehen, sind die Gewinner des Turniers.<\/li>\n<\/ol>\n<h3>Gewinnerplatz Americano<\/h3>\n<p>Das Gewinnerplatz Turnier wird normalerweise in festen Teams gespielt, kann aber auch einzeln ausgetragen werden. Diese Spielart wird manchmal Gewinnerplatz Americano, Split oder Mix genannt.<\/p>\n<ol>\n<li>In der ersten Runde werden die Spielpartner, Startpl\u00e4tze und Gegner ausgelost.<\/li>\n<li>Bei jedem neuen Spiel werden die Spielpartner gewechselt.<\/li>\n<li>Im Falle eines Sieges r\u00fccken die Gewinner ein Feld vor UND wechseln den Partner. Die Verlierer r\u00fccken ein Feld zur\u00fcck UND wechseln den Partner.<\/li>\n<li>Ein Sieg auf dem \"Winners Court\" bedeutet, dass die Spieler ihren Platz behalten, aber im n\u00e4chsten Spiel mit neuen Mannschaftskameraden spielen werden.<\/li>\n<\/ol>\n<h3>Gewinner Court Challenger<\/h3>\n<p>Bei einem Winners-Court-Turnier wird die Anzahl der Mannschaften in der Regel gleichm\u00e4\u00dfig durch die Anzahl der Spielfelder geteilt. 6 Mannschaften = 3 Spielfelder. Sie k\u00f6nnen jedoch ein zus\u00e4tzliches Herausfordererteam hinzuf\u00fcgen. Das bedeutet 3 Spielfelder = 7 Mannschaften. 6 Teams spielen, ein Team ruht.<\/p>\n<ol>\n<li>Das Herausforderer-Team muss auf seine Chance warten, in das Spiel einzusteigen.<\/li>\n<li>Nach der ersten Runde tauschen die Herausforderer die Pl\u00e4tze mit den Verlierern auf dem Platz, der am weitesten vom Platz der Gewinner entfernt ist.<\/li>\n<li>Um im Spiel zu bleiben, muss der Herausforderer sein Spiel gewinnen. Wenn sie verlieren, m\u00fcssen sie den Platz verlassen und eine weitere Runde warten.<\/li>\n<\/ol>\n<h2>Organisation eines Gewinnerplatz Turniers<\/h2>\n<p>Der Gewinnerplatz Turnier ist wahrscheinlich das am einfachsten zu organisierende Turnier, das es gibt.<\/p>\n<ul>\n<li>Sie ben\u00f6tigen mindestens 8 Spieler oder 6 Teams.<\/li>\n<li>Es gibt keine Obergrenze f\u00fcr die Anzahl der Teilnehmer, aber es ist am besten, wenn die Anzahl der Spieler durch vier teilbar ist.<\/li>\n<li>Sie k\u00f6nnen um eine beliebige Anzahl von Punkten spielen. 25 Punkte funktionieren in der Regel gut.<\/li>\n<li>Die Verwendung eines Timers hilft dabei, das Turnier p\u00fcnktlich zu beenden. Eine Spielzeit von 12-15 Minuten ist normalerweise gut.<\/li>\n<li>Eine weitere gute Alternative, um Ihr Turnier im Zeitplan zu halten, ist es, alle Spiele zu beenden, sobald das erste Spiel der aktuellen Runde vorbei ist.<\/li>\n<\/ul>\n<p>Aufgrund des Gewinnerplatz-Spielsystems k\u00f6nnen Sie mehrmals mit denselben Partnern und Gegnern spielen. Gleichzeitig sorgt dieses Turnier f\u00fcr ausgeglichene Spiele, denn je besser man spielt, desto h\u00e4rter wird der Gegner.<\/p>\n<p>Insgesamt ist der Gewinnerplatz-Turnier eine der besten M\u00f6glichkeiten, sich im Padel zu messen und Spa\u00df zu haben. Es hat alle Vorteile des <a href=\"https:\/\/pistas365.com\/de\/padel\/informationen\/regeln\/americano-turnier\/\">Padel Americano<\/a> und <a href=\"https:\/\/pistas365.com\/de\/padel\/informationen\/regeln\/mexicano-turnier\/\">Padel Mexicano<\/a> ist aber leichter zu organisieren und kann noch wettbewerbsf\u00e4higer sein.<\/p>","protected":false},"excerpt":{"rendered":"<p>The Winners Court tournament is based on the classic game &#8220;King Of The Hill&#8221;. It is simple to arrange and works well for players at different levels.\u00a0 The objective of this tournament is really simple. You need to fight your way up to winners court and then defend your place there until the end. Rules [&hellip;]<\/p>\n","protected":false},"author":1,"featured_media":738,"parent":637,"menu_order":3,"comment_status":"closed","ping_status":"closed","template":"","meta":{"_acf_changed":false,"footnotes":""},"tags":[],"acf":[],"_links":{"self":[{"href":"https:\/\/pistas365.com\/de\/wp-json\/wp\/v2\/pages\/730"}],"collection":[{"href":"https:\/\/pistas365.com\/de\/wp-json\/wp\/v2\/pages"}],"about":[{"href":"https:\/\/pistas365.com\/de\/wp-json\/wp\/v2\/types\/page"}],"author":[{"embeddable":true,"href":"https:\/\/pistas365.com\/de\/wp-json\/wp\/v2\/users\/1"}],"replies":[{"embeddable":true,"href":"https:\/\/pistas365.com\/de\/wp-json\/wp\/v2\/comments?post=730"}],"version-history":[{"count":3,"href":"https:\/\/pistas365.com\/de\/wp-json\/wp\/v2\/pages\/730\/revisions"}],"predecessor-version":[{"id":757,"href":"https:\/\/pistas365.com\/de\/wp-json\/wp\/v2\/pages\/730\/revisions\/757"}],"up":[{"embeddable":true,"href":"https:\/\/pistas365.com\/de\/wp-json\/wp\/v2\/pages\/637"}],"wp:featuredmedia":[{"embeddable":true,"href":"https:\/\/pistas365.com\/de\/wp-json\/wp\/v2\/media\/738"}],"wp:attachment":[{"href":"https:\/\/pistas365.com\/de\/wp-json\/wp\/v2\/media?parent=730"}],"wp:term":[{"taxonomy":"post_tag","embeddable":true,"href":"https:\/\/pistas365.com\/de\/wp-json\/wp\/v2\/tags?post=730"}],"curies":[{"name":"wp","href":"https:\/\/api.w.org\/{rel}","templated":true}]}}