{"id":650,"date":"2023-02-16T13:00:17","date_gmt":"2023-02-16T12:00:17","guid":{"rendered":"https:\/\/pistas365.com\/?page_id=650"},"modified":"2023-10-04T16:41:45","modified_gmt":"2023-10-04T14:41:45","slug":"mexicano-turnier","status":"publish","type":"page","link":"https:\/\/pistas365.com\/de\/padel\/information\/rules\/mexicano-tournament\/","title":{"rendered":"Mexicano-Padel-Turnier"},"content":{"rendered":"<p><strong>Das mexicano Padel-Turnier ist eine gro\u00dfartige M\u00f6glichkeit, ein Turnier f\u00fcr Spieler verschiedener Spielst\u00e4rken zu organisieren.<\/strong><\/p>\n<p>Genau wie die <a href=\"https:\/\/pistas365.com\/de\/padel\/informationen\/regeln\/americano-turnier\/\">Americano-Turnier<\/a> Der Mexicano ist sehr gesellig und eine gute M\u00f6glichkeit, gegen neue Gegner zu spielen und neue Freunde zu treffen.<\/p>\n<h2>Regeln des Padel mexicano<\/h2>\n<p><strong>Beim Mexicano ist die Reihenfolge der Gegner nicht vorgegeben, sondern h\u00e4ngt von den Ergebnissen der anderen Spiele ab.<\/strong><\/p>\n<ol>\n<li>Eine Lotterie entscheidet, mit wem und gegen wen Sie in Ihrem ersten Spiel spielen.<\/li>\n<li>Ab dem zweiten Spiel entscheidet das Ergebnis der anderen Spiele \u00fcber Ihren Glauben.<\/li>\n<li>Die Aufteilung der Spiele h\u00e4ngt ganz von den aktuellen Ergebnissen in der Rangliste ab. Nummer 1 und 3 spielen gegen 2 und 4. 5 und 7 spielen gegen 6 und 8 und so weiter.<\/li>\n<li>Wenn sich die Tabelle nach einigen Runden stabilisiert hat, werden die Spiele ausgeglichen sein. Je besser Sie spielen, desto schwieriger ist der Gegner und umgekehrt.<\/li>\n<li>Das Punktesystem des mexicano erm\u00f6glicht es, mehrmals mit und gegen denselben Spieler zu spielen.<\/li>\n<\/ol>\n<h3>Berechnung der Punktzahl<\/h3>\n<ul>\n<li>Jedes Spiel wird um eine bestimmte Anzahl von Punkten gespielt. Normalerweise 16, 24 oder 32. Die Spiele k\u00f6nnen auch \u00fcber eine voreingestellte Zeitspanne von 10-20 Minuten gespielt werden.<\/li>\n<li>Jede Mannschaft schl\u00e4gt 4 oder 6 Mal auf. Dann wird der Aufschlag an den Gegner weitergegeben.<\/li>\n<li>F\u00fcr jeden gewonnenen Ball gibt es einen Punkt f\u00fcr die siegreiche Mannschaft.<\/li>\n<li>Sobald alle Kugeln gespielt sind, wird der Punktestand eingetragen und dann an die einzelnen Spieler \u00fcbertragen. Wenn ein Spiel mit 24 Punkten 10-14 endet, erhalten Spieler 1 und 2 jeweils 10 Punkte. Spieler 3 und 4 erhalten je 14 Punkte.<\/li>\n<li>Wenn alle Spiele gespielt sind, gewinnt der Spieler, der die meisten Punkte gesammelt hat, das Turnier.<\/li>\n<\/ul>\n<h3>Mannschaft mexikanisch<\/h3>\n<p>Mexicano kann in Teams gespielt werden. Es funktioniert genauso wie das Einzelspiel Mexicano, aber anstatt einzeln zu spielen, tritt man in vorher festgelegten Teams an.<\/p>\n<h2>Organisation eines Mexicano-Padel-Turniers<\/h2>\n<p><strong>F\u00fcr ein mexicano Padel-Turnier ben\u00f6tigen Sie mindestens 8 Teilnehmer oder Teams. Es gibt keine Obergrenze f\u00fcr die Anzahl der Teilnehmer, die mitmachen k\u00f6nnen. Es ist jedoch immer am besten, wenn die Zahl durch vier teilbar ist.<\/strong><\/p>\n<ul>\n<li>Die Anzahl der f\u00fcr einen Mexicano ben\u00f6tigten Padelpl\u00e4tze h\u00e4ngt von der Anzahl der Teilnehmer ab.<\/li>\n<li>Am besten ist es, wenn die Anzahl der Pl\u00e4tze der Anzahl der Spieler entspricht. 8 Spieler = 2 Pl\u00e4tze, 12 Spieler = 3 Pl\u00e4tze und so weiter.<\/li>\n<li>Es ist in Ordnung, Spieler mit verschiedenen <a href=\"https:\/\/pistas365.com\/de\/padel\/informationen\/niveaus\/\">Padel-Ebenen<\/a>.<\/li>\n<li>Die normale Spielzeit f\u00fcr ein Mexicano-Turnier betr\u00e4gt etwa 2 Stunden. Ein Spiel mit 24 Punkten dauert etwa 12 Minuten.<\/li>\n<li>Bevor Sie beginnen, bereiten Sie eine Vorlage vor oder verwenden Sie eine App, in die Sie Ihre Ergebnisse eingeben k\u00f6nnen.<\/li>\n<\/ul>","protected":false},"excerpt":{"rendered":"<p>The mexicano padel tournament is a great way to organize a tournament for players at different skill levels. Just like the americano tournament the mexicano is very social and a great way to play new opponents and meet new friends. Rules of padel mexicano In the mexicano the order of who you play against is [&hellip;]<\/p>\n","protected":false},"author":1,"featured_media":654,"parent":637,"menu_order":0,"comment_status":"closed","ping_status":"closed","template":"","meta":{"_acf_changed":false,"footnotes":""},"tags":[],"acf":[],"_links":{"self":[{"href":"https:\/\/pistas365.com\/de\/wp-json\/wp\/v2\/pages\/650"}],"collection":[{"href":"https:\/\/pistas365.com\/de\/wp-json\/wp\/v2\/pages"}],"about":[{"href":"https:\/\/pistas365.com\/de\/wp-json\/wp\/v2\/types\/page"}],"author":[{"embeddable":true,"href":"https:\/\/pistas365.com\/de\/wp-json\/wp\/v2\/users\/1"}],"replies":[{"embeddable":true,"href":"https:\/\/pistas365.com\/de\/wp-json\/wp\/v2\/comments?post=650"}],"version-history":[{"count":4,"href":"https:\/\/pistas365.com\/de\/wp-json\/wp\/v2\/pages\/650\/revisions"}],"predecessor-version":[{"id":791,"href":"https:\/\/pistas365.com\/de\/wp-json\/wp\/v2\/pages\/650\/revisions\/791"}],"up":[{"embeddable":true,"href":"https:\/\/pistas365.com\/de\/wp-json\/wp\/v2\/pages\/637"}],"wp:featuredmedia":[{"embeddable":true,"href":"https:\/\/pistas365.com\/de\/wp-json\/wp\/v2\/media\/654"}],"wp:attachment":[{"href":"https:\/\/pistas365.com\/de\/wp-json\/wp\/v2\/media?parent=650"}],"wp:term":[{"taxonomy":"post_tag","embeddable":true,"href":"https:\/\/pistas365.com\/de\/wp-json\/wp\/v2\/tags?post=650"}],"curies":[{"name":"wp","href":"https:\/\/api.w.org\/{rel}","templated":true}]}}