{"id":639,"date":"2023-02-16T11:22:38","date_gmt":"2023-02-16T10:22:38","guid":{"rendered":"https:\/\/pistas365.com\/?page_id=639"},"modified":"2023-03-01T11:53:48","modified_gmt":"2023-03-01T10:53:48","slug":"americano-turnier","status":"publish","type":"page","link":"https:\/\/pistas365.com\/de\/padel\/information\/rules\/americano-tournament\/","title":{"rendered":"Padel Americano Turnier"},"content":{"rendered":"<p><strong>Padel Americano ist eine der einfachsten und beliebtesten Arten, ein Padel-Turnier zu organisieren. Es macht Spa\u00df, ist fair, sozial und f\u00fcr alle Niveaus und Altersgruppen geeignet.<\/strong><\/p>\n<h2>Regeln des Padel Americano<\/h2>\n<p>Die Regeln f\u00fcr ein Americano-Padel-Turnier sind recht einfach:<\/p>\n<ol>\n<li>Bei Americano treten Sie einzeln an, spielen aber in Paaren.<\/li>\n<li>Die Mannschaften wechseln bei jedem Spiel, und das Turnier ist normalerweise beendet, wenn jeder gegen jeden gespielt hat.<\/li>\n<li>Jedes Spiel wird um eine bestimmte Anzahl von Punkten gespielt. Normalerweise 16, 24 oder 32.<\/li>\n<li>Jedes Team schl\u00e4gt 2-4 Mal auf, dann wird der Aufschlag an den Gegner weitergegeben.<\/li>\n<li>Jede gewonnene Kugel ist einen Punkt wert. Sobald alle Kugeln gespielt wurden, wird der Punktestand eingetragen und dann an die einzelnen Spieler \u00fcbertragen.<\/li>\n<li>Wenn ein Spiel 10-14 endet. Spieler 1 und 2 erhalten jeweils 10 Punkte. Spieler 3 und 4 erhalten je 14 Punkte.<\/li>\n<li>Wenn alle Spiele gespielt sind, gewinnt der Spieler, der die meisten Punkte gesammelt hat, das Turnier.<\/li>\n<\/ol>\n<h3>Team americano<\/h3>\n<p>Americano kann auch in Teams gespielt werden. Es funktioniert genauso wie das Einzel-Americano, aber anstatt einzeln zu spielen, tritt man in vorher festgelegten Teams an.<\/p>\n<h2>Grundlegende Organisation eines Americano-Turniers<\/h2>\n<p>F\u00fcr ein Americano-Padel-Turnier werden mindestens 4 Teilnehmer oder Teams ben\u00f6tigt. Es gibt keine Obergrenze f\u00fcr die Anzahl der Teilnehmer, die mitmachen k\u00f6nnen. Es ist jedoch immer am besten, wenn die Teilnehmerzahl durch vier teilbar ist.<\/p>\n<ul>\n<li>Die Anzahl der ben\u00f6tigten Padelpl\u00e4tze h\u00e4ngt von der Anzahl der Teilnehmer ab.<\/li>\n<li>Am besten ist es, wenn die Anzahl der Pl\u00e4tze der Anzahl der Spieler entspricht. 4 Spieler = 1 Platz, 8 Spieler = 2 Pl\u00e4tze und so weiter.<\/li>\n<li>Es ist in Ordnung, zu mischen <a href=\"https:\/\/pistas365.com\/de\/padel\/informationen\/niveaus\/\">niveaus<\/a> aber wenn die Unterschiede zu gro\u00df sind, k\u00f6nnen Sie erw\u00e4gen, Ihren Americano in getrennte Gruppen aufzuteilen oder die <a href=\"https:\/\/pistas365.com\/de\/padel\/informationen\/regeln\/mexicano-turnier\/\">Mexicano padel<\/a> stattdessen ein Turnier.<\/li>\n<li>Die normale Spielzeit f\u00fcr ein Americano betr\u00e4gt etwa 2 Stunden. Ein Spiel mit 24 Punkten dauert etwa 10 Minuten.<\/li>\n<li>Bevor Sie beginnen, bereiten Sie eine Vorlage vor, in die Sie Punkte und Ergebnisse eintragen k\u00f6nnen.<\/li>\n<\/ul>","protected":false},"excerpt":{"rendered":"<p>Padel Americano is one of the easiest and most appreciated ways to organize a padel tournament. It is fun, fair, social and suitable for all levels and ages. Rules of padel americano The rules of an americano padel tournament are quite simple: In Americano you compete individually but play in pairs. The teams change every [&hellip;]<\/p>\n","protected":false},"author":1,"featured_media":646,"parent":637,"menu_order":0,"comment_status":"closed","ping_status":"closed","template":"","meta":{"_acf_changed":false,"footnotes":""},"tags":[],"acf":[],"_links":{"self":[{"href":"https:\/\/pistas365.com\/de\/wp-json\/wp\/v2\/pages\/639"}],"collection":[{"href":"https:\/\/pistas365.com\/de\/wp-json\/wp\/v2\/pages"}],"about":[{"href":"https:\/\/pistas365.com\/de\/wp-json\/wp\/v2\/types\/page"}],"author":[{"embeddable":true,"href":"https:\/\/pistas365.com\/de\/wp-json\/wp\/v2\/users\/1"}],"replies":[{"embeddable":true,"href":"https:\/\/pistas365.com\/de\/wp-json\/wp\/v2\/comments?post=639"}],"version-history":[{"count":14,"href":"https:\/\/pistas365.com\/de\/wp-json\/wp\/v2\/pages\/639\/revisions"}],"predecessor-version":[{"id":747,"href":"https:\/\/pistas365.com\/de\/wp-json\/wp\/v2\/pages\/639\/revisions\/747"}],"up":[{"embeddable":true,"href":"https:\/\/pistas365.com\/de\/wp-json\/wp\/v2\/pages\/637"}],"wp:featuredmedia":[{"embeddable":true,"href":"https:\/\/pistas365.com\/de\/wp-json\/wp\/v2\/media\/646"}],"wp:attachment":[{"href":"https:\/\/pistas365.com\/de\/wp-json\/wp\/v2\/media?parent=639"}],"wp:term":[{"taxonomy":"post_tag","embeddable":true,"href":"https:\/\/pistas365.com\/de\/wp-json\/wp\/v2\/tags?post=639"}],"curies":[{"name":"wp","href":"https:\/\/api.w.org\/{rel}","templated":true}]}}