{"id":637,"date":"2023-02-16T11:08:54","date_gmt":"2023-02-16T10:08:54","guid":{"rendered":"https:\/\/pistas365.com\/?page_id=637"},"modified":"2025-02-25T09:53:11","modified_gmt":"2025-02-25T08:53:11","slug":"regeln","status":"publish","type":"page","link":"https:\/\/pistas365.com\/de\/padel\/information\/rules\/","title":{"rendered":"Padel Regeln und Turniere"},"content":{"rendered":"<p>Die Regeln von Padel \u00e4hneln denen von Tennis, aber Padel wird auf einem kleineren, von Mauern umgebenen Platz gespielt. Das Spiel kann im Einzel- oder Doppelformat gespielt werden.<\/p>\n<h2>Padel-Regeln<\/h2>\n<h3>Punktesystem beim Padel<\/h3>\n<p>Padel-Tennis wird normalerweise in 3 S\u00e4tzen gespielt, wobei jeder Satz aus sechs Spielen besteht. Der Gewinner eines Satzes ist die Mannschaft, die als erste sechs Spiele mit zwei Spielen Vorsprung erreicht. Wenn es 6:6 steht, wird ein Tiebreak gespielt, um den Sieger zu ermitteln. Die erste Mannschaft, die sieben Punkte erreicht, gewinnt den Tiebreak.<\/p>\n<p>Punkte gibt es, wenn die gegnerische Mannschaft den Ball nicht zur\u00fcckspielt, den Ball ins Aus schl\u00e4gt oder den Ball ins Netz schl\u00e4gt. Die Punkte werden normalerweise wie beim Tennis gez\u00e4hlt (15, 30, 40, Spiel).<\/p>\n<h3>Regeln f\u00fcr den Aufschlag<\/h3>\n<p>Der Aufschlag beim Padel muss mit der Unterhand ausgef\u00fchrt werden, und der Ball muss einmal aufspringen, bevor er vom Aufschl\u00e4ger getroffen wird.<\/p>\n<p>Der Aufschlag muss von hinter der Grundlinie erfolgen und in der diagonal gegen\u00fcberliegenden Aufschlagbox landen. Der Aufschl\u00e4ger muss auch au\u00dferhalb des Aufschlagfeldes stehen, mindestens einen Fu\u00df hinter der Grundlinie.<\/p>\n<p>Der Aufschlag gilt als Fehler, wenn er das Netz trifft oder au\u00dferhalb der Spielfeldbegrenzung landet oder auf den Zaun prallt. Wenn er auf die Scheibe prallt, ist er g\u00fcltig. Trifft der Ball w\u00e4hrend des Aufschlags das Netz, gilt er als Durchlass, und der Aufschl\u00e4ger erh\u00e4lt eine weitere Gelegenheit, ohne Strafe aufzuschlagen.<\/p>\n<h3>Der Ball kann nur einmal auf dem Boden aufprallen.<\/h3>\n<p>Nach dem Aufschlag muss der Ball einmal auf dem Boden aufprallen, bevor er von der gegnerischen Mannschaft zur\u00fcckgespielt werden kann. Nachdem der Ball zur\u00fcckgespielt wurde, k\u00f6nnen beide Mannschaften den Ball nach dem Aufprall oder an der Wand entlang spielen. Der Ball muss jedoch immer einmal auf dem Boden aufprallen, bevor er erneut geschlagen werden kann.<\/p>\n<h3>Regeln f\u00fcr die Benutzung der W\u00e4nde beim Padel<\/h3>\n<p>Die W\u00e4nde eines Padelplatzes bestehen aus zwei Teilen. Glas und Metall. Die Glasw\u00e4nde, die den Padelplatz umgeben, gelten als \"in-bounds\", und der Ball kann w\u00e4hrend eines Ballwechsels von den W\u00e4nden gespielt werden.<\/p>\n<p>Der Metallzaun unterscheidet sich von dem aus Glas. Eingehende B\u00e4lle k\u00f6nnen nach dem Aufprall auf dem Zaun gespielt werden, aber der Zaun kann nicht f\u00fcr zur\u00fcckkommende B\u00e4lle verwendet werden.<\/p>\n<p>Ein Spieler kann den Ball von den Glasw\u00e4nden in jede Richtung schlagen, auch \u00fcber das Netz.<\/p>\n<h3>Fehler<\/h3>\n<p>Ein Fehler wird begangen, wenn ein Spieler den Ball nicht zur\u00fcckspielt, den Ball ins Aus schl\u00e4gt, den Ball ins Netz schl\u00e4gt oder einen Fu\u00dffehler begeht. Die gegnerische Mannschaft erh\u00e4lt einen Punkt, wenn ein Fehler begangen wird.<\/p>\n<h3>Lassen Sie<\/h3>\n<p>Ein \"Let\" wird ausgerufen, wenn das Spiel gest\u00f6rt wird, z. B. wenn ein Ball von einem anderen Platz auf das Spielfeld rollt oder wenn ein Spieler nicht bereit ist, den Aufschlag anzunehmen. In solchen F\u00e4llen wird der Punkt ohne Strafe wiederholt.<\/p>\n<p>Insgesamt ist Padel ein rasanter und spannender Sport, der von Spielern aller Spielst\u00e4rken ausge\u00fcbt werden kann. Um Padel spielen und genie\u00dfen zu k\u00f6nnen, ist es wichtig, die Spielregeln zu verstehen.<\/p>","protected":false},"excerpt":{"rendered":"<p>The rules of padel is similar to tennis but padel is played on a smaller court surrounded by walls. The game can be played in singles or doubles format. Padel rules Scoring system in padel Padel tennis is typically played in 3 sets, with each set consisting of six games. The winner of a set [&hellip;]<\/p>\n","protected":false},"author":1,"featured_media":680,"parent":591,"menu_order":0,"comment_status":"closed","ping_status":"closed","template":"page-start3.php","meta":{"_acf_changed":false,"footnotes":""},"tags":[],"acf":[],"_links":{"self":[{"href":"https:\/\/pistas365.com\/de\/wp-json\/wp\/v2\/pages\/637"}],"collection":[{"href":"https:\/\/pistas365.com\/de\/wp-json\/wp\/v2\/pages"}],"about":[{"href":"https:\/\/pistas365.com\/de\/wp-json\/wp\/v2\/types\/page"}],"author":[{"embeddable":true,"href":"https:\/\/pistas365.com\/de\/wp-json\/wp\/v2\/users\/1"}],"replies":[{"embeddable":true,"href":"https:\/\/pistas365.com\/de\/wp-json\/wp\/v2\/comments?post=637"}],"version-history":[{"count":3,"href":"https:\/\/pistas365.com\/de\/wp-json\/wp\/v2\/pages\/637\/revisions"}],"predecessor-version":[{"id":919,"href":"https:\/\/pistas365.com\/de\/wp-json\/wp\/v2\/pages\/637\/revisions\/919"}],"up":[{"embeddable":true,"href":"https:\/\/pistas365.com\/de\/wp-json\/wp\/v2\/pages\/591"}],"wp:featuredmedia":[{"embeddable":true,"href":"https:\/\/pistas365.com\/de\/wp-json\/wp\/v2\/media\/680"}],"wp:attachment":[{"href":"https:\/\/pistas365.com\/de\/wp-json\/wp\/v2\/media?parent=637"}],"wp:term":[{"taxonomy":"post_tag","embeddable":true,"href":"https:\/\/pistas365.com\/de\/wp-json\/wp\/v2\/tags?post=637"}],"curies":[{"name":"wp","href":"https:\/\/api.w.org\/{rel}","templated":true}]}}