{"id":575,"date":"2022-11-17T12:45:00","date_gmt":"2022-11-17T11:45:00","guid":{"rendered":"https:\/\/pistas365.com\/?page_id=575"},"modified":"2023-03-02T11:03:55","modified_gmt":"2023-03-02T10:03:55","slug":"torrevieja","status":"publish","type":"page","link":"https:\/\/pistas365.com\/de\/padel\/information\/cities\/torrevieja\/","title":{"rendered":"Padel in Torrevieja"},"content":{"rendered":"<p><strong>Sie wollen Padel in Torrevieja und Umgebung spielen? Dann sind Sie bei uns genau richtig!<\/strong><\/p>\n<p>Torrevieja hat 320 Sonnentage im Jahr und eine sehr aktive Padel-Gemeinde.<\/p>\n<p>In Torrevieja und den angrenzenden Gebieten Guardamar, Playa Flamenca, La Zenia, Campoamor und Mil Palmeras finden Sie:<\/p>\n<ul>\n<li><strong>7<\/strong> Padel-Spielorte<\/li>\n<li><strong>42<\/strong> Padelpl\u00e4tze im Freien<\/li>\n<li><strong>9<\/strong> \u00dcberdachte oder \u00fcberdachte Padelpl\u00e4tze<\/li>\n<li><strong>3<\/strong> Gesch\u00e4fte mit Padel-Ausr\u00fcstung.<\/li>\n<li><strong>15+<\/strong> Padel-Trainer.<\/li>\n<li><strong>1<\/strong> Padelschule f\u00fcr Kinder<\/li>\n<li><strong>30+<\/strong> organisierte Padel-Aktivit\u00e4ten pro Woche.<\/li>\n<\/ul>\n<p>Beginnen wir damit, was wir innerhalb der Stadtgrenzen von Torrevieja finden k\u00f6nnen. Dann werfen wir einen Blick auf die umliegenden Gebiete.<\/p>\n<h2>Padelpl\u00e4tze in Torrevieja<\/h2>\n<p><strong>Innerhalb der Stadtgrenzen von Torrevieja gibt es vier Padel-Stationen.<\/strong><\/p>\n<ol>\n<li><a href=\"https:\/\/pistas365.com\/novapadel\/\" target=\"_blank\" rel=\"noopener\">Nova Padel<\/a> - einer von zwei Indoor-Padelpl\u00e4tzen in Torrevieja. Nova verf\u00fcgt \u00fcber 3 Indoor- und einen Outdoor-Padelplatz und ist der Ort, an dem die ernsthaften lokalen Padelspieler spielen. Die Atmosph\u00e4re ist auf das Spiel konzentriert, das Niveau hoch und die Spiele intensiv.<\/li>\n<li><a href=\"https:\/\/pistas365.com\/losangelespadel\/\" target=\"_blank\" rel=\"noopener\">Los Angeles Padel<\/a> - befindet sich in einer sehr gem\u00fctlichen Bar und einem Freizeitbereich namens Bar Los Angeles. Die Atmosph\u00e4re ist entspannt und Spieler aller Niveaus, Altersgruppen und Nationalit\u00e4ten treffen sich, um Padel, Getr\u00e4nke, Live-Musik und ein Bad im Pool zu genie\u00dfen.<\/li>\n<li><a href=\"https:\/\/pistas365.com\/padel-in\/\" target=\"_blank\" rel=\"noopener\">Padel-In<\/a> - die zweite Padelhalle in Torrevieja. Es hat eine freundliche Atmosph\u00e4re, viele Padel-Aktivit\u00e4ten und viele schwedische Padel-Spieler aller Altersgruppen und Ebenen.<\/li>\n<li><strong>Yachthafen Internacional Padel<\/strong> - zwei Padelpl\u00e4tze im Freien, die vom Marina Internacional Apartment Hotel im internationalen Yachthafen von Torrevieja betrieben werden. Die Pl\u00e4tze sind in einem guten Zustand, aber der Schwerpunkt dieses Ortes liegt nicht prim\u00e4r auf Padel.<\/li>\n<\/ol>\n<h3>Padel-Trainer in Torrevieja<\/h3>\n<p><strong>Fast alle Padel-Locations in und um Torrevieja arbeiten mit Padel-Trainern zusammen, die \u00fcber die Locations gebucht werden k\u00f6nnen. Der Preis betr\u00e4gt 30-50 \u20ac pro Trainingseinheit.<\/strong><\/p>\n<p>Hier sind einige gute Vorschl\u00e4ge f\u00fcr private Padel-Trainer, die Sie jetzt einfach online buchen k\u00f6nnen:<\/p>\n<ul>\n<li><a href=\"https:\/\/pistas365.com\/chelupadelcoach\/\" target=\"_blank\" rel=\"noopener\">Chelu Velasco<\/a> - ein spanischer Padel-Trainer, der seine Dienste bei Los Angeles Padel im Zentrum Torreviejas anbietet.<\/li>\n<li><a href=\"https:\/\/pistas365.com\/javierricotediaz\/\" target=\"_blank\" rel=\"noopener\">Javier Ricote Diaz<\/a> - ein spanischer Padel-Trainer bei CDM Orihuela Costa (bei Punta Prima).<\/li>\n<\/ul>\n<h3>Padel Gesch\u00e4fte in Torrevieja<\/h3>\n<p><strong>Zun\u00e4chst einmal gibt es in Torrevieja oder in der n\u00e4heren Umgebung kein gro\u00dfes Padelgesch\u00e4ft. Um diese Art von Gesch\u00e4ften zu finden, m\u00fcssen Sie nach Alicante oder Murcia fahren.<\/strong><\/p>\n<p>In Torrevieja gibt es jedoch einige Gesch\u00e4fte mit Padel-Ausr\u00fcstung:<\/p>\n<ul>\n<li><strong>Dechatlon, Zenia Boulevard<\/strong> - Dies ist ein gro\u00dfes Sportgesch\u00e4ft im Einkaufszentrum Zenia Boulevard 10 km s\u00fcdlich von Torrevieja. Es hat das beste Angebot an Padel-Schl\u00e4gern, Griffen, Padel-B\u00e4llen und Padel-Schuhen in der Gegend.<\/li>\n<li><strong>Forum Sport, Habaneras<\/strong> - Dies ist ein gro\u00dfes Sportgesch\u00e4ft im Einkaufszentrum Habaneras in Torrevija. Es verf\u00fcgt \u00fcber ein anst\u00e4ndiges Angebot an Padel-Ausr\u00fcstung und ist die beste Option f\u00fcr Padel-Ausr\u00fcstung innerhalb der Stadtgrenzen von Torrevieja.<\/li>\n<li><strong>Sprinter Torrevieja,<\/strong> - Dies ist ein gro\u00dfes Sportgesch\u00e4ft in der N\u00e4he des Einkaufszentrums Habaneras. Es hat ein gutes Angebot an Padel-Ausr\u00fcstung und ist die zweitbeste Option f\u00fcr Padel-Ausr\u00fcstung innerhalb der Stadtgrenzen von Torrevieja.<\/li>\n<li><strong>Padel-Spielst\u00e4tten mit Gesch\u00e4ften<\/strong> - Einige der Padel-Locations in der Gegend haben kleine Padel-L\u00e4den. Diese sind: Nova Padel (Schl\u00e4ger, B\u00e4lle, Schuhe) und El Capitan (Legend Padelschl\u00e4ger),<\/li>\n<\/ul>\n<h3>Padel-Schule in Torrevieja<\/h3>\n<p><strong>In Torrevieja gibt es keine Padel-Schule f\u00fcr Kinder. Um Padel-Training f\u00fcr Ihre Kinder zu finden, haben Sie zwei M\u00f6glichkeiten:<\/strong><\/p>\n<ol>\n<li><a href=\"https:\/\/pistas365.com\/javierricotediaz\/\" target=\"_blank\" rel=\"noopener\">Ricote Padel Akademie<\/a> - die einzige organisierte Padelschule f\u00fcr Kinder in der Gegend. Sie befindet sich in der N\u00e4he von Punta Prima (ca. 8 km von Torrevieja entfernt) und bietet Training f\u00fcr Kinder im Alter von 6-15 Jahren an.<\/li>\n<li><strong>Mieten Sie einen privaten Padel-Trainer<\/strong> - Sie zahlen f\u00fcr jede Unterrichtsstunde. Die meisten Trainer bieten Gruppentraining an. Schlie\u00dfen Sie sich mit anderen Eltern zusammen und gr\u00fcnden Sie Ihre eigene Padelschule.<\/li>\n<\/ol>\n<h3>Padel-Turniere und Aktivit\u00e4ten<\/h3>\n<p><strong>Gemeinsame Padel-Aktivit\u00e4ten wie Pay-and-Play-, Americano- und Winner-Court-Turniere sind bei der Expat-Gemeinde in und um Torrevieja sehr beliebt. <\/strong><\/p>\n<p>In Torrevieja gibt es einen Ort, der regelm\u00e4\u00dfig Padel-Aktivit\u00e4ten organisiert. Das ist Padel-In. In den nahegelegenen Orten Playa Flamenca, La Zenia, Campoamor und Mil Palmeras gibt es jedoch zahlreiche M\u00f6glichkeiten, \u00fcber die Sie weiter unten mehr lesen k\u00f6nnen.<\/p>\n<h2>Padel in Playa Flamenca<\/h2>\n<h2><\/h2>\n<p>&nbsp;<\/p>\n<p>&nbsp;<\/p>\n<p>&nbsp;<\/p>\n<p>&nbsp;<\/p>\n<p>&nbsp;<\/p>\n<p>&nbsp;<\/p>","protected":false},"excerpt":{"rendered":"<p>So you want to play padel in Torrevieja and surrounding areas? Then you have come to the right place! Torrevieja has 320 days of sunshine per year and a very active padel cummunity. In Torrevieja and neighbouring areas Guardamar, Playa Flamenca, La Zenia, Campoamor and Mil Palmeras you find: 7 padel venues 42 outdoor padel [&hellip;]<\/p>\n","protected":false},"author":1,"featured_media":590,"parent":706,"menu_order":0,"comment_status":"closed","ping_status":"closed","template":"","meta":{"_acf_changed":false,"footnotes":""},"tags":[],"acf":[],"_links":{"self":[{"href":"https:\/\/pistas365.com\/de\/wp-json\/wp\/v2\/pages\/575"}],"collection":[{"href":"https:\/\/pistas365.com\/de\/wp-json\/wp\/v2\/pages"}],"about":[{"href":"https:\/\/pistas365.com\/de\/wp-json\/wp\/v2\/types\/page"}],"author":[{"embeddable":true,"href":"https:\/\/pistas365.com\/de\/wp-json\/wp\/v2\/users\/1"}],"replies":[{"embeddable":true,"href":"https:\/\/pistas365.com\/de\/wp-json\/wp\/v2\/comments?post=575"}],"version-history":[{"count":4,"href":"https:\/\/pistas365.com\/de\/wp-json\/wp\/v2\/pages\/575\/revisions"}],"predecessor-version":[{"id":750,"href":"https:\/\/pistas365.com\/de\/wp-json\/wp\/v2\/pages\/575\/revisions\/750"}],"up":[{"embeddable":true,"href":"https:\/\/pistas365.com\/de\/wp-json\/wp\/v2\/pages\/706"}],"wp:featuredmedia":[{"embeddable":true,"href":"https:\/\/pistas365.com\/de\/wp-json\/wp\/v2\/media\/590"}],"wp:attachment":[{"href":"https:\/\/pistas365.com\/de\/wp-json\/wp\/v2\/media?parent=575"}],"wp:term":[{"taxonomy":"post_tag","embeddable":true,"href":"https:\/\/pistas365.com\/de\/wp-json\/wp\/v2\/tags?post=575"}],"curies":[{"name":"wp","href":"https:\/\/api.w.org\/{rel}","templated":true}]}}