{"id":413,"date":"2022-03-30T11:40:25","date_gmt":"2022-03-30T09:40:25","guid":{"rendered":"https:\/\/pistas365.com\/?page_id=413"},"modified":"2024-02-06T11:58:25","modified_gmt":"2024-02-06T10:58:25","slug":"bedingungen","status":"publish","type":"page","link":"https:\/\/pistas365.com\/de\/terms-conditions\/","title":{"rendered":"Bedingungen und Konditionen"},"content":{"rendered":"<p><strong>Unsere Allgemeinen Gesch\u00e4ftsbedingungen wurden zuletzt am 2024-02-06 aktualisiert. Bitte lesen Sie diese Bedingungen sorgf\u00e4ltig durch, bevor Sie unseren Service nutzen.<\/strong><\/p>\n<h2>Auslegung und Definitionen<\/h2>\n<h3>Auslegung<\/h3>\n<p>Die W\u00f6rter, deren Anfangsbuchstaben gro\u00df geschrieben sind, haben die unter den nachstehenden Bedingungen definierte Bedeutung. Die folgenden Definitionen haben dieselbe Bedeutung, unabh\u00e4ngig davon, ob sie im Singular oder im Plural stehen.<\/p>\n<h3>Definitionen<\/h3>\n<p>F\u00fcr die Zwecke dieser Allgemeinen Gesch\u00e4ftsbedingungen:<\/p>\n<ul>\n<li><strong>\"Partner\"<\/strong> bedeutet ein Unternehmen, das eine Partei beherrscht, von ihr beherrscht wird oder mit ihr unter gemeinsamer Beherrschung steht, wobei \"Beherrschung\" den Besitz von 50% oder mehr der Aktien, Kapitalanteile oder anderen Wertpapiere bedeutet, die zur Wahl von Direktoren oder anderen leitenden Angestellten berechtigt sind.<\/li>\n<li><strong>\"Konto\"<\/strong> bedeutet ein einzigartiges Konto, das f\u00fcr Sie erstellt wurde, um auf unseren Service oder Teile davon zuzugreifen.<\/li>\n<li><strong>\"Unternehmen\"<\/strong> (in diesem Vertrag entweder als \"das Unternehmen\", \"wir\", \"uns\" oder \"unser\" bezeichnet) bezieht sich auf Pistas365.com.<\/li>\n<li><strong>\"Land\"<\/strong> bezieht sich auf Spanien.<\/li>\n<li><strong>\"Inhalt\"<\/strong> bezieht sich auf Inhalte wie Texte, Bilder oder andere Informationen, die von Ihnen ver\u00f6ffentlicht, hochgeladen, verlinkt oder anderweitig verf\u00fcgbar gemacht werden k\u00f6nnen, unabh\u00e4ngig von der Form dieser Inhalte.<\/li>\n<li><strong>\"Ger\u00e4t\"<\/strong> ist jedes Ger\u00e4t, das auf den Dienst zugreifen kann, wie z. B. ein Computer, ein Mobiltelefon oder ein digitales Tablet.<\/li>\n<li><strong>\"R\u00fcckmeldung\"<\/strong> bedeutet Feedback, Innovationen oder Vorschl\u00e4ge, die von Ihnen in Bezug auf die Eigenschaften, Leistung oder Funktionen unseres Dienstes gesendet werden.<\/li>\n<li><strong>\"Dienst\"<\/strong> bezieht sich auf die Website.<\/li>\n<li><strong>\"Bedingungen und Konditionen\"<\/strong> (auch als \"Bedingungen\" oder \"Nutzungsbedingungen\" bezeichnet) sind diese Bedingungen, die die gesamte Vereinbarung zwischen Ihnen und dem Unternehmen bez\u00fcglich der Nutzung des Dienstes bilden.<\/li>\n<li><strong>\"Sozialer Mediendienst eines Drittanbieters\"<\/strong> bezeichnet alle Dienstleistungen oder Inhalte (einschlie\u00dflich Daten, Informationen, Produkte oder Dienstleistungen), die von einem Dritten bereitgestellt werden und die durch den Dienst angezeigt, einbezogen oder verf\u00fcgbar gemacht werden k\u00f6nnen.<\/li>\n<li><strong>\"Website\"<\/strong> verweist auf Pistas365.com, zug\u00e4nglich \u00fcber https:\/\/pistas365.com.<\/li>\n<li><strong>\"Sie\"<\/strong> bezeichnet die Person, die auf den Dienst zugreift oder ihn nutzt, bzw. das Unternehmen oder eine andere juristische Person, in deren Namen eine solche Person auf den Dienst zugreift oder ihn nutzt, je nach Fall.<\/li>\n<\/ul>\n<h2>Danksagung<\/h2>\n<p>Dies sind die Allgemeinen Gesch\u00e4ftsbedingungen, die die Nutzung dieses Dienstes regeln und die Vereinbarung zwischen Ihnen und dem Unternehmen. Diese Allgemeinen Gesch\u00e4ftsbedingungen legen die Rechte und Pflichten aller Nutzer in Bezug auf die Nutzung des Dienstes fest.<\/p>\n<p>Ihr Zugang zu und Ihre Nutzung des Dienstes setzt voraus, dass Sie diese Allgemeinen Gesch\u00e4ftsbedingungen akzeptieren und einhalten. Diese Allgemeinen Gesch\u00e4ftsbedingungen gelten f\u00fcr alle Besucher, Nutzer und andere, die auf den Dienst zugreifen oder ihn nutzen.<\/p>\n<p>Indem Sie auf den Dienst zugreifen oder ihn nutzen, erkl\u00e4ren Sie sich mit diesen Allgemeinen Gesch\u00e4ftsbedingungen einverstanden. Wenn Sie mit einem Teil dieser Bedingungen nicht einverstanden sind, d\u00fcrfen Sie den Dienst nicht nutzen.<\/p>\n<p>Sie versichern, dass Sie \u00fcber 18 Jahre alt sind. Das Unternehmen erlaubt es Personen unter 18 Jahren nicht, den Service zu nutzen.<\/p>\n<p>Ihr Zugang zu und Ihre Nutzung des Dienstes ist auch davon abh\u00e4ngig, dass Sie die Datenschutzrichtlinie des Unternehmens akzeptieren und einhalten. Unsere Datenschutzrichtlinie beschreibt unsere Richtlinien und Verfahren f\u00fcr die Erfassung, Verwendung und Offenlegung Ihrer pers\u00f6nlichen Daten, wenn Sie die Anwendung oder die Website nutzen, und informiert Sie \u00fcber Ihre Datenschutzrechte und dar\u00fcber, wie das Gesetz Sie sch\u00fctzt. Bitte lesen Sie unsere Datenschutzrichtlinie sorgf\u00e4ltig durch, bevor Sie unseren Service nutzen.<\/p>\n<h3>Benutzerkonten<\/h3>\n<p>Wenn Sie ein Konto bei uns erstellen, m\u00fcssen Sie uns Informationen zur Verf\u00fcgung stellen, die jederzeit korrekt, vollst\u00e4ndig und aktuell sind. Wenn Sie dies nicht tun, stellt dies einen Versto\u00df gegen die Bedingungen dar, der zur sofortigen K\u00fcndigung Ihres Kontos bei unserem Service f\u00fchren kann.<\/p>\n<p>Sie sind verantwortlich f\u00fcr den Schutz des Passworts, das Sie f\u00fcr den Zugriff auf den Dienst verwenden, sowie f\u00fcr alle Aktivit\u00e4ten oder Handlungen unter Ihrem Passwort, unabh\u00e4ngig davon, ob Ihr Passwort f\u00fcr unseren Dienst oder einen Social-Media-Dienst eines Dritten verwendet wird.<\/p>\n<p>Sie verpflichten sich, Ihr Passwort nicht an Dritte weiterzugeben. Sie m\u00fcssen uns sofort benachrichtigen, wenn Sie von einer Verletzung der Sicherheit oder einer unbefugten Nutzung Ihres Kontos erfahren.<\/p>\n<p>Sie d\u00fcrfen als Benutzernamen nicht den Namen einer anderen nat\u00fcrlichen oder juristischen Person oder einen Namen verwenden, der nicht rechtm\u00e4\u00dfig zur Verf\u00fcgung steht, einen Namen oder eine Marke, der\/die ohne entsprechende Genehmigung den Rechten einer anderen nat\u00fcrlichen oder juristischen Person als Ihnen unterliegt, oder einen Namen, der anderweitig beleidigend, vulg\u00e4r oder obsz\u00f6n ist.<\/p>\n<h2>Inhalt<\/h2>\n<h3>Ihr Recht, Inhalte zu ver\u00f6ffentlichen<\/h3>\n<p>Unser Dienst erm\u00f6glicht es Ihnen, Inhalte zu ver\u00f6ffentlichen. Sie sind f\u00fcr die Inhalte verantwortlich, die Sie in den Dienst einstellen, einschlie\u00dflich ihrer Rechtm\u00e4\u00dfigkeit, Zuverl\u00e4ssigkeit und Angemessenheit.<\/p>\n<p>Durch das Einstellen von Inhalten in den Dienst gew\u00e4hren Sie uns das Recht und die Lizenz, diese Inhalte im und \u00fcber den Dienst zu verwenden, zu \u00e4ndern, \u00f6ffentlich aufzuf\u00fchren, \u00f6ffentlich anzuzeigen, zu reproduzieren und zu verbreiten. Sie behalten alle Ihre Rechte an allen Inhalten, die Sie im oder \u00fcber den Dienst einreichen, ver\u00f6ffentlichen oder anzeigen, und Sie sind f\u00fcr den Schutz dieser Rechte verantwortlich. Sie erkl\u00e4ren sich damit einverstanden, dass diese Lizenz uns das Recht einr\u00e4umt, Ihre Inhalte anderen Nutzern des Dienstes zur Verf\u00fcgung zu stellen, die Ihre Inhalte ebenfalls gem\u00e4\u00df diesen Bedingungen nutzen k\u00f6nnen.<\/p>\n<p>Sie erkl\u00e4ren und garantieren, dass: (i) der Inhalt Ihnen geh\u00f6rt (Sie sind Eigent\u00fcmer) oder Sie das Recht haben, ihn zu nutzen und uns die in diesen Bedingungen vorgesehenen Rechte und Lizenzen zu gew\u00e4hren, und (ii) die Ver\u00f6ffentlichung Ihres Inhalts im oder \u00fcber den Dienst nicht gegen die Datenschutzrechte, Ver\u00f6ffentlichungsrechte, Urheberrechte, Vertragsrechte oder andere Rechte einer Person verst\u00f6\u00dft.<\/p>\n<h3>Inhaltliche Beschr\u00e4nkungen<\/h3>\n<p>Das Unternehmen ist nicht verantwortlich f\u00fcr die Inhalte der Nutzer des Dienstes. Sie verstehen ausdr\u00fccklich und erkl\u00e4ren sich damit einverstanden, dass Sie allein f\u00fcr den Inhalt und f\u00fcr alle Aktivit\u00e4ten verantwortlich sind, die unter Ihrem Konto stattfinden, unabh\u00e4ngig davon, ob diese von Ihnen oder einer dritten Person, die Ihr Konto nutzt, durchgef\u00fchrt werden.<\/p>\n<p>Sie d\u00fcrfen keine Inhalte \u00fcbermitteln, die ungesetzlich, beleidigend, anst\u00f6\u00dfig, absto\u00dfend, bedrohend, verleumderisch, diffamierend, obsz\u00f6n oder anderweitig anst\u00f6\u00dfig sind. Beispiele f\u00fcr solche anst\u00f6\u00dfigen Inhalte sind unter anderem die folgenden:<\/p>\n<ul>\n<li>Rechtswidrig oder F\u00f6rderung rechtswidriger Handlungen.<\/li>\n<li>Diffamierende, diskriminierende oder b\u00f6swillige Inhalte, einschlie\u00dflich Verweise oder Kommentare \u00fcber Religion, Rasse, sexuelle Orientierung, Geschlecht, nationale\/ethnische Herkunft oder andere Zielgruppen.<\/li>\n<li>Spam, maschinell oder zuf\u00e4llig generiert, unerlaubte oder unaufgeforderte Werbung, Kettenbriefe, jede andere Form von unerlaubter Aufforderung oder jede Form von Lotterie oder Gl\u00fccksspiel.<\/li>\n<li>Viren, W\u00fcrmer, Malware, trojanische Pferde oder andere Inhalte zu enthalten oder zu installieren, die dazu bestimmt sind, das Funktionieren von Software, Hardware oder Telekommunikationsger\u00e4ten zu st\u00f6ren, zu besch\u00e4digen oder einzuschr\u00e4nken oder Daten oder andere Informationen einer dritten Person zu besch\u00e4digen oder sich unbefugt Zugang zu ihnen zu verschaffen.<\/li>\n<li>Verletzung von Eigentumsrechten Dritter, einschlie\u00dflich Patent-, Marken-, Gesch\u00e4ftsgeheimnis-, Urheber-, Ver\u00f6ffentlichungsrechten oder anderen Rechten.<\/li>\n<li>Sich als eine andere Person oder Einrichtung auszugeben, einschlie\u00dflich des Unternehmens und seiner Mitarbeiter oder Vertreter.<\/li>\n<li>Verletzung der Privatsph\u00e4re einer dritten Person.<\/li>\n<li>Falsche Informationen und Merkmale.<\/li>\n<\/ul>\n<p>Das Unternehmen beh\u00e4lt sich das Recht, aber nicht die Pflicht vor, nach eigenem Ermessen zu entscheiden, ob ein Inhalt angemessen ist und mit diesen Bedingungen \u00fcbereinstimmt, diesen Inhalt abzulehnen oder zu entfernen. Das Unternehmen beh\u00e4lt sich ferner das Recht vor, Formatierungen und Bearbeitungen vorzunehmen und die Art und Weise eines Inhalts zu \u00e4ndern. Das Unternehmen kann auch die Nutzung des Dienstes einschr\u00e4nken oder widerrufen, wenn Sie solche anst\u00f6\u00dfigen Inhalte ver\u00f6ffentlichen.<\/p>\n<p>Da das Unternehmen nicht alle von Nutzern und\/oder Dritten in den Dienst eingestellten Inhalte kontrollieren kann, erkl\u00e4ren Sie sich damit einverstanden, den Dienst auf eigenes Risiko zu nutzen. Sie verstehen, dass Sie durch die Nutzung des Dienstes Inhalten ausgesetzt sein k\u00f6nnen, die Sie als beleidigend, unanst\u00e4ndig, falsch oder anst\u00f6\u00dfig empfinden k\u00f6nnten, und Sie erkl\u00e4ren sich damit einverstanden, dass das Unternehmen unter keinen Umst\u00e4nden f\u00fcr Inhalte, einschlie\u00dflich etwaiger Fehler oder Auslassungen in Inhalten, oder f\u00fcr Verluste oder Sch\u00e4den jeglicher Art, die durch die Nutzung von Inhalten entstehen, haftbar gemacht werden kann.<\/p>\n<h3>Backups von Inhalten<\/h3>\n<p>Obwohl regelm\u00e4\u00dfige Backups der Inhalte durchgef\u00fchrt werden, kann das Unternehmen nicht garantieren, dass keine Daten verloren gehen oder besch\u00e4digt werden.<\/p>\n<p>Besch\u00e4digte oder ung\u00fcltige Sicherungspunkte k\u00f6nnen unter anderem durch Inhalte verursacht werden, die vor der Sicherung besch\u00e4digt wurden oder die sich w\u00e4hrend der Durchf\u00fchrung einer Sicherung \u00e4ndern.<\/p>\n<p>Das Unternehmen bietet Unterst\u00fctzung und versucht, alle bekannten oder entdeckten Probleme zu beheben, die sich auf die Sicherungen der Inhalte auswirken k\u00f6nnen. Sie erkennen jedoch an, dass das Unternehmen keine Haftung in Bezug auf die Integrit\u00e4t der Inhalte oder das Scheitern der erfolgreichen Wiederherstellung von Inhalten in einen nutzbaren Zustand \u00fcbernimmt.<\/p>\n<p>Sie verpflichten sich, eine vollst\u00e4ndige und genaue Kopie aller Inhalte an einem vom Dienst unabh\u00e4ngigen Ort aufzubewahren.<\/p>\n<h2>Urheberrechtspolitik<\/h2>\n<p>Verletzung von Rechten an geistigem Eigentum<\/p>\n<p>Wir respektieren die geistigen Eigentumsrechte anderer. Es geh\u00f6rt zu unseren Grunds\u00e4tzen, auf jede Behauptung zu reagieren, dass im Dienst ver\u00f6ffentlichte Inhalte das Urheberrecht oder andere geistige Eigentumsrechte einer Person verletzen.<\/p>\n<p>Wenn Sie ein Urheberrechtsinhaber sind oder im Namen eines solchen bevollm\u00e4chtigt sind und glauben, dass Ihr urheberrechtlich gesch\u00fctztes Werk auf eine Weise kopiert wurde, die eine Urheberrechtsverletzung darstellt, die durch den Dienst erfolgt, m\u00fcssen Sie Ihre Mitteilung schriftlich per E-Mail (info@pistas365.com) zu H\u00e4nden unseres Urheberrechtsvertreters einreichen und in Ihrer Mitteilung eine detaillierte Beschreibung der angeblichen Verletzung enthalten.<\/p>\n<p>Sie k\u00f6nnen f\u00fcr Schadenersatz (einschlie\u00dflich Kosten und Anwaltsgeb\u00fchren) haftbar gemacht werden, wenn Sie f\u00e4lschlicherweise behaupten, dass Inhalte Ihr Urheberrecht verletzen.<\/p>\n<p>DMCA-Benachrichtigung und DMCA-Verfahren f\u00fcr Klagen wegen Urheberrechtsverletzungen<\/p>\n<p>Sie k\u00f6nnen eine Benachrichtigung gem\u00e4\u00df dem Digital Millennium Copyright Act (DMCA) einreichen, indem Sie unserem Urheberrechtsbeauftragten die folgenden Informationen schriftlich zukommen lassen (siehe 17 U.S.C 512(c)(3) f\u00fcr weitere Einzelheiten):<\/p>\n<ul>\n<li>Eine elektronische oder physische Unterschrift der Person, die befugt ist, im Namen des Inhabers des Urheberrechts zu handeln.<\/li>\n<li>Eine Beschreibung des urheberrechtlich gesch\u00fctzten Werks, das Ihrer Ansicht nach verletzt wurde, einschlie\u00dflich der URL (d. h. der Adresse der Webseite) des Ortes, an dem das urheberrechtlich gesch\u00fctzte Werk oder eine Kopie des urheberrechtlich gesch\u00fctzten Werks existiert.<\/li>\n<li>Angabe der URL oder einer anderen spezifischen Stelle des Dienstes, an der sich das Material befindet, das Sie als rechtsverletzend bezeichnen.<\/li>\n<li>Ihre Adresse, Telefonnummer und E-Mail Adresse.<\/li>\n<li>Eine Erkl\u00e4rung von Ihnen, dass Sie in gutem Glauben davon ausgehen, dass die strittige Nutzung nicht durch den Urheberrechtsinhaber, seinen Vertreter oder das Gesetz genehmigt ist.<\/li>\n<li>Eine eidesstattliche Erkl\u00e4rung von Ihnen, dass die oben genannten Informationen in Ihrer Mitteilung korrekt sind und dass Sie der Urheberrechtsinhaber sind oder befugt sind, im Namen des Urheberrechtsinhabers zu handeln.<\/li>\n<\/ul>\n<p>Sie k\u00f6nnen unseren Urheberrechtsbeauftragten per E-Mail kontaktieren (info@pistas365.com). Nach Erhalt einer Benachrichtigung ergreift das Unternehmen alle Ma\u00dfnahmen, die es nach eigenem Ermessen f\u00fcr angemessen h\u00e4lt, einschlie\u00dflich der Entfernung des beanstandeten Inhalts aus dem Dienst.<\/p>\n<h3>Geistiges Eigentum<\/h3>\n<p>Der Dienst und seine urspr\u00fcnglichen Inhalte (mit Ausnahme der von Ihnen oder anderen Nutzern bereitgestellten Inhalte), Merkmale und Funktionen sind und bleiben das ausschlie\u00dfliche Eigentum des Unternehmens und seiner Lizenzgeber.<\/p>\n<p>Der Dienst ist durch Urheberrecht, Markenrecht und andere Gesetze des Landes und anderer L\u00e4nder gesch\u00fctzt.<\/p>\n<p>Unsere Warenzeichen und Aufmachungen d\u00fcrfen ohne die vorherige schriftliche Zustimmung des Unternehmens nicht in Verbindung mit einem Produkt oder einer Dienstleistung verwendet werden.<\/p>\n<h3>Ihr Feedback an uns<\/h3>\n<p>Sie treten alle Rechte, Titel und Interessen an allen R\u00fcckmeldungen ab, die Sie dem Unternehmen zur Verf\u00fcgung stellen. Sollte eine solche Abtretung aus irgendeinem Grund unwirksam sein, erkl\u00e4ren Sie sich damit einverstanden, dem Unternehmen ein nicht-exklusives, unbefristetes, unwiderrufliches, geb\u00fchrenfreies, weltweites Recht und eine Lizenz zur uneingeschr\u00e4nkten Nutzung, Reproduktion, Offenlegung, Unterlizenzierung, Verteilung, \u00c4nderung und Verwertung dieses Feedbacks zu gew\u00e4hren.<\/p>\n<h3>Links zu anderen Websites<\/h3>\n<p>Unser Service kann Links zu Websites oder Diensten Dritter enthalten, die sich nicht im Besitz oder unter der Kontrolle des Unternehmens befinden.<\/p>\n<p>Das Unternehmen hat keine Kontrolle \u00fcber die Inhalte, Datenschutzrichtlinien oder Praktiken von Websites oder Diensten Dritter und \u00fcbernimmt keine Verantwortung f\u00fcr diese. Sie erkennen ferner an und erkl\u00e4ren sich damit einverstanden, dass das Unternehmen weder direkt noch indirekt f\u00fcr Sch\u00e4den oder Verluste verantwortlich oder haftbar ist, die durch oder in Verbindung mit der Nutzung von oder dem Vertrauen auf solche Inhalte, Waren oder Dienstleistungen, die auf oder \u00fcber solche Websites oder Dienstleistungen verf\u00fcgbar sind, verursacht wurden oder angeblich verursacht wurden.<\/p>\n<p>Wir raten Ihnen dringend, die Gesch\u00e4ftsbedingungen und Datenschutzrichtlinien von Websites oder Diensten Dritter, die Sie besuchen, zu lesen.<\/p>\n<h3>Terminierung<\/h3>\n<p>Wir k\u00f6nnen Ihr Konto sofort und ohne vorherige Ank\u00fcndigung oder Haftung k\u00fcndigen oder aussetzen, aus welchem Grund auch immer, einschlie\u00dflich und ohne Einschr\u00e4nkung, wenn Sie gegen diese Allgemeinen Gesch\u00e4ftsbedingungen versto\u00dfen.<\/p>\n<p>Mit der K\u00fcndigung erlischt Ihr Recht zur Nutzung des Dienstes sofort. Wenn Sie Ihr Konto k\u00fcndigen m\u00f6chten, k\u00f6nnen Sie die Nutzung des Dienstes einfach einstellen.<\/p>\n<h3>Beschr\u00e4nkung der Haftung<\/h3>\n<p>Ungeachtet etwaiger Sch\u00e4den, die Ihnen entstehen k\u00f6nnten, ist die gesamte Haftung des Unternehmens und seiner Lieferanten gem\u00e4\u00df den Bestimmungen dieser Bedingungen und Ihr ausschlie\u00dflicher Rechtsbehelf f\u00fcr alle vorstehenden Punkte auf den Betrag beschr\u00e4nkt, den Sie tats\u00e4chlich \u00fcber den Dienst bezahlt haben, oder auf 100 Euro, wenn Sie nichts \u00fcber den Dienst gekauft haben.<\/p>\n<p>Soweit es das geltende Recht zul\u00e4sst, haften das Unternehmen oder seine Zulieferer in keinem Fall f\u00fcr besondere, zuf\u00e4llige, indirekte oder Folgesch\u00e4den jeglicher Art (einschlie\u00dflich, aber nicht beschr\u00e4nkt auf Sch\u00e4den aus entgangenem Gewinn, Verlust von Daten oder anderen Informationen, Gesch\u00e4ftsunterbrechung, Personensch\u00e4den, Verlust der Privatsph\u00e4re, die sich aus der Nutzung oder der Unm\u00f6glichkeit der Nutzung des Dienstes, der Software Dritter und\/oder der Hardware Dritter, die mit dem Dienst verwendet wird, oder anderweitig in Verbindung mit einer Bestimmung dieser Bedingungen ergeben oder in irgendeiner Weise damit zusammenh\u00e4ngen), selbst wenn das Unternehmen oder ein Lieferant auf die M\u00f6glichkeit solcher Sch\u00e4den hingewiesen wurde und selbst wenn die Abhilfe ihren wesentlichen Zweck verfehlt.<\/p>\n<p>In einigen Staaten ist der Ausschluss stillschweigender Garantien oder die Beschr\u00e4nkung der Haftung f\u00fcr beil\u00e4ufig entstandene Sch\u00e4den oder Folgesch\u00e4den nicht zul\u00e4ssig, so dass einige der oben genannten Beschr\u00e4nkungen m\u00f6glicherweise nicht gelten. In diesen Staaten ist die Haftung jeder Partei auf den gr\u00f6\u00dftm\u00f6glichen gesetzlich zul\u00e4ssigen Umfang beschr\u00e4nkt.<\/p>\n<h3>\"AS IS\" und \"AS AVAILABLE\" Haftungsausschluss<\/h3>\n<p>Der Dienst wird Ihnen \"WIE BESEHEN\" und \"WIE VERF\u00dcGBAR\" und mit allen Fehlern und M\u00e4ngeln ohne jegliche Garantie zur Verf\u00fcgung gestellt. Im gr\u00f6\u00dftm\u00f6glichen nach geltendem Recht zul\u00e4ssigen Umfang lehnt das Unternehmen in seinem eigenen Namen und im Namen seiner verbundenen Unternehmen und seiner und deren jeweiligen Lizenzgebern und Dienstanbietern ausdr\u00fccklich alle ausdr\u00fccklichen, stillschweigenden, gesetzlichen oder sonstigen Gew\u00e4hrleistungen in Bezug auf den Dienst ab, einschlie\u00dflich aller stillschweigenden Gew\u00e4hrleistungen der Marktg\u00e4ngigkeit, der Eignung f\u00fcr einen bestimmten Zweck, des Eigentumsrechts und der Nichtverletzung von Rechten sowie Gew\u00e4hrleistungen, die sich aus dem Gesch\u00e4ftsverlauf, der Leistung, der Nutzung oder der Handelspraxis ergeben k\u00f6nnen. Ohne Einschr\u00e4nkung des Vorstehenden \u00fcbernimmt das Unternehmen keine Garantie oder Verpflichtung und gibt keinerlei Zusicherungen ab, dass der Dienst Ihren Anforderungen entspricht, die beabsichtigten Ergebnisse erzielt, mit anderer Software, Anwendungen, Systemen oder Diensten kompatibel ist oder zusammenarbeitet, ohne Unterbrechung funktioniert, Leistungs- oder Zuverl\u00e4ssigkeitsstandards erf\u00fcllt oder fehlerfrei ist oder dass Fehler oder M\u00e4ngel behoben werden k\u00f6nnen oder werden.<\/p>\n<p>Ohne das Vorstehende einzuschr\u00e4nken, gibt weder das Unternehmen noch einer der Anbieter des Unternehmens eine ausdr\u00fcckliche oder stillschweigende Zusicherung oder Gew\u00e4hrleistung jeglicher Art: (i) in Bezug auf den Betrieb oder die Verf\u00fcgbarkeit des Dienstes oder der darin enthaltenen Informationen, Inhalte und Materialien oder Produkte; (ii) dass der Dienst ununterbrochen oder fehlerfrei funktioniert; (iii) in Bezug auf die Genauigkeit, Zuverl\u00e4ssigkeit oder Aktualit\u00e4t von Informationen oder Inhalten, die \u00fcber den Dienst bereitgestellt werden; oder (iv) dass der Dienst, seine Server, die Inhalte oder E-Mails, die von oder im Namen des Unternehmens gesendet werden, frei von Viren, Skripten, Trojanern, W\u00fcrmern, Malware, Zeitbomben oder anderen sch\u00e4dlichen Komponenten sind.<\/p>\n<p>Einige Gerichtsbarkeiten lassen den Ausschluss bestimmter Arten von Garantien oder Einschr\u00e4nkungen der anwendbaren gesetzlichen Rechte eines Verbrauchers nicht zu, so dass einige oder alle der oben genannten Ausschl\u00fcsse und Einschr\u00e4nkungen m\u00f6glicherweise nicht auf Sie zutreffen. In einem solchen Fall werden die in diesem Abschnitt dargelegten Ausschl\u00fcsse und Beschr\u00e4nkungen jedoch im gr\u00f6\u00dftm\u00f6glichen Umfang angewendet, der nach geltendem Recht durchsetzbar ist.<\/p>\n<h3>Geltendes Recht<\/h3>\n<p>F\u00fcr diese Bedingungen und Ihre Nutzung des Dienstes gelten die Gesetze des Landes unter Ausschluss der Kollisionsnormen. Ihre Nutzung der Anwendung kann auch anderen lokalen, staatlichen, nationalen oder internationalen Gesetzen unterliegen.<\/p>\n<h3>Beilegung von Streitigkeiten<\/h3>\n<p>Wenn Sie Bedenken oder Streitigkeiten bez\u00fcglich des Dienstes haben, erkl\u00e4ren Sie sich damit einverstanden, zun\u00e4chst zu versuchen, die Streitigkeit informell zu l\u00f6sen, indem Sie das Unternehmen kontaktieren.<\/p>\n<p>F\u00fcr Benutzer aus der Europ\u00e4ischen Union (EU)<\/p>\n<p>Wenn Sie ein Verbraucher aus der Europ\u00e4ischen Union sind, gelten f\u00fcr Sie die zwingenden Bestimmungen des Rechts des Landes, in dem Sie Ihren Wohnsitz haben.<\/p>\n<p>Einhaltung der Rechtsvorschriften der Vereinigten Staaten<\/p>\n<p>Sie sichern zu und gew\u00e4hrleisten, dass (i) Sie nicht in einem Land ans\u00e4ssig sind, das einem Embargo der US-Regierung unterliegt oder von der US-Regierung als \"Terroristen unterst\u00fctzendes\" Land eingestuft wurde, und (ii) Sie nicht auf einer Liste der US-Regierung mit verbotenen oder eingeschr\u00e4nkten Parteien stehen.<\/p>\n<h2>Trennbarkeit und Verzicht<\/h2>\n<h3>Trennbarkeit<\/h3>\n<p>Sollte eine Bestimmung dieser Bedingungen f\u00fcr nicht durchsetzbar oder ung\u00fcltig befunden werden, wird diese Bestimmung so ge\u00e4ndert und ausgelegt, dass die Ziele dieser Bestimmung so weit wie m\u00f6glich unter dem anwendbaren Recht erreicht werden, und die \u00fcbrigen Bestimmungen bleiben in vollem Umfang in Kraft und wirksam.<\/p>\n<h3>Verzicht<\/h3>\n<p>Sofern hierin nichts anderes bestimmt ist, hat das Vers\u00e4umnis, ein Recht auszu\u00fcben oder die Erf\u00fcllung einer Verpflichtung gem\u00e4\u00df diesen Bedingungen zu verlangen, keine Auswirkung auf die F\u00e4higkeit einer Partei, ein solches Recht auszu\u00fcben oder eine solche Erf\u00fcllung zu einem sp\u00e4teren Zeitpunkt zu verlangen, noch stellt der Verzicht auf einen Versto\u00df einen Verzicht auf einen sp\u00e4teren Versto\u00df dar.<\/p>\n<h3>\u00dcbersetzung Dolmetschen<\/h3>\n<p>Diese Allgemeinen Gesch\u00e4ftsbedingungen k\u00f6nnen \u00fcbersetzt worden sein, wenn wir sie Ihnen in unserem Service zur Verf\u00fcgung gestellt haben.<br \/>\nSie erkl\u00e4ren sich damit einverstanden, dass im Falle eines Rechtsstreits der englische Originaltext ma\u00dfgeblich ist.<\/p>\n<h3>\u00c4nderungen an diesen Bedingungen und Konditionen<\/h3>\n<p>Wir behalten uns das Recht vor, diese Bedingungen jederzeit nach unserem alleinigen Ermessen zu \u00e4ndern oder zu ersetzen. Wenn eine \u00c4nderung wesentlich ist, werden wir uns angemessen bem\u00fchen, Sie mindestens 30 Tage vor Inkrafttreten der neuen Bedingungen zu benachrichtigen. Was eine wesentliche \u00c4nderung darstellt, wird nach unserem alleinigen Ermessen bestimmt.<\/p>\n<p>Indem Sie nach Inkrafttreten dieser \u00c4nderungen weiterhin auf unseren Dienst zugreifen oder ihn nutzen, erkl\u00e4ren Sie sich mit den \u00fcberarbeiteten Bedingungen einverstanden. Wenn Sie mit den neuen Bedingungen ganz oder teilweise nicht einverstanden sind, beenden Sie bitte die Nutzung der Website und des Dienstes.<\/p>\n<h3>Kontakt<\/h3>\n<p>Wenn Sie Fragen zu diesen Allgemeinen Gesch\u00e4ftsbedingungen haben, k\u00f6nnen Sie uns kontaktieren:<\/p>\n<ul>\n<li>Besuchen Sie diese Seite auf unserer Website: https:\/\/pistas365.com\/about-us\/<\/li>\n<li>Schicken Sie uns eine E-Mail: info@pistas365.com<\/li>\n<\/ul>","protected":false},"excerpt":{"rendered":"<p>Our Terms and Conditions were last updated on 2024-02-06. Please read these terms and conditions carefully before using Our Service. Interpretation and Definitions Interpretation The words of which the initial letter is capitalized have meanings defined under the following conditions. The following definitions shall have the same meaning regardless of whether they appear in singular [&hellip;]<\/p>\n","protected":false},"author":1,"featured_media":372,"parent":0,"menu_order":0,"comment_status":"closed","ping_status":"closed","template":"","meta":{"_acf_changed":false,"footnotes":""},"tags":[],"acf":[],"_links":{"self":[{"href":"https:\/\/pistas365.com\/de\/wp-json\/wp\/v2\/pages\/413"}],"collection":[{"href":"https:\/\/pistas365.com\/de\/wp-json\/wp\/v2\/pages"}],"about":[{"href":"https:\/\/pistas365.com\/de\/wp-json\/wp\/v2\/types\/page"}],"author":[{"embeddable":true,"href":"https:\/\/pistas365.com\/de\/wp-json\/wp\/v2\/users\/1"}],"replies":[{"embeddable":true,"href":"https:\/\/pistas365.com\/de\/wp-json\/wp\/v2\/comments?post=413"}],"version-history":[{"count":2,"href":"https:\/\/pistas365.com\/de\/wp-json\/wp\/v2\/pages\/413\/revisions"}],"predecessor-version":[{"id":806,"href":"https:\/\/pistas365.com\/de\/wp-json\/wp\/v2\/pages\/413\/revisions\/806"}],"wp:featuredmedia":[{"embeddable":true,"href":"https:\/\/pistas365.com\/de\/wp-json\/wp\/v2\/media\/372"}],"wp:attachment":[{"href":"https:\/\/pistas365.com\/de\/wp-json\/wp\/v2\/media?parent=413"}],"wp:term":[{"taxonomy":"post_tag","embeddable":true,"href":"https:\/\/pistas365.com\/de\/wp-json\/wp\/v2\/tags?post=413"}],"curies":[{"name":"wp","href":"https:\/\/api.w.org\/{rel}","templated":true}]}}