{"id":366,"date":"2022-03-22T15:30:33","date_gmt":"2022-03-22T14:30:33","guid":{"rendered":"https:\/\/pistas365.com\/?page_id=366"},"modified":"2022-03-30T11:48:28","modified_gmt":"2022-03-30T09:48:28","slug":"uber-uns","status":"publish","type":"page","link":"https:\/\/pistas365.com\/de\/about-us\/","title":{"rendered":"\u00dcber uns"},"content":{"rendered":"<p><strong>Pistas365.com ist eine Buchungs- und Veranstaltungsplattform f\u00fcr Racketsport mit einem klaren Fokus. Wir wollen, dass jeder in der Welt des Schl\u00e4gersports mehr Spiel und weniger Arbeit genie\u00dft!<\/strong><\/p>\n<ul>\n<li><strong>F\u00fcr uns Spieler<\/strong> machen wir es einfach, unsere Lieblings-Schl\u00e4gersportaktivit\u00e4ten zu finden, zu buchen und zu verwalten.<\/li>\n<li><strong>F\u00fcr Sie als Unternehmer<\/strong>\u00a0Wir bieten eine Dienstleistungsplattform, die Ihnen hilft, Ihre Dienstleistungen professionell und zeitsparend zu planen, zu vermarkten, zu verkaufen, anzubieten und zu verwalten. <a href=\"https:\/\/pistas365.com\/de\/fugen-unternehmen\/\">Lesen Sie mehr...<\/a><\/li>\n<li><strong>F\u00fcr alle<\/strong> in der Schl\u00e4gersport-Gemeinschaft wollen wir einen Raum schaffen, in dem wir uns vernetzen und die Schl\u00e4gersportwelt zu einem noch besseren Ort machen k\u00f6nnen, um zu spielen.<\/li>\n<\/ul>\n<p><strong>Willkommen bei<\/strong> die Familie. Das Spiel beginnt!<\/p>","protected":false},"excerpt":{"rendered":"<p>Pistas365.com is a racket sport booking and events platform with a clear focus. We want everybody in the racket sport world to enjoy more play and less work! For us players we make it easy to find, book and manage our favorite racket sport activities. For you business owners\u00a0we provide a service platform that helps [&hellip;]<\/p>\n","protected":false},"author":1,"featured_media":372,"parent":0,"menu_order":0,"comment_status":"closed","ping_status":"closed","template":"","meta":{"_acf_changed":false,"footnotes":""},"tags":[],"acf":[],"_links":{"self":[{"href":"https:\/\/pistas365.com\/de\/wp-json\/wp\/v2\/pages\/366"}],"collection":[{"href":"https:\/\/pistas365.com\/de\/wp-json\/wp\/v2\/pages"}],"about":[{"href":"https:\/\/pistas365.com\/de\/wp-json\/wp\/v2\/types\/page"}],"author":[{"embeddable":true,"href":"https:\/\/pistas365.com\/de\/wp-json\/wp\/v2\/users\/1"}],"replies":[{"embeddable":true,"href":"https:\/\/pistas365.com\/de\/wp-json\/wp\/v2\/comments?post=366"}],"version-history":[{"count":0,"href":"https:\/\/pistas365.com\/de\/wp-json\/wp\/v2\/pages\/366\/revisions"}],"wp:featuredmedia":[{"embeddable":true,"href":"https:\/\/pistas365.com\/de\/wp-json\/wp\/v2\/media\/372"}],"wp:attachment":[{"href":"https:\/\/pistas365.com\/de\/wp-json\/wp\/v2\/media?parent=366"}],"wp:term":[{"taxonomy":"post_tag","embeddable":true,"href":"https:\/\/pistas365.com\/de\/wp-json\/wp\/v2\/tags?post=366"}],"curies":[{"name":"wp","href":"https:\/\/api.w.org\/{rel}","templated":true}]}}