{"id":35,"date":"2022-02-01T13:23:24","date_gmt":"2022-02-01T13:23:24","guid":{"rendered":"https:\/\/pistas365.com\/?page_id=35"},"modified":"2022-03-30T11:04:41","modified_gmt":"2022-03-30T09:04:41","slug":"badminton","status":"publish","type":"page","link":"https:\/\/pistas365.com\/de\/badminton\/","title":{"rendered":"Badmintonpl\u00e4tze und Aktivit\u00e4ten in Ihrer N\u00e4he!"},"content":{"rendered":"<p style=\"text-align: center;\"><strong>Finden Sie Badmintonhallen, -pl\u00e4tze und -trainer in Ihrer N\u00e4he und mischen Sie mit!<\/strong><\/p>\n<p style=\"text-align: center;\">Liebe Badminton-Fans! Der Zuspruch zu unserer Seite ist \u00fcberw\u00e4ltigend und wir sind gerade dabei, viele Kunden in unserer Padel-Rubrik zu akquirieren. Aus diesem Grund hat es eine kleine Verz\u00f6gerung mit unserer Badminton-Seite gegeben. Wir entschuldigen uns f\u00fcr diese Unannehmlichkeiten, versprechen aber, unser Bestes zu tun, um die Seite in K\u00fcrze wieder zum Laufen zu bringen!<\/p>","protected":false},"excerpt":{"rendered":"<p>Find badminton venues, courts and trainers in your area and get in on the action! Dear badminton fans! The reception of our site has been overwhelming and we are currently signing up a lot of clients in our padel section. For that reason there has been a slight delay with our badminton page. We apologize [&hellip;]<\/p>\n","protected":false},"author":1,"featured_media":36,"parent":0,"menu_order":3,"comment_status":"closed","ping_status":"closed","template":"page-start.php","meta":{"_acf_changed":false,"footnotes":""},"tags":[],"acf":[],"_links":{"self":[{"href":"https:\/\/pistas365.com\/de\/wp-json\/wp\/v2\/pages\/35"}],"collection":[{"href":"https:\/\/pistas365.com\/de\/wp-json\/wp\/v2\/pages"}],"about":[{"href":"https:\/\/pistas365.com\/de\/wp-json\/wp\/v2\/types\/page"}],"author":[{"embeddable":true,"href":"https:\/\/pistas365.com\/de\/wp-json\/wp\/v2\/users\/1"}],"replies":[{"embeddable":true,"href":"https:\/\/pistas365.com\/de\/wp-json\/wp\/v2\/comments?post=35"}],"version-history":[{"count":0,"href":"https:\/\/pistas365.com\/de\/wp-json\/wp\/v2\/pages\/35\/revisions"}],"wp:featuredmedia":[{"embeddable":true,"href":"https:\/\/pistas365.com\/de\/wp-json\/wp\/v2\/media\/36"}],"wp:attachment":[{"href":"https:\/\/pistas365.com\/de\/wp-json\/wp\/v2\/media?parent=35"}],"wp:term":[{"taxonomy":"post_tag","embeddable":true,"href":"https:\/\/pistas365.com\/de\/wp-json\/wp\/v2\/tags?post=35"}],"curies":[{"name":"wp","href":"https:\/\/api.w.org\/{rel}","templated":true}]}}