{"id":28,"date":"2022-02-01T13:11:11","date_gmt":"2022-02-01T13:11:11","guid":{"rendered":"https:\/\/pistas365.com\/?page_id=28"},"modified":"2022-03-30T11:04:07","modified_gmt":"2022-03-30T09:04:07","slug":"tennis","status":"publish","type":"page","link":"https:\/\/pistas365.com\/de\/tennis\/","title":{"rendered":"Tennispl\u00e4tze und Aktivit\u00e4ten in Ihrer N\u00e4he!"},"content":{"rendered":"<p style=\"text-align: center;\"><strong>Finden Sie die Tennispl\u00e4tze und Trainer in Ihrer N\u00e4he!<\/strong><\/p>\n<p style=\"text-align: center;\">Liebe Tennisfans! Der Zuspruch zu unserer Seite ist \u00fcberw\u00e4ltigend und wir sind gerade dabei, viele Kunden in unserem Padel-Bereich zu gewinnen. Aus diesem Grund gibt es eine kleine Verz\u00f6gerung mit unserer Tennisseite. Wir entschuldigen uns f\u00fcr diese Unannehmlichkeiten, versprechen aber, unser Bestes zu tun, um die Seite in K\u00fcrze wieder zum Laufen zu bringen!<\/p>","protected":false},"excerpt":{"rendered":"<p>Find the tennis venues, courts, and trainers near you! Dear tennis fans! The reception of our site has been overwhelming and we are currently signing up a lot of clients in our padel section. For that reason there has been a slight delay with our tennis page. We apologize for this inconvenience but promise to [&hellip;]<\/p>\n","protected":false},"author":1,"featured_media":30,"parent":0,"menu_order":1,"comment_status":"closed","ping_status":"closed","template":"page-start.php","meta":{"_acf_changed":false,"footnotes":""},"tags":[],"acf":[],"_links":{"self":[{"href":"https:\/\/pistas365.com\/de\/wp-json\/wp\/v2\/pages\/28"}],"collection":[{"href":"https:\/\/pistas365.com\/de\/wp-json\/wp\/v2\/pages"}],"about":[{"href":"https:\/\/pistas365.com\/de\/wp-json\/wp\/v2\/types\/page"}],"author":[{"embeddable":true,"href":"https:\/\/pistas365.com\/de\/wp-json\/wp\/v2\/users\/1"}],"replies":[{"embeddable":true,"href":"https:\/\/pistas365.com\/de\/wp-json\/wp\/v2\/comments?post=28"}],"version-history":[{"count":0,"href":"https:\/\/pistas365.com\/de\/wp-json\/wp\/v2\/pages\/28\/revisions"}],"wp:featuredmedia":[{"embeddable":true,"href":"https:\/\/pistas365.com\/de\/wp-json\/wp\/v2\/media\/30"}],"wp:attachment":[{"href":"https:\/\/pistas365.com\/de\/wp-json\/wp\/v2\/media?parent=28"}],"wp:term":[{"taxonomy":"post_tag","embeddable":true,"href":"https:\/\/pistas365.com\/de\/wp-json\/wp\/v2\/tags?post=28"}],"curies":[{"name":"wp","href":"https:\/\/api.w.org\/{rel}","templated":true}]}}