{"id":6,"date":"2022-02-08T14:11:08","date_gmt":"2022-02-08T14:11:08","guid":{"rendered":"https:\/\/pistas365.com\/cosmeruiz\/?page_id=6"},"modified":"2026-03-23T09:21:32","modified_gmt":"2026-03-23T08:21:32","slug":"welcome-to-racketcenter","status":"publish","type":"page","link":"https:\/\/pistas365.com\/cosmeruiz\/sv\/","title":{"rendered":"Padeltr\u00e4ning med Cosme Ruiz"},"content":{"rendered":"<p><strong>Jag \u00e4r Cosme Ruiz, professionell padel- och tennistr\u00e4nare som bor i Almoradi. Jag erbjuder mina tj\u00e4nster i Torrevieja-regionen p\u00e5 Costa Blanca.<\/strong><\/p>\n<p>P\u00e5 den h\u00e4r sidan kan du l\u00e4sa mer om mig, de tj\u00e4nster jag erbjuder och boka dina tr\u00e4ningspass.<\/p>\n<h2>Padeltr\u00e4ning<\/h2>\n<p><strong>Jag erbjuder mina padeltr\u00e4ningstj\u00e4nster p\u00e5 f\u00f6ljande platser.<\/strong><\/p>\n<ul>\n<li><strong>Nova Park Padel<\/strong> \u2013 Torrevieja (Tisdag-L\u00f6rdag).<\/li>\n<\/ul>\n<div class=\"latepoint-book-button-wrapper wp-block-button\"><a href=\"#\" class=\"latepoint-book-button os_trigger_booking wp-block-button__link\" data-selected-agent=\"1\" data-selected-service-category=\"3\" >G\u00f6r en bokning<\/a><\/div>\n<h3>Priser och bokning<\/h3>\n<p><strong>\u00a0Jag tr\u00e4nar padelspelare p\u00e5 alla niv\u00e5er och erbjuder f\u00f6ljande tj\u00e4nster:<\/strong><\/p>\n<ul>\n<li><strong>Privatlektioner<\/strong> 60 min | pris: \u20ac35.<\/li>\n<li><strong>Privat grupptr\u00e4ning<\/strong> 60 min | 2-4 spelare | pris: 45 euro.<\/li>\n<li><strong>Betalning \u00e4r<\/strong> g\u00f6rs p\u00e5 plats och kontant. Banhyra ing\u00e5r alltid i priset.<\/li>\n<li><strong>F\u00f6r att g\u00f6ra<\/strong> en bokning klicka p\u00e5 den plats som du vill tr\u00e4na p\u00e5.<\/li>\n<\/ul>\n<div class=\"latepoint-book-button-wrapper wp-block-button\"><a href=\"#\" class=\"latepoint-book-button os_trigger_booking wp-block-button__link\" data-selected-agent=\"1\" data-selected-service-category=\"3\" >G\u00f6r en bokning<\/a><\/div>\n<p style=\"text-align: center;\">Har du n\u00e5gra problem? G\u00e5 till <a href=\"https:\/\/pistas365.com\/cosmeruiz\/help-support\/\" target=\"_blank\" rel=\"noopener\">Hj\u00e4lp-sida<\/a>.<\/p>\n<h3>Tr\u00e4narprofil<\/h3>\n<ul>\n<li><span style=\"color: #000000;\"><strong>ID<\/strong> - Cosme Ruiz, f\u00f6dd i Spanien, spansk medborgare.<\/span><\/li>\n<li><span style=\"color: #000000;\"><strong>Erfarenhet<\/strong> - Har arbetat som padeltr\u00e4nare i 12 \u00e5r och inom tennis i 15 \u00e5r. Spelar f\u00f6r n\u00e4rvarande padel p\u00e5 kategori 1-niv\u00e5.<\/span><\/li>\n<li><span style=\"color: #000000;\"><strong>Tr\u00e4narkompetens<\/strong> - Certifierad padel- och tennistr\u00e4nare genom Registry of Padel Professionals <a href=\"http:\/\/rppadel.org\/en\/\" target=\"_blank\" rel=\"noopener\">RPP<\/a>.<\/span><\/li>\n<li><span style=\"color: #000000;\"><strong>Kunder<\/strong> - spelare p\u00e5 alla niv\u00e5er, k\u00f6n och \u00e5ldrar, inklusive barn fr\u00e5n 8 \u00e5r.<\/span><\/li>\n<li><span style=\"color: #000000;\"><strong>Spr\u00e5kkunskaper<\/strong> - Spanska och grundl\u00e4ggande engelska.<\/span><\/li>\n<li><span style=\"color: #000000;\"><strong>Serviceomr\u00e5de<\/strong> &#8211; Torrevieja &#8211; Guardamar &#8211; La Marina &#8211; San Fulgencio &#8211; Quesada.<\/span><\/li>\n<\/ul>\n<h3>Kontaktuppgifter<\/h3>\n<p><strong>Cosme Ruiz<br \/>\n<a href=\"https:\/\/pistas365.com\/cosmeruiz\/customer-dashboard\/\" target=\"_blank\" rel=\"noopener\">Kundinloggning<\/a> |\u00a0<a href=\"https:\/\/pistas365.com\/cosmeruiz\/help-support\/\" target=\"_blank\" rel=\"noopener\">Hj\u00e4lp och support<\/a><\/strong><br \/>\nTfn: +34 696 55 42 75<\/p>","protected":false},"excerpt":{"rendered":"<p>I am Cosme Ruiz, professional padel trainer living in Almoradi. I offer my training services in the Torrevieja region. On this page you can read more about me, the services that I offer and RESERVE your training sessions. Padel training I offer my padel training services at the following places. Nova Park Padel &#8211; Torrevieja [&hellip;]<\/p>\n","protected":false},"author":1,"featured_media":253,"parent":0,"menu_order":0,"comment_status":"closed","ping_status":"closed","template":"","meta":{"_acf_changed":false,"footnotes":""},"tags":[],"acf":[],"_links":{"self":[{"href":"https:\/\/pistas365.com\/cosmeruiz\/sv\/wp-json\/wp\/v2\/pages\/6"}],"collection":[{"href":"https:\/\/pistas365.com\/cosmeruiz\/sv\/wp-json\/wp\/v2\/pages"}],"about":[{"href":"https:\/\/pistas365.com\/cosmeruiz\/sv\/wp-json\/wp\/v2\/types\/page"}],"author":[{"embeddable":true,"href":"https:\/\/pistas365.com\/cosmeruiz\/sv\/wp-json\/wp\/v2\/users\/1"}],"replies":[{"embeddable":true,"href":"https:\/\/pistas365.com\/cosmeruiz\/sv\/wp-json\/wp\/v2\/comments?post=6"}],"version-history":[{"count":3,"href":"https:\/\/pistas365.com\/cosmeruiz\/sv\/wp-json\/wp\/v2\/pages\/6\/revisions"}],"predecessor-version":[{"id":398,"href":"https:\/\/pistas365.com\/cosmeruiz\/sv\/wp-json\/wp\/v2\/pages\/6\/revisions\/398"}],"wp:featuredmedia":[{"embeddable":true,"href":"https:\/\/pistas365.com\/cosmeruiz\/sv\/wp-json\/wp\/v2\/media\/253"}],"wp:attachment":[{"href":"https:\/\/pistas365.com\/cosmeruiz\/sv\/wp-json\/wp\/v2\/media?parent=6"}],"wp:term":[{"taxonomy":"post_tag","embeddable":true,"href":"https:\/\/pistas365.com\/cosmeruiz\/sv\/wp-json\/wp\/v2\/tags?post=6"}],"curies":[{"name":"wp","href":"https:\/\/api.w.org\/{rel}","templated":true}]}}