{"id":6,"date":"2022-02-08T14:11:08","date_gmt":"2022-02-08T14:11:08","guid":{"rendered":"https:\/\/pistas365.com\/cosmeruiz\/?page_id=6"},"modified":"2026-03-23T09:21:32","modified_gmt":"2026-03-23T08:21:32","slug":"welcome-to-racketcenter","status":"publish","type":"page","link":"https:\/\/pistas365.com\/cosmeruiz\/es\/","title":{"rendered":"Entrenamiento de p\u00e1del con Cosme Ruiz"},"content":{"rendered":"<p><strong>I am Cosme Ruiz, professional padel trainer living in Almoradi. I offer my training services in the Torrevieja region.<\/strong><\/p>\n<p>En esta p\u00e1gina puedes leer m\u00e1s sobre m\u00ed, los servicios que ofrezco y RESERVAR tus sesiones de entrenamiento.<\/p>\n<h2>Entrenamiento de p\u00e1del<\/h2>\n<p><strong>Ofrezco mis servicios de entrenamiento de p\u00e1del en los siguientes lugares.<\/strong><\/p>\n<ul>\n<li><strong>Nova Park Padel<\/strong> &#8211; Torrevieja (Tuesday-Saturday).<\/li>\n<\/ul>\n<div class=\"latepoint-book-button-wrapper wp-block-button\"><a href=\"#\" class=\"latepoint-book-button os_trigger_booking wp-block-button__link\" data-selected-agent=\"1\" data-selected-service-category=\"3\" >Hacer una reserva<\/a><\/div>\n<h3>Precios y reservas<\/h3>\n<p><strong>\u00a0Entreno a jugadores de p\u00e1del de todos los niveles y ofrezco los siguientes servicios:<\/strong><\/p>\n<ul>\n<li><strong>Clases privadas<\/strong> 60 min | precio: 35 \u20ac.<\/li>\n<li><strong>Clase privada en grupo<\/strong> 60 min | 2-4 jugadores | precio: 45 \u20ac.<\/li>\n<li><strong>El pago es<\/strong> efectuadas in situ y en efectivo. El alquiler de la pista siempre est\u00e1 incluido en el precio.<\/li>\n<li><strong>Para hacer<\/strong> una reserva haga clic en la ubicaci\u00f3n que desea utilizar.<\/li>\n<\/ul>\n<div class=\"latepoint-book-button-wrapper wp-block-button\"><a href=\"#\" class=\"latepoint-book-button os_trigger_booking wp-block-button__link\" data-selected-agent=\"1\" data-selected-service-category=\"3\" >Hacer una reserva<\/a><\/div>\n<p style=\"text-align: center;\">\u00bfAlg\u00fan problema? Dir\u00edjase al <a href=\"https:\/\/pistas365.com\/cosmeruiz\/help-support\/\" target=\"_blank\" rel=\"noopener\">p\u00e1gina de ayuda<\/a>.<\/p>\n<h3>Perfil del entrenador<\/h3>\n<ul>\n<li><span style=\"color: #000000;\"><strong>ID<\/strong> - Cosme Ruiz, nacido en Espa\u00f1a, de nacionalidad espa\u00f1ola.<\/span><\/li>\n<li><span style=\"color: #000000;\"><strong>Experiencia<\/strong> - Trabaja como entrenador de p\u00e1del desde hace 12 a\u00f1os y en el tenis desde hace 15. Actualmente juega al p\u00e1del en un nivel de categor\u00eda 1.<\/span><\/li>\n<li><span style=\"color: #000000;\"><strong>Credenciales de entrenador<\/strong> - Entrenador certificado de p\u00e1del y tenis a trav\u00e9s del Registro de Profesionales del P\u00e1del - <a href=\"http:\/\/rppadel.org\/en\/\" target=\"_blank\" rel=\"noopener\">RPP<\/a>.<\/span><\/li>\n<li><span style=\"color: #000000;\"><strong>Clientes<\/strong> - jugadores de todos los niveles, sexos y edades, incluidos ni\u00f1os a partir de 8 a\u00f1os.<\/span><\/li>\n<li><span style=\"color: #000000;\"><strong>Conocimientos de idiomas<\/strong> - Espa\u00f1ol e ingl\u00e9s b\u00e1sico.<\/span><\/li>\n<li><span style=\"color: #000000;\"><strong>\u00c1rea de servicio<\/strong> &#8211; Torrevieja &#8211; Guardamar &#8211; La Marina &#8211; San Fulgencio &#8211; Quesada.<\/span><\/li>\n<\/ul>\n<h3>Informaci\u00f3n de contacto<\/h3>\n<p><strong>Cosme Ruiz<br \/>\n<a href=\"https:\/\/pistas365.com\/cosmeruiz\/customer-dashboard\/\" target=\"_blank\" rel=\"noopener\">Acceso de clientes<\/a> |\u00a0<a href=\"https:\/\/pistas365.com\/cosmeruiz\/help-support\/\" target=\"_blank\" rel=\"noopener\">Ayuda y asistencia<\/a><\/strong><br \/>\nTel: +34 696 55 42 75<\/p>","protected":false},"excerpt":{"rendered":"<p>I am Cosme Ruiz, professional padel trainer living in Almoradi. I offer my training services in the Torrevieja region. On this page you can read more about me, the services that I offer and RESERVE your training sessions. Padel training I offer my padel training services at the following places. Nova Park Padel &#8211; Torrevieja [&hellip;]<\/p>\n","protected":false},"author":1,"featured_media":253,"parent":0,"menu_order":0,"comment_status":"closed","ping_status":"closed","template":"","meta":{"_acf_changed":false,"footnotes":""},"tags":[],"acf":[],"_links":{"self":[{"href":"https:\/\/pistas365.com\/cosmeruiz\/es\/wp-json\/wp\/v2\/pages\/6"}],"collection":[{"href":"https:\/\/pistas365.com\/cosmeruiz\/es\/wp-json\/wp\/v2\/pages"}],"about":[{"href":"https:\/\/pistas365.com\/cosmeruiz\/es\/wp-json\/wp\/v2\/types\/page"}],"author":[{"embeddable":true,"href":"https:\/\/pistas365.com\/cosmeruiz\/es\/wp-json\/wp\/v2\/users\/1"}],"replies":[{"embeddable":true,"href":"https:\/\/pistas365.com\/cosmeruiz\/es\/wp-json\/wp\/v2\/comments?post=6"}],"version-history":[{"count":3,"href":"https:\/\/pistas365.com\/cosmeruiz\/es\/wp-json\/wp\/v2\/pages\/6\/revisions"}],"predecessor-version":[{"id":398,"href":"https:\/\/pistas365.com\/cosmeruiz\/es\/wp-json\/wp\/v2\/pages\/6\/revisions\/398"}],"wp:featuredmedia":[{"embeddable":true,"href":"https:\/\/pistas365.com\/cosmeruiz\/es\/wp-json\/wp\/v2\/media\/253"}],"wp:attachment":[{"href":"https:\/\/pistas365.com\/cosmeruiz\/es\/wp-json\/wp\/v2\/media?parent=6"}],"wp:term":[{"taxonomy":"post_tag","embeddable":true,"href":"https:\/\/pistas365.com\/cosmeruiz\/es\/wp-json\/wp\/v2\/tags?post=6"}],"curies":[{"name":"wp","href":"https:\/\/api.w.org\/{rel}","templated":true}]}}