{"id":6,"date":"2022-02-08T14:11:08","date_gmt":"2022-02-08T14:11:08","guid":{"rendered":"https:\/\/pistas365.com\/chelupadelcoach\/?page_id=6"},"modified":"2024-10-01T09:41:29","modified_gmt":"2024-10-01T07:41:29","slug":"welcome-to-racketcenter","status":"publish","type":"page","link":"https:\/\/pistas365.com\/chelupadelcoach\/sv\/","title":{"rendered":"V\u00e4lkommen till Chelu Padel Training!"},"content":{"rendered":"<p><strong>Jag \u00e4r J\u00f2se Luis \"Chelu\" Velasco, professionell padeltr\u00e4nare sedan 2014 i Torrevieja.<\/strong><\/p>\n<p>P\u00e5 den h\u00e4r sidan kan du l\u00e4sa mer om mig, de tj\u00e4nster jag erbjuder och boka dina tr\u00e4ningspass.<\/p>\n<h2>Tr\u00e4ningstj\u00e4nster f\u00f6r padel<\/h2>\n<p>Jag erbjuder mina tr\u00e4ningstj\u00e4nster i Torrevieja-regionen. Jag tr\u00e4nar spelare p\u00e5 alla niv\u00e5er och erbjuder f\u00f6ljande:<\/p>\n<ul>\n<li><strong>Privatlektioner<\/strong> 60 min | pris: 30 \u20ac.<\/li>\n<li><strong>Privat grupptr\u00e4ning<\/strong> 60 min | 2-4 spelare | pris: \u20ac39 per grupp.<\/li>\n<\/ul>\n<p style=\"text-align: center;\"><strong><span style=\"color: #ff0000;\">OBS! <\/span><\/strong>Jag arbetar f\u00f6r n\u00e4rvarande p\u00e5 ett internationellt uppdrag. Ist\u00e4llet kan du boka dina utbildningar med <a href=\"https:\/\/pistas365.com\/cosmeruiz\/\">Cosme Ruiz<\/a>.<\/p>\n<h3>Tr\u00e4narprofil<\/h3>\n<ul>\n<li><strong>ID<\/strong> - J\u00f2se Luis Velasco, f\u00f6dd 1979, spansk medborgare.<\/li>\n<li><strong>Padel erfarenhet<\/strong> - Har spelat padel i 20 \u00e5r och arbetat som padeltr\u00e4nare i 8 \u00e5r.<\/li>\n<li><strong>Tr\u00e4narkompetens<\/strong> - Certifierad padeltr\u00e4nare niv\u00e5 1 (Federacion de Padel comunidad Valenciana).<\/li>\n<li><strong>Kunder<\/strong> - Spelare p\u00e5 alla niv\u00e5er, k\u00f6n och \u00e5ldrar, \u00e4ven barn.<\/li>\n<li><strong>Spr\u00e5kkunskaper<\/strong> - Spanska och engelska.<\/li>\n<li><strong>Serviceomr\u00e5de<\/strong> - Torrevieja.<\/li>\n<\/ul>\n<h3>Kontaktuppgifter<\/h3>\n<p>J\u00f3se Luis Velasco<br \/>\nTelefon: +34 687 912 382<br \/>\nE-post: cheluvv@hotmail.com<\/p>","protected":false},"excerpt":{"rendered":"<p>I am J\u00f2se Luis &#8220;Chelu&#8221; Velasco, professional padel trainer since 2014 located in Torrevieja. On this page you can read more about me, the services that I offer and BOOK your training sessions. Padel training services I offer my training services in the Torrevieja region. I train players of all levels and offer the following: [&hellip;]<\/p>\n","protected":false},"author":1,"featured_media":164,"parent":0,"menu_order":0,"comment_status":"closed","ping_status":"closed","template":"","meta":{"_acf_changed":false,"footnotes":""},"tags":[],"acf":[],"_links":{"self":[{"href":"https:\/\/pistas365.com\/chelupadelcoach\/sv\/wp-json\/wp\/v2\/pages\/6"}],"collection":[{"href":"https:\/\/pistas365.com\/chelupadelcoach\/sv\/wp-json\/wp\/v2\/pages"}],"about":[{"href":"https:\/\/pistas365.com\/chelupadelcoach\/sv\/wp-json\/wp\/v2\/types\/page"}],"author":[{"embeddable":true,"href":"https:\/\/pistas365.com\/chelupadelcoach\/sv\/wp-json\/wp\/v2\/users\/1"}],"replies":[{"embeddable":true,"href":"https:\/\/pistas365.com\/chelupadelcoach\/sv\/wp-json\/wp\/v2\/comments?post=6"}],"version-history":[{"count":4,"href":"https:\/\/pistas365.com\/chelupadelcoach\/sv\/wp-json\/wp\/v2\/pages\/6\/revisions"}],"predecessor-version":[{"id":226,"href":"https:\/\/pistas365.com\/chelupadelcoach\/sv\/wp-json\/wp\/v2\/pages\/6\/revisions\/226"}],"wp:featuredmedia":[{"embeddable":true,"href":"https:\/\/pistas365.com\/chelupadelcoach\/sv\/wp-json\/wp\/v2\/media\/164"}],"wp:attachment":[{"href":"https:\/\/pistas365.com\/chelupadelcoach\/sv\/wp-json\/wp\/v2\/media?parent=6"}],"wp:term":[{"taxonomy":"post_tag","embeddable":true,"href":"https:\/\/pistas365.com\/chelupadelcoach\/sv\/wp-json\/wp\/v2\/tags?post=6"}],"curies":[{"name":"wp","href":"https:\/\/api.w.org\/{rel}","templated":true}]}}