{"id":6,"date":"2022-02-08T14:11:08","date_gmt":"2022-02-08T14:11:08","guid":{"rendered":"https:\/\/pistas365.com\/chelupadelcoach\/?page_id=6"},"modified":"2024-10-01T09:41:29","modified_gmt":"2024-10-01T07:41:29","slug":"welcome-to-racketcenter","status":"publish","type":"page","link":"https:\/\/pistas365.com\/chelupadelcoach\/fr\/","title":{"rendered":"Bienvenue \u00e0 Chelu Padel Training !"},"content":{"rendered":"<p><strong>Je suis J\u00f2se Luis \"Chelu\" Velasco, entra\u00eeneur professionnel de padel depuis 2014 situ\u00e9 \u00e0 Torrevieja.<\/strong><\/p>\n<p>Sur cette page, vous pouvez en savoir plus sur moi, les services que je propose et r\u00e9server vos s\u00e9ances de formation.<\/p>\n<h2>Services de formation au padel<\/h2>\n<p>Je propose mes services d'entra\u00eenement dans la r\u00e9gion de Torrevieja. J'entra\u00eene des joueurs de tous niveaux et propose les services suivants :<\/p>\n<ul>\n<li><strong>Cours priv\u00e9s<\/strong> 60 min | prix : 30 \u20ac.<\/li>\n<li><strong>Formation en groupe priv\u00e9<\/strong> 60 min | 2-4 joueurs | prix  \u20ac39 par groupe.<\/li>\n<\/ul>\n<p style=\"text-align: center;\"><strong><span style=\"color: #ff0000;\">REMARQUE ! <\/span><\/strong>Je travaille actuellement sur une mission internationale. A la place, vous pouvez r\u00e9server vos formations aupr\u00e8s de <a href=\"https:\/\/pistas365.com\/cosmeruiz\/\">Cosme Ruiz<\/a>.<\/p>\n<h3>Profil du formateur<\/h3>\n<ul>\n<li><strong>ID<\/strong> - J\u00f2se Luis Velasco, n\u00e9 en 1979, de nationalit\u00e9 espagnole.<\/li>\n<li><strong>Exp\u00e9rience du padel<\/strong> - Je joue au padel depuis 20 ans et je travaille comme entra\u00eeneur de padel depuis 8 ans.<\/li>\n<li><strong>R\u00e9f\u00e9rences du formateur<\/strong> - Entra\u00eeneur de padel certifi\u00e9 niveau 1 (Federacion de Padel comunidad Valenciana).<\/li>\n<li><strong>Clients<\/strong> - Les joueurs de tous niveaux, sexes et \u00e2ges, y compris les enfants.<\/li>\n<li><strong>Comp\u00e9tences linguistiques<\/strong> - Espagnol et anglais.<\/li>\n<li><strong>Zone de service<\/strong> - Torrevieja.<\/li>\n<\/ul>\n<h3>Informations de contact<\/h3>\n<p>J\u00f3se Luis Velasco<br \/>\nT\u00e9l\u00e9phone : +34 687 912 382<br \/>\nCourriel : cheluvv@hotmail.com<\/p>","protected":false},"excerpt":{"rendered":"<p>I am J\u00f2se Luis &#8220;Chelu&#8221; Velasco, professional padel trainer since 2014 located in Torrevieja. On this page you can read more about me, the services that I offer and BOOK your training sessions. Padel training services I offer my training services in the Torrevieja region. I train players of all levels and offer the following: [&hellip;]<\/p>\n","protected":false},"author":1,"featured_media":164,"parent":0,"menu_order":0,"comment_status":"closed","ping_status":"closed","template":"","meta":{"_acf_changed":false,"footnotes":""},"tags":[],"acf":[],"_links":{"self":[{"href":"https:\/\/pistas365.com\/chelupadelcoach\/fr\/wp-json\/wp\/v2\/pages\/6"}],"collection":[{"href":"https:\/\/pistas365.com\/chelupadelcoach\/fr\/wp-json\/wp\/v2\/pages"}],"about":[{"href":"https:\/\/pistas365.com\/chelupadelcoach\/fr\/wp-json\/wp\/v2\/types\/page"}],"author":[{"embeddable":true,"href":"https:\/\/pistas365.com\/chelupadelcoach\/fr\/wp-json\/wp\/v2\/users\/1"}],"replies":[{"embeddable":true,"href":"https:\/\/pistas365.com\/chelupadelcoach\/fr\/wp-json\/wp\/v2\/comments?post=6"}],"version-history":[{"count":4,"href":"https:\/\/pistas365.com\/chelupadelcoach\/fr\/wp-json\/wp\/v2\/pages\/6\/revisions"}],"predecessor-version":[{"id":226,"href":"https:\/\/pistas365.com\/chelupadelcoach\/fr\/wp-json\/wp\/v2\/pages\/6\/revisions\/226"}],"wp:featuredmedia":[{"embeddable":true,"href":"https:\/\/pistas365.com\/chelupadelcoach\/fr\/wp-json\/wp\/v2\/media\/164"}],"wp:attachment":[{"href":"https:\/\/pistas365.com\/chelupadelcoach\/fr\/wp-json\/wp\/v2\/media?parent=6"}],"wp:term":[{"taxonomy":"post_tag","embeddable":true,"href":"https:\/\/pistas365.com\/chelupadelcoach\/fr\/wp-json\/wp\/v2\/tags?post=6"}],"curies":[{"name":"wp","href":"https:\/\/api.w.org\/{rel}","templated":true}]}}