{"id":6,"date":"2022-02-08T14:11:08","date_gmt":"2022-02-08T14:11:08","guid":{"rendered":"https:\/\/pistas365.com\/adriancespedes\/?page_id=6"},"modified":"2024-10-01T09:37:14","modified_gmt":"2024-10-01T07:37:14","slug":"welcome-to-racketcenter","status":"publish","type":"page","link":"https:\/\/pistas365.com\/adriancespedes\/sv\/","title":{"rendered":"Padeltr\u00e4ning med Adrian Cespedes"},"content":{"rendered":"<p><strong>Jag \u00e4r Adrian Cespedes, professionell padeltr\u00e4nare sedan 2020 och jag bor i Torrevieja.<\/strong><\/p>\n<p>P\u00e5 den h\u00e4r sidan kan du l\u00e4sa mer om mig, de tj\u00e4nster jag erbjuder och boka dina tr\u00e4ningspass.<\/p>\n<h2>Tr\u00e4ningstj\u00e4nster f\u00f6r padel<\/h2>\n<p>Jag erbjuder mina tr\u00e4ningstj\u00e4nster p\u00e5 Marina International Padel i Torrevieja. Jag tr\u00e4nar spelare p\u00e5 alla niv\u00e5er och erbjuder f\u00f6ljande:<\/p>\n<ul>\n<li><strong>Privatlektioner<\/strong> 60 min | pris: 25 \u20ac.<\/li>\n<li><strong>Privat grupptr\u00e4ning<\/strong> 60 min | 2-4 spelare | pris: 40 euro per grupp.<\/li>\n<li><strong>Banhyra<\/strong> ing\u00e5r alltid i priset!<\/li>\n<\/ul>\n<p style=\"text-align: center;\"><span style=\"color: #ff0000;\"><strong>OBS!<\/strong> <\/span>F\u00f6r n\u00e4rvarande kan jag inte ta emot n\u00e5gra nya bokningar. Du kan dock boka padel-lektioner i Torrevieja-omr\u00e5det med professionell padel-tr\u00e4nare Cosme Ruiz p\u00e5 <a href=\"https:\/\/pistas365.com\/cosmeruiz\/\">hans webbsida<\/a>.<\/p>\n<h3>Tr\u00e4narprofil<\/h3>\n<p><img loading=\"lazy\" decoding=\"async\" class=\"aligncenter size-full wp-image-221\" src=\"https:\/\/pistas365.com\/adriancespedes\/wp-content\/uploads\/sites\/23\/padel-coach.jpg\" alt=\"Padel Coach, Marina International\" width=\"988\" height=\"466\" srcset=\"https:\/\/pistas365.com\/adriancespedes\/wp-content\/uploads\/sites\/23\/padel-coach.jpg 988w, https:\/\/pistas365.com\/adriancespedes\/wp-content\/uploads\/sites\/23\/padel-coach-300x141.jpg 300w, https:\/\/pistas365.com\/adriancespedes\/wp-content\/uploads\/sites\/23\/padel-coach-768x362.jpg 768w, https:\/\/pistas365.com\/adriancespedes\/wp-content\/uploads\/sites\/23\/padel-coach-18x8.jpg 18w, https:\/\/pistas365.com\/adriancespedes\/wp-content\/uploads\/sites\/23\/padel-coach-360x170.jpg 360w\" sizes=\"(max-width: 988px) 100vw, 988px\" \/><\/p>\n<ul>\n<li><strong>ID<\/strong> - Adrian Cespedes, f\u00f6dd i Torrevieja, spansk medborgare.<\/li>\n<li><strong>Padel erfarenhet<\/strong> - Har spelat padel i 6 \u00e5r och arbetat som padeltr\u00e4nare i 3 \u00e5r. \u00c4r f\u00f6r n\u00e4rvarande en f\u00f6rbundspadelspelare av Valencias Padelf\u00f6rbund.<\/li>\n<li><strong>Tr\u00e4narkompetens<\/strong> - Certifierad padeltr\u00e4nare, examen i fysisk aktivitet och idrottsvetenskap med en h\u00f6gre examen i fysisk idrottsvetenskap. F\u00f6r n\u00e4rvarande anst\u00e4lld som padeltr\u00e4nare vid Forus Elche-skolan.<\/li>\n<li><strong>Kunder<\/strong> - Spelare p\u00e5 alla niv\u00e5er, k\u00f6n och \u00e5ldrar, inklusive barn fr\u00e5n 12 \u00e5r.<\/li>\n<li><strong>Spr\u00e5kkunskaper<\/strong> - Spanska och grundl\u00e4ggande engelska.<\/li>\n<li><strong>Serviceomr\u00e5de<\/strong> - Torrevieja.<\/li>\n<\/ul>\n<h3>Kontaktuppgifter<\/h3>\n<p>Adrian Cespedes<br \/>\nTelefon: +34 649 61 93 40<br \/>\nE-post: adriancespedes06@gmail.com<\/p>","protected":false},"excerpt":{"rendered":"<p>I am Adrian Cespedes, professional padel trainer since 2020 located in Torrevieja. On this page you can read more about me, the services that I offer and BOOK your training sessions. Padel training services I offer my training services at Marina International Padel in Torrevieja. I train players of all levels and offer the following: [&hellip;]<\/p>\n","protected":false},"author":1,"featured_media":212,"parent":0,"menu_order":0,"comment_status":"closed","ping_status":"closed","template":"","meta":{"_acf_changed":false,"footnotes":""},"tags":[],"acf":[],"_links":{"self":[{"href":"https:\/\/pistas365.com\/adriancespedes\/sv\/wp-json\/wp\/v2\/pages\/6"}],"collection":[{"href":"https:\/\/pistas365.com\/adriancespedes\/sv\/wp-json\/wp\/v2\/pages"}],"about":[{"href":"https:\/\/pistas365.com\/adriancespedes\/sv\/wp-json\/wp\/v2\/types\/page"}],"author":[{"embeddable":true,"href":"https:\/\/pistas365.com\/adriancespedes\/sv\/wp-json\/wp\/v2\/users\/1"}],"replies":[{"embeddable":true,"href":"https:\/\/pistas365.com\/adriancespedes\/sv\/wp-json\/wp\/v2\/comments?post=6"}],"version-history":[{"count":3,"href":"https:\/\/pistas365.com\/adriancespedes\/sv\/wp-json\/wp\/v2\/pages\/6\/revisions"}],"predecessor-version":[{"id":255,"href":"https:\/\/pistas365.com\/adriancespedes\/sv\/wp-json\/wp\/v2\/pages\/6\/revisions\/255"}],"wp:featuredmedia":[{"embeddable":true,"href":"https:\/\/pistas365.com\/adriancespedes\/sv\/wp-json\/wp\/v2\/media\/212"}],"wp:attachment":[{"href":"https:\/\/pistas365.com\/adriancespedes\/sv\/wp-json\/wp\/v2\/media?parent=6"}],"wp:term":[{"taxonomy":"post_tag","embeddable":true,"href":"https:\/\/pistas365.com\/adriancespedes\/sv\/wp-json\/wp\/v2\/tags?post=6"}],"curies":[{"name":"wp","href":"https:\/\/api.w.org\/{rel}","templated":true}]}}