{"id":6,"date":"2022-02-08T14:11:08","date_gmt":"2022-02-08T14:11:08","guid":{"rendered":"https:\/\/pistas365.com\/adriancespedes\/?page_id=6"},"modified":"2024-10-01T09:37:14","modified_gmt":"2024-10-01T07:37:14","slug":"welcome-to-racketcenter","status":"publish","type":"page","link":"https:\/\/pistas365.com\/adriancespedes\/es\/","title":{"rendered":"Entrenamiento de p\u00e1del con Adri\u00e1n C\u00e9spedes"},"content":{"rendered":"<p><strong>Soy Adri\u00e1n C\u00e9spedes, entrenador profesional de p\u00e1del desde 2020 ubicado en Torrevieja.<\/strong><\/p>\n<p>En esta p\u00e1gina puedes leer m\u00e1s sobre m\u00ed, los servicios que ofrezco y RESERVAR tus sesiones de entrenamiento.<\/p>\n<h2>Servicios de entrenamiento de p\u00e1del<\/h2>\n<p>Ofrezco mis servicios de entrenamiento en Marina International Padel en Torrevieja. Entreno a jugadores de todos los niveles y ofrezco lo siguiente:<\/p>\n<ul>\n<li><strong>Clases privadas<\/strong> 60 min | precio: 25 \u20ac.<\/li>\n<li><strong>Clase privada en grupo<\/strong> 60 min | 2-4 jugadores | precio: 40 euros por grupo.<\/li>\n<li><strong>Alquiler de pista<\/strong> siempre est\u00e1 incluido en el precio.<\/li>\n<\/ul>\n<p style=\"text-align: center;\"><span style=\"color: #ff0000;\"><strong>\u00a1AVISO!<\/strong> <\/span>Por el momento no puedo aceptar nuevas reservas. Sin embargo, puede reservar clases de p\u00e1del en la zona de Torrevieja con el entrenador profesional de p\u00e1del Cosme Ruiz en <a href=\"https:\/\/pistas365.com\/cosmeruiz\/\">su p\u00e1gina web<\/a>.<\/p>\n<h3>Perfil del entrenador<\/h3>\n<p><img loading=\"lazy\" decoding=\"async\" class=\"aligncenter size-full wp-image-221\" src=\"https:\/\/pistas365.com\/adriancespedes\/wp-content\/uploads\/sites\/23\/padel-coach.jpg\" alt=\"Padel Coach en Marina Internacional\" width=\"988\" height=\"466\" srcset=\"https:\/\/pistas365.com\/adriancespedes\/wp-content\/uploads\/sites\/23\/padel-coach.jpg 988w, https:\/\/pistas365.com\/adriancespedes\/wp-content\/uploads\/sites\/23\/padel-coach-300x141.jpg 300w, https:\/\/pistas365.com\/adriancespedes\/wp-content\/uploads\/sites\/23\/padel-coach-768x362.jpg 768w, https:\/\/pistas365.com\/adriancespedes\/wp-content\/uploads\/sites\/23\/padel-coach-18x8.jpg 18w, https:\/\/pistas365.com\/adriancespedes\/wp-content\/uploads\/sites\/23\/padel-coach-360x170.jpg 360w\" sizes=\"(max-width: 988px) 100vw, 988px\" \/><\/p>\n<ul>\n<li><strong>ID<\/strong> - Adri\u00e1n C\u00e9spedes, nacido en Torrevieja, de nacionalidad espa\u00f1ola.<\/li>\n<li><strong>Experiencia en p\u00e1del<\/strong> - Juega al p\u00e1del desde hace 6 a\u00f1os y trabaja como entrenador de p\u00e1del desde hace 3 a\u00f1os. Actualmente es jugador de p\u00e1del federado por la Federaci\u00f3n de P\u00e1del de la Comunidad Valenciana.<\/li>\n<li><strong>Credenciales de entrenador<\/strong> - Entrenador de p\u00e1del titulado, licenciado en ciencias de la actividad f\u00edsica y del deporte con grado superior en ciencias f\u00edsico deportivas. Actualmente trabaja como entrenador de p\u00e1del en la Escuela Forus Elche.<\/li>\n<li><strong>Clientes<\/strong> - jugadores de todos los niveles, sexos y edades, incluidos ni\u00f1os a partir de 12 a\u00f1os.<\/li>\n<li><strong>Conocimientos de idiomas<\/strong> - Espa\u00f1ol e ingl\u00e9s b\u00e1sico.<\/li>\n<li><strong>\u00c1rea de servicio<\/strong> - Torrevieja.<\/li>\n<\/ul>\n<h3>Informaci\u00f3n de contacto<\/h3>\n<p>Adri\u00e1n C\u00e9spedes<br \/>\nTel: +34 649 61 93 40<br \/>\nCorreo electr\u00f3nico: adriancespedes06@gmail.com<\/p>","protected":false},"excerpt":{"rendered":"<p>I am Adrian Cespedes, professional padel trainer since 2020 located in Torrevieja. On this page you can read more about me, the services that I offer and BOOK your training sessions. Padel training services I offer my training services at Marina International Padel in Torrevieja. I train players of all levels and offer the following: [&hellip;]<\/p>\n","protected":false},"author":1,"featured_media":212,"parent":0,"menu_order":0,"comment_status":"closed","ping_status":"closed","template":"","meta":{"_acf_changed":false,"footnotes":""},"tags":[],"acf":[],"_links":{"self":[{"href":"https:\/\/pistas365.com\/adriancespedes\/es\/wp-json\/wp\/v2\/pages\/6"}],"collection":[{"href":"https:\/\/pistas365.com\/adriancespedes\/es\/wp-json\/wp\/v2\/pages"}],"about":[{"href":"https:\/\/pistas365.com\/adriancespedes\/es\/wp-json\/wp\/v2\/types\/page"}],"author":[{"embeddable":true,"href":"https:\/\/pistas365.com\/adriancespedes\/es\/wp-json\/wp\/v2\/users\/1"}],"replies":[{"embeddable":true,"href":"https:\/\/pistas365.com\/adriancespedes\/es\/wp-json\/wp\/v2\/comments?post=6"}],"version-history":[{"count":3,"href":"https:\/\/pistas365.com\/adriancespedes\/es\/wp-json\/wp\/v2\/pages\/6\/revisions"}],"predecessor-version":[{"id":255,"href":"https:\/\/pistas365.com\/adriancespedes\/es\/wp-json\/wp\/v2\/pages\/6\/revisions\/255"}],"wp:featuredmedia":[{"embeddable":true,"href":"https:\/\/pistas365.com\/adriancespedes\/es\/wp-json\/wp\/v2\/media\/212"}],"wp:attachment":[{"href":"https:\/\/pistas365.com\/adriancespedes\/es\/wp-json\/wp\/v2\/media?parent=6"}],"wp:term":[{"taxonomy":"post_tag","embeddable":true,"href":"https:\/\/pistas365.com\/adriancespedes\/es\/wp-json\/wp\/v2\/tags?post=6"}],"curies":[{"name":"wp","href":"https:\/\/api.w.org\/{rel}","templated":true}]}}